{"id":4760,"date":"2024-04-19T16:51:59","date_gmt":"2024-04-19T16:51:59","guid":{"rendered":"https:\/\/cooling.is\/?post_type=product&#038;p=4760"},"modified":"2024-04-19T17:51:58","modified_gmt":"2024-04-19T17:51:58","slug":"ki-10tf-flake-ice-machine","status":"publish","type":"product","link":"https:\/\/cooling.is\/en\/product\/ki-10tf-flake-ice-machine\/","title":{"rendered":"KI-10TF Flake Ice Machine"},"content":{"rendered":"<h1>KI-10TF Flake Ice Machine<\/h1>\n<p>Flake ice Machines from Kaeling are perfect for all kinds of fish processing, ice sales companies, meat processors and other companies that want to use flake ice for cooling.<\/p>\n<p>The KI-10TF is a Flake Ice Machine with a production capacity of 10 tons per day with the best energy efficiency available. Up to 28% less electricity consumption in the production of each ton of flake ice compared to other machines. This machine is smaller in physical size but has the same performance as larger machines. High-quality and reliable Flake Ice Machines that withstand the stress and requirements for more economical operation.<\/p>\n<p>It is possible to choose whether the flake ice machine comes with:<\/p>\n<ul>\n<li>Water &#8211; cooled.<\/li>\n<li>Sea water- cooled.<\/li>\n<li>Air- cooled.<\/li>\n<\/ul>\n<p>&nbsp;<\/p>\n<table>\n<tbody>\n<tr>\n<td><strong>Flake ice production capacity: <\/strong><\/td>\n<td>\u00a010 tons \/24 hours.<\/td>\n<\/tr>\n<tr>\n<td><strong>Thickness of ice flakes:\u00a0<\/strong><\/td>\n<td>\u00a01,8 &#8211; 2,2mm.<\/td>\n<\/tr>\n<tr>\n<td><strong>Temperature of ice flakes: <\/strong><\/td>\n<td>\u00a0-5\u00b0<\/td>\n<\/tr>\n<tr>\n<td><strong>Flake Ice storage:<\/strong><\/td>\n<td>\u00a0Optional<\/td>\n<\/tr>\n<tr>\n<td><strong>Power:\u00a0<\/strong><\/td>\n<td>3 x 400V \u2013 50\/60Hz<\/td>\n<\/tr>\n<tr>\n<td><strong>Power consumption:\u00a0<\/strong><\/td>\n<td>\u00a075kWH pr. tonn<\/td>\n<\/tr>\n<tr>\n<td><strong>Refrigeration capacity:\u00a0<\/strong><\/td>\n<td>\u00a058.1kW<\/td>\n<\/tr>\n<tr>\n<td><strong>Operating power consumption:\u00a0<\/strong><\/td>\n<td>\u00a031,25kW<\/td>\n<\/tr>\n<tr>\n<td><strong>External dimensions in mm LxBxH:\u00a0<\/strong><\/td>\n<td>2320 x 1980 x 1850 mm*<\/td>\n<\/tr>\n<tr>\n<td><strong>Weight:\u00a0<\/strong><\/td>\n<td>2.000**<\/td>\n<\/tr>\n<tr>\n<td><strong>Refrigerant:\u00a0<\/strong><\/td>\n<td>\u00a0448A\/449A<\/td>\n<\/tr>\n<tr>\n<td><strong>For performance measurement:\u00a0<\/strong><\/td>\n<td>\u00a0+25\u00b0 air temp &amp; +18\u00b0 water temp.<\/td>\n<\/tr>\n<tr>\n<td><strong>Flake Ice machine cooling:\u00a0<\/strong><\/td>\n<td>Water \/Sea water \/or Air cooling.<\/td>\n<\/tr>\n<\/tbody>\n<\/table>\n<p>* Size depends on engine cooling method<br \/>\n**Weight depends on engine cooling method<\/p>\n<h2><strong>The best energy efficiency available<\/strong><\/h2>\n<p>We claim that flake Ice machines from Kaeling have the most efficient electricity consumption in proportion to performance. The flake ice machines freeze water faster than other machines due to a unique and patented technology that improves heat conduction in the evaporator. The evaporator cools the drum where the water freezes and the ice is scraped off faster than other machines.<\/p>\n<p>&nbsp;<\/p>\n<h2><strong>More than 28% electricity savings in the production of flake ice<\/strong><\/h2>\n<p>The machines from us require less electricity to make the same amount of flake ice compared to other machines. This is best explained with an example.<\/p>\n<p>Commonly, other water-cooled flake ice machines require 105 kWH to make each ton of flake ice. The machines from Kaeling only need 75 kWH to make each ton of flake ice. The energy saving is more than 28%.<\/p>\n<p>If we take the example of a company that needs to produce 20 tons per day, and we aim for 225 working days during the year and we aim for loyalty benefits from the power company according to price list March 22, 2024. Flake ice machines from competitors have shown a need of 105kWH to produce each ton of flake ice, while machines from Kaeling need 75kWH to produce the same amount.<\/p>\n<p><strong>Then the example can look like this (105kWH \u2013 75kWH) x 20 x 225 x Euro 0.053. = Euro 7,155 including VAT which is saved in electricity consumption every year.<\/strong><\/p>\n<p>&nbsp;<\/p>\n<h2><strong>Smaller machines \u2013 more performance<\/strong><\/h2>\n<p>With the unique cooling technology of our flake ice machines, it is possible to have a smaller compressors to make the ice with the same capacity compared to other shell ice machines. The machines are therefore extremely suitable for places where there is little space or where it is important to use every square meter as well as possible.<\/p>\n<p>&nbsp;<\/p>\n<h2><strong>Quality, durability, and reliability<\/strong><\/h2>\n<p>We pride ourselves on offering quality and reliable equipment. We carefully select components and use equipment from well-known, world-renowned sources. In our flake ice machines, over 80% of the components are from well-known international brands such as Bitzer, GEA Bock, Danfoss, Schneider, etc. We also use equipment from smaller sources that meet the stated requirements. Our customers can therefore be sure that they will receive quality and reliable equipment with the best possible performance.<\/p>\n<p>Experience has shown that in a period of 12 years there have been no failures in compressors, expansion valves, evaporators or condensers.<\/p>\n<p>&nbsp;<\/p>\n<h2><strong>Short turnaround time<\/strong><\/h2>\n<p>We usually have common sizes of flake ice machines in stock, but we process special orders quickly. Delivery time for special orders can be from 4 to 6 weeks.<\/p>\n<h2>Contact us<\/h2>\n<p>Please contact us for further information.<br \/>\n\n<div class=\"wpcf7 no-js\" id=\"wpcf7-f529-o1\" lang=\"en-US\" dir=\"ltr\" data-wpcf7-id=\"529\">\n<div class=\"screen-reader-response\"><p role=\"status\" aria-live=\"polite\" aria-atomic=\"true\"><\/p> <ul><\/ul><\/div>\n<form action=\"\/en\/wp-json\/wp\/v2\/product\/4760#wpcf7-f529-o1\" method=\"post\" class=\"wpcf7-form init\" aria-label=\"Contact form\" novalidate=\"novalidate\" data-status=\"init\">\n<div style=\"display: none;\">\n<input type=\"hidden\" name=\"_wpcf7\" value=\"529\" \/>\n<input type=\"hidden\" name=\"_wpcf7_version\" value=\"6.0.3\" \/>\n<input type=\"hidden\" name=\"_wpcf7_locale\" value=\"en_US\" \/>\n<input type=\"hidden\" name=\"_wpcf7_unit_tag\" value=\"wpcf7-f529-o1\" \/>\n<input type=\"hidden\" name=\"_wpcf7_container_post\" value=\"0\" \/>\n<input type=\"hidden\" name=\"_wpcf7_posted_data_hash\" value=\"\" \/>\n<input type=\"hidden\" name=\"_wpcf7_recaptcha_response\" value=\"\" \/>\n<\/div>\n<p><label> Name (required)<br \/>\n<span class=\"wpcf7-form-control-wrap\" data-name=\"your-name\"><input size=\"40\" maxlength=\"400\" class=\"wpcf7-form-control wpcf7-text wpcf7-validates-as-required\" aria-required=\"true\" aria-invalid=\"false\" value=\"\" type=\"text\" name=\"your-name\" \/><\/span> <\/label>\n<\/p>\n<p><label> Email (required)<br \/>\n<span class=\"wpcf7-form-control-wrap\" data-name=\"your-email\"><input size=\"40\" maxlength=\"400\" class=\"wpcf7-form-control wpcf7-email wpcf7-validates-as-required wpcf7-text wpcf7-validates-as-email\" aria-required=\"true\" aria-invalid=\"false\" value=\"\" type=\"email\" name=\"your-email\" \/><\/span> <\/label>\n<\/p>\n<p><label> Subject (required)<br \/>\n<span class=\"wpcf7-form-control-wrap\" data-name=\"your-subject\"><input size=\"40\" maxlength=\"400\" class=\"wpcf7-form-control wpcf7-text\" aria-invalid=\"false\" value=\"\" type=\"text\" name=\"your-subject\" \/><\/span> <\/label>\n<\/p>\n<p><label> Message (required)<br \/>\n<span class=\"wpcf7-form-control-wrap\" data-name=\"your-message\"><textarea cols=\"40\" rows=\"10\" maxlength=\"2000\" class=\"wpcf7-form-control wpcf7-textarea\" aria-invalid=\"false\" name=\"your-message\"><\/textarea><\/span> <\/label><br \/>\n<span class=\"wpcf7-form-control-wrap recaptcha\" data-name=\"recaptcha\"><span data-sitekey=\"6LelyLoUAAAAAOgeRLNzE2ceK52-jK_Vkz5NK7IC\" data-theme=\"dark\" data-align=\"right\" class=\"wpcf7-form-control wpcf7-recaptcha g-recaptcha\"><\/span>\r\n<noscript>\r\n\t<div class=\"grecaptcha-noscript\">\r\n\t\t<iframe src=\"https:\/\/www.google.com\/recaptcha\/api\/fallback?k=6LelyLoUAAAAAOgeRLNzE2ceK52-jK_Vkz5NK7IC\" frameborder=\"0\" scrolling=\"no\" width=\"310\" height=\"430\">\r\n\t\t<\/iframe>\r\n\t\t<textarea name=\"g-recaptcha-response\" rows=\"3\" cols=\"40\" placeholder=\"reCaptcha Response Here\">\r\n\t\t<\/textarea>\r\n\t<\/div>\r\n<\/noscript>\r\n<\/span><br \/>\n<input class=\"wpcf7-form-control wpcf7-submit has-spinner\" type=\"submit\" value=\"Send\" \/>\n<\/p><div class=\"wpcf7-response-output\" aria-hidden=\"true\"><\/div>\n<\/form>\n<\/div>\n\n<h2>About us<\/h2>\n<p>K\u00e6ling ehf. is a leading company in the field of comprehensive cooling solutions for the fishing industry. We are constantly working on enabling our customers to maximize their catch value with expert cooling at all levels. Cooling solutions from K\u00e6ling have gained a foothold both in Iceland and abroad, as they have stood the test of time for quality, reliability, performance, durability and good service.<\/p>\n","protected":false},"excerpt":{"rendered":"<div class=\"page\" title=\"Page 1\">\n<div class=\"section\">\n<div class=\"layoutArea\">\n<div class=\"column\">\n<p>The KI-10TF is a flake ice machine with a production capacity of 10 tons per day with the best energy efficiency available. Up to 28% less electricity consumption in the production of each ton of flake ice compared to other machines. This machine is smaller in physical size but has the same performance as larger machines. High-quality and reliable flake ice machines that withstand the stress and requirements for more economical operation.<\/p>\n<p>It is possible to choose whether the flake ice machine comes with:<\/p>\n<ul>\n<li>Water &#8211; cooled<\/li>\n<li>Sea water- cooled<\/li>\n<li>Air- cooled<\/li>\n<\/ul>\n<\/div>\n<\/div>\n<\/div>\n<\/div>\n","protected":false},"featured_media":4536,"comment_status":"open","ping_status":"closed","template":"","meta":[],"product_brand":[],"product_cat":[99],"product_tag":[81,82,80],"class_list":{"0":"post-4760","1":"product","2":"type-product","3":"status-publish","4":"has-post-thumbnail","6":"product_cat-flake-ice-machines","7":"product_tag-slurry-ice-machine-en","8":"product_tag-slurry-ice-machine-en-2","9":"product_tag-slurry-ice-machine","11":"first","12":"instock","13":"shipping-taxable","14":"product-type-simple"},"yoast_head":"<!-- This site is optimized with the Yoast SEO plugin v24.4 - https:\/\/yoast.com\/wordpress\/plugins\/seo\/ -->\n<title>K-20 Slurry Ice Machine with out pre-cooler<\/title>\n<meta name=\"description\" content=\"KI-10TF Flake Ice Machine with 10ton \/24klst. production capacity. Best known power concumptions pr. ton.\" \/>\n<meta name=\"robots\" content=\"index, follow, max-snippet:-1, max-image-preview:large, max-video-preview:-1\" \/>\n<link rel=\"canonical\" href=\"https:\/\/cooling.is\/en\/product\/ki-10tf-flake-ice-machine\/\" \/>\n<meta property=\"og:locale\" content=\"en_US\" \/>\n<meta property=\"og:type\" content=\"article\" \/>\n<meta property=\"og:title\" content=\"K-20 Slurry Ice Machine with out pre-cooler\" \/>\n<meta property=\"og:description\" content=\"KI-10TF Flake Ice Machine with 10ton \/24klst. production capacity. Best known power concumptions pr. ton.\" \/>\n<meta property=\"og:url\" content=\"https:\/\/cooling.is\/en\/product\/ki-10tf-flake-ice-machine\/\" \/>\n<meta property=\"og:site_name\" content=\"K\u00e6ling k\u00e6lilausnir.\" \/>\n<meta property=\"article:modified_time\" content=\"2024-04-19T17:51:58+00:00\" \/>\n<meta property=\"og:image\" content=\"https:\/\/cooling.is\/wp-content\/uploads\/2024\/03\/K-2000FW-800x800-1.png\" \/>\n\t<meta property=\"og:image:width\" content=\"800\" \/>\n\t<meta property=\"og:image:height\" content=\"800\" \/>\n\t<meta property=\"og:image:type\" content=\"image\/png\" \/>\n<meta name=\"twitter:card\" content=\"summary_large_image\" \/>\n<meta name=\"twitter:label1\" content=\"Est. reading time\" \/>\n\t<meta name=\"twitter:data1\" content=\"5 minutes\" \/>\n<script type=\"application\/ld+json\" class=\"yoast-schema-graph\">{\"@context\":\"https:\/\/schema.org\",\"@graph\":[{\"@type\":\"WebPage\",\"@id\":\"https:\/\/cooling.is\/en\/product\/ki-10tf-flake-ice-machine\/\",\"url\":\"https:\/\/cooling.is\/en\/product\/ki-10tf-flake-ice-machine\/\",\"name\":\"K-20 Slurry Ice Machine with out pre-cooler\",\"isPartOf\":{\"@id\":\"https:\/\/cooling.is\/#website\"},\"primaryImageOfPage\":{\"@id\":\"https:\/\/cooling.is\/en\/product\/ki-10tf-flake-ice-machine\/#primaryimage\"},\"image\":{\"@id\":\"https:\/\/cooling.is\/en\/product\/ki-10tf-flake-ice-machine\/#primaryimage\"},\"thumbnailUrl\":\"https:\/\/cooling.is\/wp-content\/uploads\/2024\/03\/K-2000FW-800x800-1.png\",\"datePublished\":\"2024-04-19T16:51:59+00:00\",\"dateModified\":\"2024-04-19T17:51:58+00:00\",\"description\":\"KI-10TF Flake Ice Machine with 10ton \/24klst. production capacity. Best known power concumptions pr. ton.\",\"breadcrumb\":{\"@id\":\"https:\/\/cooling.is\/en\/product\/ki-10tf-flake-ice-machine\/#breadcrumb\"},\"inLanguage\":\"en-US\",\"potentialAction\":[{\"@type\":\"ReadAction\",\"target\":[\"https:\/\/cooling.is\/en\/product\/ki-10tf-flake-ice-machine\/\"]}]},{\"@type\":\"ImageObject\",\"inLanguage\":\"en-US\",\"@id\":\"https:\/\/cooling.is\/en\/product\/ki-10tf-flake-ice-machine\/#primaryimage\",\"url\":\"https:\/\/cooling.is\/wp-content\/uploads\/2024\/03\/K-2000FW-800x800-1.png\",\"contentUrl\":\"https:\/\/cooling.is\/wp-content\/uploads\/2024\/03\/K-2000FW-800x800-1.png\",\"width\":800,\"height\":800,\"caption\":\"KI-2TFW Flake Ice Machine watercooled from Cooling\"},{\"@type\":\"BreadcrumbList\",\"@id\":\"https:\/\/cooling.is\/en\/product\/ki-10tf-flake-ice-machine\/#breadcrumb\",\"itemListElement\":[{\"@type\":\"ListItem\",\"position\":1,\"name\":\"Home\",\"item\":\"https:\/\/cooling.is\/\"},{\"@type\":\"ListItem\",\"position\":2,\"name\":\"Shop\",\"item\":\"https:\/\/cooling.is\/en\/shop\/\"},{\"@type\":\"ListItem\",\"position\":3,\"name\":\"KI-10TF Flake Ice Machine\"}]},{\"@type\":\"WebSite\",\"@id\":\"https:\/\/cooling.is\/#website\",\"url\":\"https:\/\/cooling.is\/\",\"name\":\"K\u00e6ling k\u00e6lilausnir.\",\"description\":\"Alhli\u00f0a k\u00e6lilausnir fyrir sj\u00e1var\u00fatveg og matv\u00e6lai\u00f0na\u00f0\",\"publisher\":{\"@id\":\"https:\/\/cooling.is\/#organization\"},\"potentialAction\":[{\"@type\":\"SearchAction\",\"target\":{\"@type\":\"EntryPoint\",\"urlTemplate\":\"https:\/\/cooling.is\/?s={search_term_string}\"},\"query-input\":{\"@type\":\"PropertyValueSpecification\",\"valueRequired\":true,\"valueName\":\"search_term_string\"}}],\"inLanguage\":\"en-US\"},{\"@type\":\"Organization\",\"@id\":\"https:\/\/cooling.is\/#organization\",\"name\":\"K\u00e6ling\",\"url\":\"https:\/\/cooling.is\/\",\"logo\":{\"@type\":\"ImageObject\",\"inLanguage\":\"en-US\",\"@id\":\"https:\/\/cooling.is\/#\/schema\/logo\/image\/\",\"url\":\"https:\/\/cooling.is\/wp-content\/uploads\/2018\/06\/kaeling_logo.svg\",\"contentUrl\":\"https:\/\/cooling.is\/wp-content\/uploads\/2018\/06\/kaeling_logo.svg\",\"width\":1907,\"height\":618,\"caption\":\"K\u00e6ling\"},\"image\":{\"@id\":\"https:\/\/cooling.is\/#\/schema\/logo\/image\/\"}}]}<\/script>\n<!-- \/ Yoast SEO plugin. -->","yoast_head_json":{"title":"K-20 Slurry Ice Machine with out pre-cooler","description":"KI-10TF Flake Ice Machine with 10ton \/24klst. production capacity. Best known power concumptions pr. ton.","robots":{"index":"index","follow":"follow","max-snippet":"max-snippet:-1","max-image-preview":"max-image-preview:large","max-video-preview":"max-video-preview:-1"},"canonical":"https:\/\/cooling.is\/en\/product\/ki-10tf-flake-ice-machine\/","og_locale":"en_US","og_type":"article","og_title":"K-20 Slurry Ice Machine with out pre-cooler","og_description":"KI-10TF Flake Ice Machine with 10ton \/24klst. production capacity. Best known power concumptions pr. ton.","og_url":"https:\/\/cooling.is\/en\/product\/ki-10tf-flake-ice-machine\/","og_site_name":"K\u00e6ling k\u00e6lilausnir.","article_modified_time":"2024-04-19T17:51:58+00:00","og_image":[{"width":800,"height":800,"url":"https:\/\/cooling.is\/wp-content\/uploads\/2024\/03\/K-2000FW-800x800-1.png","type":"image\/png"}],"twitter_card":"summary_large_image","twitter_misc":{"Est. reading time":"5 minutes"},"schema":{"@context":"https:\/\/schema.org","@graph":[{"@type":"WebPage","@id":"https:\/\/cooling.is\/en\/product\/ki-10tf-flake-ice-machine\/","url":"https:\/\/cooling.is\/en\/product\/ki-10tf-flake-ice-machine\/","name":"K-20 Slurry Ice Machine with out pre-cooler","isPartOf":{"@id":"https:\/\/cooling.is\/#website"},"primaryImageOfPage":{"@id":"https:\/\/cooling.is\/en\/product\/ki-10tf-flake-ice-machine\/#primaryimage"},"image":{"@id":"https:\/\/cooling.is\/en\/product\/ki-10tf-flake-ice-machine\/#primaryimage"},"thumbnailUrl":"https:\/\/cooling.is\/wp-content\/uploads\/2024\/03\/K-2000FW-800x800-1.png","datePublished":"2024-04-19T16:51:59+00:00","dateModified":"2024-04-19T17:51:58+00:00","description":"KI-10TF Flake Ice Machine with 10ton \/24klst. production capacity. Best known power concumptions pr. ton.","breadcrumb":{"@id":"https:\/\/cooling.is\/en\/product\/ki-10tf-flake-ice-machine\/#breadcrumb"},"inLanguage":"en-US","potentialAction":[{"@type":"ReadAction","target":["https:\/\/cooling.is\/en\/product\/ki-10tf-flake-ice-machine\/"]}]},{"@type":"ImageObject","inLanguage":"en-US","@id":"https:\/\/cooling.is\/en\/product\/ki-10tf-flake-ice-machine\/#primaryimage","url":"https:\/\/cooling.is\/wp-content\/uploads\/2024\/03\/K-2000FW-800x800-1.png","contentUrl":"https:\/\/cooling.is\/wp-content\/uploads\/2024\/03\/K-2000FW-800x800-1.png","width":800,"height":800,"caption":"KI-2TFW Flake Ice Machine watercooled from Cooling"},{"@type":"BreadcrumbList","@id":"https:\/\/cooling.is\/en\/product\/ki-10tf-flake-ice-machine\/#breadcrumb","itemListElement":[{"@type":"ListItem","position":1,"name":"Home","item":"https:\/\/cooling.is\/"},{"@type":"ListItem","position":2,"name":"Shop","item":"https:\/\/cooling.is\/en\/shop\/"},{"@type":"ListItem","position":3,"name":"KI-10TF Flake Ice Machine"}]},{"@type":"WebSite","@id":"https:\/\/cooling.is\/#website","url":"https:\/\/cooling.is\/","name":"K\u00e6ling k\u00e6lilausnir.","description":"Alhli\u00f0a k\u00e6lilausnir fyrir sj\u00e1var\u00fatveg og matv\u00e6lai\u00f0na\u00f0","publisher":{"@id":"https:\/\/cooling.is\/#organization"},"potentialAction":[{"@type":"SearchAction","target":{"@type":"EntryPoint","urlTemplate":"https:\/\/cooling.is\/?s={search_term_string}"},"query-input":{"@type":"PropertyValueSpecification","valueRequired":true,"valueName":"search_term_string"}}],"inLanguage":"en-US"},{"@type":"Organization","@id":"https:\/\/cooling.is\/#organization","name":"K\u00e6ling","url":"https:\/\/cooling.is\/","logo":{"@type":"ImageObject","inLanguage":"en-US","@id":"https:\/\/cooling.is\/#\/schema\/logo\/image\/","url":"https:\/\/cooling.is\/wp-content\/uploads\/2018\/06\/kaeling_logo.svg","contentUrl":"https:\/\/cooling.is\/wp-content\/uploads\/2018\/06\/kaeling_logo.svg","width":1907,"height":618,"caption":"K\u00e6ling"},"image":{"@id":"https:\/\/cooling.is\/#\/schema\/logo\/image\/"}}]}},"_links":{"self":[{"href":"https:\/\/cooling.is\/en\/wp-json\/wp\/v2\/product\/4760","targetHints":{"allow":["GET"]}}],"collection":[{"href":"https:\/\/cooling.is\/en\/wp-json\/wp\/v2\/product"}],"about":[{"href":"https:\/\/cooling.is\/en\/wp-json\/wp\/v2\/types\/product"}],"replies":[{"embeddable":true,"href":"https:\/\/cooling.is\/en\/wp-json\/wp\/v2\/comments?post=4760"}],"version-history":[{"count":5,"href":"https:\/\/cooling.is\/en\/wp-json\/wp\/v2\/product\/4760\/revisions"}],"predecessor-version":[{"id":4774,"href":"https:\/\/cooling.is\/en\/wp-json\/wp\/v2\/product\/4760\/revisions\/4774"}],"wp:featuredmedia":[{"embeddable":true,"href":"https:\/\/cooling.is\/en\/wp-json\/wp\/v2\/media\/4536"}],"wp:attachment":[{"href":"https:\/\/cooling.is\/en\/wp-json\/wp\/v2\/media?parent=4760"}],"wp:term":[{"taxonomy":"product_brand","embeddable":true,"href":"https:\/\/cooling.is\/en\/wp-json\/wp\/v2\/product_brand?post=4760"},{"taxonomy":"product_cat","embeddable":true,"href":"https:\/\/cooling.is\/en\/wp-json\/wp\/v2\/product_cat?post=4760"},{"taxonomy":"product_tag","embeddable":true,"href":"https:\/\/cooling.is\/en\/wp-json\/wp\/v2\/product_tag?post=4760"}],"curies":[{"name":"wp","href":"https:\/\/api.w.org\/{rel}","templated":true}]}}