{"id":421,"date":"2019-05-15T13:55:05","date_gmt":"2019-05-27T13:29:05","guid":{"rendered":"https:\/\/cooling.is\/product\/k-4f-slurry-ice-machine-with-pre-cooler\/"},"modified":"2026-02-24T19:14:56","modified_gmt":"2026-02-24T19:14:56","slug":"k-4p-slurry-ice-machine-with-pre-cooler","status":"publish","type":"product","link":"https:\/\/cooling.is\/en\/product\/k-4p-slurry-ice-machine-with-pre-cooler\/","title":{"rendered":"K-4P Slurry Ice Machine with a Pre-Cooler"},"content":{"rendered":"\t\t<div data-elementor-type=\"product-post\" data-elementor-id=\"421\" class=\"elementor elementor-421 elementor-268\" data-elementor-settings=\"{&quot;element_pack_global_tooltip_width&quot;:{&quot;unit&quot;:&quot;px&quot;,&quot;size&quot;:&quot;&quot;,&quot;sizes&quot;:[]},&quot;element_pack_global_tooltip_width_tablet&quot;:{&quot;unit&quot;:&quot;px&quot;,&quot;size&quot;:&quot;&quot;,&quot;sizes&quot;:[]},&quot;element_pack_global_tooltip_width_mobile&quot;:{&quot;unit&quot;:&quot;px&quot;,&quot;size&quot;:&quot;&quot;,&quot;sizes&quot;:[]},&quot;element_pack_global_tooltip_padding&quot;:{&quot;unit&quot;:&quot;px&quot;,&quot;top&quot;:&quot;&quot;,&quot;right&quot;:&quot;&quot;,&quot;bottom&quot;:&quot;&quot;,&quot;left&quot;:&quot;&quot;,&quot;isLinked&quot;:true},&quot;element_pack_global_tooltip_padding_tablet&quot;:{&quot;unit&quot;:&quot;px&quot;,&quot;top&quot;:&quot;&quot;,&quot;right&quot;:&quot;&quot;,&quot;bottom&quot;:&quot;&quot;,&quot;left&quot;:&quot;&quot;,&quot;isLinked&quot;:true},&quot;element_pack_global_tooltip_padding_mobile&quot;:{&quot;unit&quot;:&quot;px&quot;,&quot;top&quot;:&quot;&quot;,&quot;right&quot;:&quot;&quot;,&quot;bottom&quot;:&quot;&quot;,&quot;left&quot;:&quot;&quot;,&quot;isLinked&quot;:true},&quot;element_pack_global_tooltip_border_radius&quot;:{&quot;unit&quot;:&quot;px&quot;,&quot;top&quot;:&quot;&quot;,&quot;right&quot;:&quot;&quot;,&quot;bottom&quot;:&quot;&quot;,&quot;left&quot;:&quot;&quot;,&quot;isLinked&quot;:true},&quot;element_pack_global_tooltip_border_radius_tablet&quot;:{&quot;unit&quot;:&quot;px&quot;,&quot;top&quot;:&quot;&quot;,&quot;right&quot;:&quot;&quot;,&quot;bottom&quot;:&quot;&quot;,&quot;left&quot;:&quot;&quot;,&quot;isLinked&quot;:true},&quot;element_pack_global_tooltip_border_radius_mobile&quot;:{&quot;unit&quot;:&quot;px&quot;,&quot;top&quot;:&quot;&quot;,&quot;right&quot;:&quot;&quot;,&quot;bottom&quot;:&quot;&quot;,&quot;left&quot;:&quot;&quot;,&quot;isLinked&quot;:true}}\" data-elementor-post-type=\"product\">\n\t\t\t\t\t\t<section class=\"elementor-section elementor-top-section elementor-element elementor-element-f8f9adb elementor-section-boxed elementor-section-height-default elementor-section-height-default\" data-id=\"f8f9adb\" data-element_type=\"section\">\n\t\t\t\t\t\t<div class=\"elementor-container elementor-column-gap-default\">\n\t\t\t\t\t<div class=\"aux-parallax-section elementor-column elementor-col-100 elementor-top-column elementor-element elementor-element-5cfac9f6\" data-id=\"5cfac9f6\" data-element_type=\"column\">\n\t\t\t<div class=\"elementor-widget-wrap elementor-element-populated\">\n\t\t\t\t\t\t<div class=\"elementor-element elementor-element-27a71d1c elementor-widget elementor-widget-text-editor\" data-id=\"27a71d1c\" data-element_type=\"widget\" data-widget_type=\"text-editor.default\">\n\t\t\t\t<div class=\"elementor-widget-container\">\n\t\t\t\t\t\t\t\t\t<div class=\"page\" title=\"Page 1\">\n<div class=\"section\">\n<div class=\"layoutArea\">\n<div class=\"column\">\n<p>From the moment the catch is on board the cooling process is the key to maximize the value. K\u00e6ling ehf. offers comprehensive cooling solutions for food and fishing industry from the catching moment to final processing.<\/p>\n<div class=\"page\" title=\"Page 1\">\n<div class=\"section\">\n<div class=\"layoutArea\">\n<div class=\"column\">\n<h2>Why use a slurry ice?<\/h2>\n<p>Slurry ice is one of the best cooling methods for catch available. Slurry ice completely surround all the catch and thus ensures more even and better cooling e.g. compared to traditional ice. Spots due to uneven cooling by ice flakes is a thing of the past. Slurry ice is easily pumped through pipes to the places of usage, whether it is on board or at processing stations on land.<\/p>\n<h2>Slurry ice used on board and ashore<\/h2>\n<p>The popularity of slurry ice is growing rapidly both on board fishing vessels and processing stations on land. Slurry ice is excellent<br>for all catches from the sea and very good for variety of foods.<br>The thickness of an slurry ice c an vary from 15% to 40% of an<\/p>\n<p>ice concentrate. Thin slurry ice 15-20% is used in processing but thicker up to 40% when slurry ice is used for storing catch in tubs.<\/p>\n<h2>The K-4P Slurry Ice Machine at a glance<\/h2>\n<p>The K-4P can produce up to 1,268 liters of slurry ice per hour.<br>The machine is equipped with a pre-cooler that ensures even performance at up to 15\u00b0C sea temperature. The salt content must be at least 2.6% NaCl. If needed, salinity is not available, brine systems can be utilized. Sea usage at 15\u00b0C is up to 3,000 liters per hour, and sea filtration 30 microns.<\/p>\n<div class=\"page\" title=\"Page 1\">\n<div class=\"section\">\n<div class=\"layoutArea\">\n<div class=\"column\">\n<h2>Compact equipment and flexible installation<\/h2>\n<p>The Slurry Ice Machine take up little space in terms of capacity and are assembled from independent units. The flexibility in installation is very good, in fact so good that The Slurry Ice Machines have always been installed in spite of limited space. Control panels for ice machines are computer controlled and with touch screen. Multiple control panels can be installed with each Slurry Ice Machine. It is common to have a control panel on a bridge and others on a working deck. Pipes are led from The Slurry Ice Machine to the place or places where there is use for the slurry ice.<\/p>\n<h2>Durability and reliability<\/h2>\n<p>The first Slurry Ice Machine from K\u00e6ling was installed in 2005 and all the machines that K\u00e6ling ehf. has installed and serviced are still in use. With regular service inspection and proper maintenance, the live time of the machines can be expected up to 25 years or even longer.<\/p>\n<h2>Technical specifications<\/h2>\n<table>\n<tbody>\n<tr>\n<td><strong>Ice production capacity at 0\u00b0 sea temperature:<\/strong><\/td>\n<td>1,268 L\/h of 10% ice and 372 L\/h of 40% ice<\/td>\n<\/tr>\n<tr>\n<td><strong>Pre-cooler:&nbsp;<\/strong><\/td>\n<td>Enables even capacity at sea temp up to +15\u00b0C.<\/td>\n<\/tr>\n<tr>\n<td>\n<p><b>Production at 0\u00b0C sea temperature<\/b><\/p>\n<\/td>\n<td>&nbsp;12,616 kcal\/h<\/td>\n<\/tr>\n<tr>\n<td><strong>Minimum salinity:<\/strong><\/td>\n<td>&nbsp;2,6 % NaCI<\/td>\n<\/tr>\n<tr>\n<td><strong>Opperating Power Consumption:<\/strong><\/td>\n<td>&nbsp;14 kW<\/td>\n<\/tr>\n<tr>\n<td><strong>Measurements (LxWxH):<\/strong><\/td>\n<td>&nbsp;1,610x600x740 mm<\/td>\n<\/tr>\n<tr>\n<td><strong>Weight:<\/strong><\/td>\n<td>&nbsp;340 kg<\/td>\n<\/tr>\n<tr>\n<td><strong>Refrigerant:<\/strong><\/td>\n<td>&nbsp;R404A \/ R449A<\/td>\n<\/tr>\n<tr>\n<td><strong>Filtration:<\/strong><\/td>\n<td>&nbsp;30 \u00b5m<\/td>\n<\/tr>\n<tr>\n<td><strong>Sea usage at 15\u00b0C:<\/strong><\/td>\n<td>&nbsp;3,000 L\/h<\/td>\n<\/tr>\n<\/tbody>\n<\/table>\n<h2>Contact us<\/h2>\n<p>Please contact us for further information.<br>\n<div class=\"wpcf7 no-js\" id=\"wpcf7-f529-o1\" lang=\"en-US\" dir=\"ltr\" data-wpcf7-id=\"529\">\n<div class=\"screen-reader-response\"><p role=\"status\" aria-live=\"polite\" aria-atomic=\"true\"><\/p> <ul><\/ul><\/div>\n<form action=\"\/en\/wp-json\/wp\/v2\/product\/421#wpcf7-f529-o1\" method=\"post\" class=\"wpcf7-form init\" aria-label=\"Contact form\" novalidate=\"novalidate\" data-status=\"init\">\n<div style=\"display: none;\">\n<input type=\"hidden\" name=\"_wpcf7\" value=\"529\" \/>\n<input type=\"hidden\" name=\"_wpcf7_version\" value=\"6.0.3\" \/>\n<input type=\"hidden\" name=\"_wpcf7_locale\" value=\"en_US\" \/>\n<input type=\"hidden\" name=\"_wpcf7_unit_tag\" value=\"wpcf7-f529-o1\" \/>\n<input type=\"hidden\" name=\"_wpcf7_container_post\" value=\"0\" \/>\n<input type=\"hidden\" name=\"_wpcf7_posted_data_hash\" value=\"\" \/>\n<input type=\"hidden\" name=\"_wpcf7_recaptcha_response\" value=\"\" \/>\n<\/div>\n<p><label> Name (required)<br \/>\n<span class=\"wpcf7-form-control-wrap\" data-name=\"your-name\"><input size=\"40\" maxlength=\"400\" class=\"wpcf7-form-control wpcf7-text wpcf7-validates-as-required\" aria-required=\"true\" aria-invalid=\"false\" value=\"\" type=\"text\" name=\"your-name\" \/><\/span> <\/label>\n<\/p>\n<p><label> Email (required)<br \/>\n<span class=\"wpcf7-form-control-wrap\" data-name=\"your-email\"><input size=\"40\" maxlength=\"400\" class=\"wpcf7-form-control wpcf7-email wpcf7-validates-as-required wpcf7-text wpcf7-validates-as-email\" aria-required=\"true\" aria-invalid=\"false\" value=\"\" type=\"email\" name=\"your-email\" \/><\/span> <\/label>\n<\/p>\n<p><label> Subject (required)<br \/>\n<span class=\"wpcf7-form-control-wrap\" data-name=\"your-subject\"><input size=\"40\" maxlength=\"400\" class=\"wpcf7-form-control wpcf7-text\" aria-invalid=\"false\" value=\"\" type=\"text\" name=\"your-subject\" \/><\/span> <\/label>\n<\/p>\n<p><label> Message (required)<br \/>\n<span class=\"wpcf7-form-control-wrap\" data-name=\"your-message\"><textarea cols=\"40\" rows=\"10\" maxlength=\"2000\" class=\"wpcf7-form-control wpcf7-textarea\" aria-invalid=\"false\" name=\"your-message\"><\/textarea><\/span> <\/label><br \/>\n<span class=\"wpcf7-form-control-wrap recaptcha\" data-name=\"recaptcha\"><span data-sitekey=\"6LelyLoUAAAAAOgeRLNzE2ceK52-jK_Vkz5NK7IC\" data-theme=\"dark\" data-align=\"right\" class=\"wpcf7-form-control wpcf7-recaptcha g-recaptcha\"><\/span>\r\n<noscript>\r\n\t<div class=\"grecaptcha-noscript\">\r\n\t\t<iframe src=\"https:\/\/www.google.com\/recaptcha\/api\/fallback?k=6LelyLoUAAAAAOgeRLNzE2ceK52-jK_Vkz5NK7IC\" frameborder=\"0\" scrolling=\"no\" width=\"310\" height=\"430\">\r\n\t\t<\/iframe>\r\n\t\t<textarea name=\"g-recaptcha-response\" rows=\"3\" cols=\"40\" placeholder=\"reCaptcha Response Here\">\r\n\t\t<\/textarea>\r\n\t<\/div>\r\n<\/noscript>\r\n<\/span><br \/>\n<input class=\"wpcf7-form-control wpcf7-submit has-spinner\" type=\"submit\" value=\"Send\" \/>\n<\/p><div class=\"wpcf7-response-output\" aria-hidden=\"true\"><\/div>\n<\/form>\n<\/div>\n<\/p>\n<h2>About us<\/h2>\n<div class=\"page\" title=\"Page 1\">\n<div class=\"section\">\n<div class=\"layoutArea\">\n<div class=\"column\">\n<p>K\u00e6ling ehf. is a leading company in the field of comprehensive cooling solutions for the fishing industry. We are constantly working on enabling our customers to maximize their catch value with expert cooling at all levels. Cooling solutions from K\u00e6ling have gained a foothold both in Iceland and abroad, as they have stood the test of time for quality, reliability, performance, durability, and good service.<\/p>\n<\/div>\n<\/div>\n<\/div>\n<\/div>\n<\/div>\n<\/div>\n<\/div>\n<\/div>\n<\/div>\n<\/div>\n<\/div>\n<\/div>\n<\/div>\n<\/div>\n<\/div>\n<\/div>\t\t\t\t\t\t\t\t<\/div>\n\t\t\t\t<\/div>\n\t\t\t\t\t<\/div>\n\t\t<\/div>\n\t\t\t\t\t<\/div>\n\t\t<\/section>\n\t\t\t\t<\/div>\n\t\t","protected":false},"excerpt":{"rendered":"<div class=\"page\" title=\"Page 1\">\n<div class=\"section\">\n<div class=\"layoutArea\">\n<div class=\"column\">\n<p>The K-4P can produce up to 1,268 liters of slurry ice per hour.<br \/>\nThe machine is equipped with a pre-cooler that ensures even performance at up to 15\u00b0C sea temperature. The salt content must be at least 2.6% NaCl. If needed, salinity is not available; brine systems can be utilized. Sea usage at 15\u00b0C is up to 3,000 liters per hour, and sea filtration 30 microns.<\/p>\n<p><a href=\"https:\/\/cooling.is\/wp-content\/uploads\/2026\/02\/K-4P_eng.pdf\"><img decoding=\"async\" class=\"alignnone wp-image-8032 size-full\" src=\"https:\/\/cooling.is\/wp-content\/uploads\/2026\/02\/K-4P_eng-212x150-1.png\" alt=\"\" width=\"150\" height=\"212\" \/><\/a><\/p>\n<\/div>\n<\/div>\n<\/div>\n<\/div>\n","protected":false},"featured_media":2217,"comment_status":"open","ping_status":"closed","template":"","meta":[],"product_brand":[],"product_cat":[56,57],"product_tag":[82,80,81],"class_list":{"0":"post-421","1":"product","2":"type-product","3":"status-publish","4":"has-post-thumbnail","6":"product_cat-slurry-ice-machines","7":"product_cat-slurry-ice-machines-with-pre-cooler","8":"product_tag-slurry-ice-machine-en-2","9":"product_tag-slurry-ice-machine","10":"product_tag-slurry-ice-machine-en","12":"first","13":"instock","14":"shipping-taxable","15":"product-type-simple"},"yoast_head":"<!-- This site is optimized with the Yoast SEO plugin v24.4 - https:\/\/yoast.com\/wordpress\/plugins\/seo\/ -->\n<title>K-4P Slurry Ice Machine with Pre-Cooler<\/title>\n<meta name=\"description\" content=\"K-4P Slurry Ice Machine with Pre-Cooler is a compact and powerful cooling system. Industrial cooling solutions for fishing vessels and fisheries.\" \/>\n<meta name=\"robots\" content=\"index, follow, max-snippet:-1, max-image-preview:large, max-video-preview:-1\" \/>\n<link rel=\"canonical\" href=\"https:\/\/cooling.is\/en\/product\/k-4p-slurry-ice-machine-with-pre-cooler\/\" \/>\n<meta property=\"og:locale\" content=\"en_US\" \/>\n<meta property=\"og:type\" content=\"article\" \/>\n<meta property=\"og:title\" content=\"K-4P Slurry Ice Machine with Pre-Cooler\" \/>\n<meta property=\"og:description\" content=\"K-4P Slurry Ice Machine with Pre-Cooler is a compact and powerful cooling system. Industrial cooling solutions for fishing vessels and fisheries.\" \/>\n<meta property=\"og:url\" content=\"https:\/\/cooling.is\/en\/product\/k-4p-slurry-ice-machine-with-pre-cooler\/\" \/>\n<meta property=\"og:site_name\" content=\"K\u00e6ling k\u00e6lilausnir.\" \/>\n<meta property=\"article:modified_time\" content=\"2026-02-24T19:14:56+00:00\" \/>\n<meta property=\"og:image\" content=\"https:\/\/cooling.is\/wp-content\/uploads\/2019\/05\/K4-F-i\u0301skrapave\u0301l-scaled.jpg\" \/>\n\t<meta property=\"og:image:width\" content=\"2560\" \/>\n\t<meta property=\"og:image:height\" content=\"2560\" \/>\n\t<meta property=\"og:image:type\" content=\"image\/jpeg\" \/>\n<meta name=\"twitter:card\" content=\"summary_large_image\" \/>\n<meta name=\"twitter:label1\" content=\"Est. reading time\" \/>\n\t<meta name=\"twitter:data1\" content=\"4 minutes\" \/>\n<script type=\"application\/ld+json\" class=\"yoast-schema-graph\">{\"@context\":\"https:\/\/schema.org\",\"@graph\":[{\"@type\":\"WebPage\",\"@id\":\"https:\/\/cooling.is\/en\/product\/k-4p-slurry-ice-machine-with-pre-cooler\/\",\"url\":\"https:\/\/cooling.is\/en\/product\/k-4p-slurry-ice-machine-with-pre-cooler\/\",\"name\":\"K-4P Slurry Ice Machine with Pre-Cooler\",\"isPartOf\":{\"@id\":\"https:\/\/cooling.is\/#website\"},\"primaryImageOfPage\":{\"@id\":\"https:\/\/cooling.is\/en\/product\/k-4p-slurry-ice-machine-with-pre-cooler\/#primaryimage\"},\"image\":{\"@id\":\"https:\/\/cooling.is\/en\/product\/k-4p-slurry-ice-machine-with-pre-cooler\/#primaryimage\"},\"thumbnailUrl\":\"https:\/\/cooling.is\/wp-content\/uploads\/2019\/05\/K4-F-i\u0301skrapave\u0301l-scaled.jpg\",\"datePublished\":\"2019-05-27T13:29:05+00:00\",\"dateModified\":\"2026-02-24T19:14:56+00:00\",\"description\":\"K-4P Slurry Ice Machine with Pre-Cooler is a compact and powerful cooling system. Industrial cooling solutions for fishing vessels and fisheries.\",\"breadcrumb\":{\"@id\":\"https:\/\/cooling.is\/en\/product\/k-4p-slurry-ice-machine-with-pre-cooler\/#breadcrumb\"},\"inLanguage\":\"en-US\",\"potentialAction\":[{\"@type\":\"ReadAction\",\"target\":[\"https:\/\/cooling.is\/en\/product\/k-4p-slurry-ice-machine-with-pre-cooler\/\"]}]},{\"@type\":\"ImageObject\",\"inLanguage\":\"en-US\",\"@id\":\"https:\/\/cooling.is\/en\/product\/k-4p-slurry-ice-machine-with-pre-cooler\/#primaryimage\",\"url\":\"https:\/\/cooling.is\/wp-content\/uploads\/2019\/05\/K4-F-i\u0301skrapave\u0301l-scaled.jpg\",\"contentUrl\":\"https:\/\/cooling.is\/wp-content\/uploads\/2019\/05\/K4-F-i\u0301skrapave\u0301l-scaled.jpg\",\"width\":2560,\"height\":2560,\"caption\":\"K4-F \u00edskrapav\u00e9l me\u00f0 fork\u00e6li krapav\u00e9l fr\u00e1 K\u00e6lingu\"},{\"@type\":\"BreadcrumbList\",\"@id\":\"https:\/\/cooling.is\/en\/product\/k-4p-slurry-ice-machine-with-pre-cooler\/#breadcrumb\",\"itemListElement\":[{\"@type\":\"ListItem\",\"position\":1,\"name\":\"Home\",\"item\":\"https:\/\/cooling.is\/\"},{\"@type\":\"ListItem\",\"position\":2,\"name\":\"Shop\",\"item\":\"https:\/\/cooling.is\/en\/shop\/\"},{\"@type\":\"ListItem\",\"position\":3,\"name\":\"K-4P Slurry Ice Machine with a Pre-Cooler\"}]},{\"@type\":\"WebSite\",\"@id\":\"https:\/\/cooling.is\/#website\",\"url\":\"https:\/\/cooling.is\/\",\"name\":\"K\u00e6ling k\u00e6lilausnir.\",\"description\":\"Alhli\u00f0a k\u00e6lilausnir fyrir sj\u00e1var\u00fatveg og matv\u00e6lai\u00f0na\u00f0\",\"publisher\":{\"@id\":\"https:\/\/cooling.is\/#organization\"},\"potentialAction\":[{\"@type\":\"SearchAction\",\"target\":{\"@type\":\"EntryPoint\",\"urlTemplate\":\"https:\/\/cooling.is\/?s={search_term_string}\"},\"query-input\":{\"@type\":\"PropertyValueSpecification\",\"valueRequired\":true,\"valueName\":\"search_term_string\"}}],\"inLanguage\":\"en-US\"},{\"@type\":\"Organization\",\"@id\":\"https:\/\/cooling.is\/#organization\",\"name\":\"K\u00e6ling\",\"url\":\"https:\/\/cooling.is\/\",\"logo\":{\"@type\":\"ImageObject\",\"inLanguage\":\"en-US\",\"@id\":\"https:\/\/cooling.is\/#\/schema\/logo\/image\/\",\"url\":\"https:\/\/cooling.is\/wp-content\/uploads\/2018\/06\/kaeling_logo.svg\",\"contentUrl\":\"https:\/\/cooling.is\/wp-content\/uploads\/2018\/06\/kaeling_logo.svg\",\"width\":1907,\"height\":618,\"caption\":\"K\u00e6ling\"},\"image\":{\"@id\":\"https:\/\/cooling.is\/#\/schema\/logo\/image\/\"}}]}<\/script>\n<!-- \/ Yoast SEO plugin. -->","yoast_head_json":{"title":"K-4P Slurry Ice Machine with Pre-Cooler","description":"K-4P Slurry Ice Machine with Pre-Cooler is a compact and powerful cooling system. Industrial cooling solutions for fishing vessels and fisheries.","robots":{"index":"index","follow":"follow","max-snippet":"max-snippet:-1","max-image-preview":"max-image-preview:large","max-video-preview":"max-video-preview:-1"},"canonical":"https:\/\/cooling.is\/en\/product\/k-4p-slurry-ice-machine-with-pre-cooler\/","og_locale":"en_US","og_type":"article","og_title":"K-4P Slurry Ice Machine with Pre-Cooler","og_description":"K-4P Slurry Ice Machine with Pre-Cooler is a compact and powerful cooling system. Industrial cooling solutions for fishing vessels and fisheries.","og_url":"https:\/\/cooling.is\/en\/product\/k-4p-slurry-ice-machine-with-pre-cooler\/","og_site_name":"K\u00e6ling k\u00e6lilausnir.","article_modified_time":"2026-02-24T19:14:56+00:00","og_image":[{"width":2560,"height":2560,"url":"https:\/\/cooling.is\/wp-content\/uploads\/2019\/05\/K4-F-i\u0301skrapave\u0301l-scaled.jpg","type":"image\/jpeg"}],"twitter_card":"summary_large_image","twitter_misc":{"Est. reading time":"4 minutes"},"schema":{"@context":"https:\/\/schema.org","@graph":[{"@type":"WebPage","@id":"https:\/\/cooling.is\/en\/product\/k-4p-slurry-ice-machine-with-pre-cooler\/","url":"https:\/\/cooling.is\/en\/product\/k-4p-slurry-ice-machine-with-pre-cooler\/","name":"K-4P Slurry Ice Machine with Pre-Cooler","isPartOf":{"@id":"https:\/\/cooling.is\/#website"},"primaryImageOfPage":{"@id":"https:\/\/cooling.is\/en\/product\/k-4p-slurry-ice-machine-with-pre-cooler\/#primaryimage"},"image":{"@id":"https:\/\/cooling.is\/en\/product\/k-4p-slurry-ice-machine-with-pre-cooler\/#primaryimage"},"thumbnailUrl":"https:\/\/cooling.is\/wp-content\/uploads\/2019\/05\/K4-F-i\u0301skrapave\u0301l-scaled.jpg","datePublished":"2019-05-27T13:29:05+00:00","dateModified":"2026-02-24T19:14:56+00:00","description":"K-4P Slurry Ice Machine with Pre-Cooler is a compact and powerful cooling system. Industrial cooling solutions for fishing vessels and fisheries.","breadcrumb":{"@id":"https:\/\/cooling.is\/en\/product\/k-4p-slurry-ice-machine-with-pre-cooler\/#breadcrumb"},"inLanguage":"en-US","potentialAction":[{"@type":"ReadAction","target":["https:\/\/cooling.is\/en\/product\/k-4p-slurry-ice-machine-with-pre-cooler\/"]}]},{"@type":"ImageObject","inLanguage":"en-US","@id":"https:\/\/cooling.is\/en\/product\/k-4p-slurry-ice-machine-with-pre-cooler\/#primaryimage","url":"https:\/\/cooling.is\/wp-content\/uploads\/2019\/05\/K4-F-i\u0301skrapave\u0301l-scaled.jpg","contentUrl":"https:\/\/cooling.is\/wp-content\/uploads\/2019\/05\/K4-F-i\u0301skrapave\u0301l-scaled.jpg","width":2560,"height":2560,"caption":"K4-F \u00edskrapav\u00e9l me\u00f0 fork\u00e6li krapav\u00e9l fr\u00e1 K\u00e6lingu"},{"@type":"BreadcrumbList","@id":"https:\/\/cooling.is\/en\/product\/k-4p-slurry-ice-machine-with-pre-cooler\/#breadcrumb","itemListElement":[{"@type":"ListItem","position":1,"name":"Home","item":"https:\/\/cooling.is\/"},{"@type":"ListItem","position":2,"name":"Shop","item":"https:\/\/cooling.is\/en\/shop\/"},{"@type":"ListItem","position":3,"name":"K-4P Slurry Ice Machine with a Pre-Cooler"}]},{"@type":"WebSite","@id":"https:\/\/cooling.is\/#website","url":"https:\/\/cooling.is\/","name":"K\u00e6ling k\u00e6lilausnir.","description":"Alhli\u00f0a k\u00e6lilausnir fyrir sj\u00e1var\u00fatveg og matv\u00e6lai\u00f0na\u00f0","publisher":{"@id":"https:\/\/cooling.is\/#organization"},"potentialAction":[{"@type":"SearchAction","target":{"@type":"EntryPoint","urlTemplate":"https:\/\/cooling.is\/?s={search_term_string}"},"query-input":{"@type":"PropertyValueSpecification","valueRequired":true,"valueName":"search_term_string"}}],"inLanguage":"en-US"},{"@type":"Organization","@id":"https:\/\/cooling.is\/#organization","name":"K\u00e6ling","url":"https:\/\/cooling.is\/","logo":{"@type":"ImageObject","inLanguage":"en-US","@id":"https:\/\/cooling.is\/#\/schema\/logo\/image\/","url":"https:\/\/cooling.is\/wp-content\/uploads\/2018\/06\/kaeling_logo.svg","contentUrl":"https:\/\/cooling.is\/wp-content\/uploads\/2018\/06\/kaeling_logo.svg","width":1907,"height":618,"caption":"K\u00e6ling"},"image":{"@id":"https:\/\/cooling.is\/#\/schema\/logo\/image\/"}}]}},"_links":{"self":[{"href":"https:\/\/cooling.is\/en\/wp-json\/wp\/v2\/product\/421","targetHints":{"allow":["GET"]}}],"collection":[{"href":"https:\/\/cooling.is\/en\/wp-json\/wp\/v2\/product"}],"about":[{"href":"https:\/\/cooling.is\/en\/wp-json\/wp\/v2\/types\/product"}],"replies":[{"embeddable":true,"href":"https:\/\/cooling.is\/en\/wp-json\/wp\/v2\/comments?post=421"}],"version-history":[{"count":29,"href":"https:\/\/cooling.is\/en\/wp-json\/wp\/v2\/product\/421\/revisions"}],"predecessor-version":[{"id":8036,"href":"https:\/\/cooling.is\/en\/wp-json\/wp\/v2\/product\/421\/revisions\/8036"}],"wp:featuredmedia":[{"embeddable":true,"href":"https:\/\/cooling.is\/en\/wp-json\/wp\/v2\/media\/2217"}],"wp:attachment":[{"href":"https:\/\/cooling.is\/en\/wp-json\/wp\/v2\/media?parent=421"}],"wp:term":[{"taxonomy":"product_brand","embeddable":true,"href":"https:\/\/cooling.is\/en\/wp-json\/wp\/v2\/product_brand?post=421"},{"taxonomy":"product_cat","embeddable":true,"href":"https:\/\/cooling.is\/en\/wp-json\/wp\/v2\/product_cat?post=421"},{"taxonomy":"product_tag","embeddable":true,"href":"https:\/\/cooling.is\/en\/wp-json\/wp\/v2\/product_tag?post=421"}],"curies":[{"name":"wp","href":"https:\/\/api.w.org\/{rel}","templated":true}]}}