{"id":419,"date":"2021-08-03T15:36:34","date_gmt":"2019-05-27T13:36:34","guid":{"rendered":"https:\/\/cooling.is\/product\/kp-55-sea-cooler\/"},"modified":"2020-03-25T11:59:29","modified_gmt":"2020-03-25T11:59:29","slug":"kp-55-sea-cooler","status":"publish","type":"product","link":"https:\/\/cooling.is\/en\/product\/kp-55-sea-cooler\/","title":{"rendered":"KP-55 Sea Cooler"},"content":{"rendered":"<p data-fontsize=\"18\" data-lineheight=\"27\"><strong>KP-55 sea cooler is a great and powerful sea water cooling system, that produces up to 4.800 liters per hour.<\/strong><\/p>\n<p data-fontsize=\"18\" data-lineheight=\"27\">This is one of our most powerful sea water cooling systems and a system we fully recommend for larger fishing vessels. This is a true power house of a sea cooler.<\/p>\n<h2 data-fontsize=\"18\" data-lineheight=\"27\">How does the KP-55 sea cooler work?<\/h2>\n<p data-fontsize=\"18\" data-lineheight=\"27\">Sea water cooling system cool down seawater in a closed circulation. The cooled sea water preserves the catch, even better than regular ice, and helps you get the most value for your catch.<\/p>\n<p data-fontsize=\"18\" data-lineheight=\"27\">You control the temperature and set the cooling for the catch, making sure that it stays fresh until you return to land.<\/p>\n<h2 data-fontsize=\"18\" data-lineheight=\"27\">Additional Info<\/h2>\n<table>\n<tbody>\n<tr>\n<td><strong>Power Consumption 230 V:<\/strong><\/td>\n<td>\u00a011 kW<\/td>\n<\/tr>\n<tr>\n<td><strong>Cooling capacity:<\/strong><\/td>\n<td>\u00a050 kW<\/td>\n<\/tr>\n<tr>\n<td><strong>Cooling capacity of seawater 10\u00b0C-2\u00b0C:<\/strong><\/td>\n<td>\u00a04800 l\/hour<\/td>\n<\/tr>\n<tr>\n<td><strong>Minimum salt concentration:<\/strong><\/td>\n<td>\u00a02,6% NaCI<\/td>\n<\/tr>\n<tr>\n<td><strong>Dimensions in cm (LxWxH):<\/strong><\/td>\n<td>\u00a01350x850x1670<\/td>\n<\/tr>\n<tr>\n<td><strong>Weight:<\/strong><\/td>\n<td>\u00a0380\u00a0kg<\/td>\n<\/tr>\n<tr>\n<td><strong>Refrigerant:<\/strong><\/td>\n<td>\u00a0404A<\/td>\n<\/tr>\n<tr>\n<td><strong>Filtration:<\/strong><\/td>\n<td>\u00a0100 mikron<\/td>\n<\/tr>\n<tr>\n<td><strong>Condenser flow 15\u00b0:<\/strong><\/td>\n<td>\u00a03000 l\/hour<\/td>\n<\/tr>\n<\/tbody>\n<\/table>\n<h2>Would you like to know more?<\/h2>\n<p>We are more than happy to help you. We have many different types of <a href=\"https:\/\/cooling.is\/en\/industry-cooling-equipment\/sea-coolers-seawater-cooling-system\/\">sea water cooling systems<\/a>, for all types and sizes of fishing vessels. Please fill out the form below and we will be in touch as soon as possible.<\/p>\n\n<div class=\"wpcf7 no-js\" id=\"wpcf7-f529-o1\" lang=\"en-US\" dir=\"ltr\" data-wpcf7-id=\"529\">\n<div class=\"screen-reader-response\"><p role=\"status\" aria-live=\"polite\" aria-atomic=\"true\"><\/p> <ul><\/ul><\/div>\n<form action=\"\/en\/wp-json\/wp\/v2\/product\/419#wpcf7-f529-o1\" method=\"post\" class=\"wpcf7-form init\" aria-label=\"Contact form\" novalidate=\"novalidate\" data-status=\"init\">\n<div style=\"display: none;\">\n<input type=\"hidden\" name=\"_wpcf7\" value=\"529\" \/>\n<input type=\"hidden\" name=\"_wpcf7_version\" value=\"6.0.3\" \/>\n<input type=\"hidden\" name=\"_wpcf7_locale\" value=\"en_US\" \/>\n<input type=\"hidden\" name=\"_wpcf7_unit_tag\" value=\"wpcf7-f529-o1\" \/>\n<input type=\"hidden\" name=\"_wpcf7_container_post\" value=\"0\" \/>\n<input type=\"hidden\" name=\"_wpcf7_posted_data_hash\" value=\"\" \/>\n<input type=\"hidden\" name=\"_wpcf7_recaptcha_response\" value=\"\" \/>\n<\/div>\n<p><label> Name (required)<br \/>\n<span class=\"wpcf7-form-control-wrap\" data-name=\"your-name\"><input size=\"40\" maxlength=\"400\" class=\"wpcf7-form-control wpcf7-text wpcf7-validates-as-required\" aria-required=\"true\" aria-invalid=\"false\" value=\"\" type=\"text\" name=\"your-name\" \/><\/span> <\/label>\n<\/p>\n<p><label> Email (required)<br \/>\n<span class=\"wpcf7-form-control-wrap\" data-name=\"your-email\"><input size=\"40\" maxlength=\"400\" class=\"wpcf7-form-control wpcf7-email wpcf7-validates-as-required wpcf7-text wpcf7-validates-as-email\" aria-required=\"true\" aria-invalid=\"false\" value=\"\" type=\"email\" name=\"your-email\" \/><\/span> <\/label>\n<\/p>\n<p><label> Subject (required)<br \/>\n<span class=\"wpcf7-form-control-wrap\" data-name=\"your-subject\"><input size=\"40\" maxlength=\"400\" class=\"wpcf7-form-control wpcf7-text\" aria-invalid=\"false\" value=\"\" type=\"text\" name=\"your-subject\" \/><\/span> <\/label>\n<\/p>\n<p><label> Message (required)<br \/>\n<span class=\"wpcf7-form-control-wrap\" data-name=\"your-message\"><textarea cols=\"40\" rows=\"10\" maxlength=\"2000\" class=\"wpcf7-form-control wpcf7-textarea\" aria-invalid=\"false\" name=\"your-message\"><\/textarea><\/span> <\/label><br \/>\n<span class=\"wpcf7-form-control-wrap recaptcha\" data-name=\"recaptcha\"><span data-sitekey=\"6LelyLoUAAAAAOgeRLNzE2ceK52-jK_Vkz5NK7IC\" data-theme=\"dark\" data-align=\"right\" class=\"wpcf7-form-control wpcf7-recaptcha g-recaptcha\"><\/span>\r\n<noscript>\r\n\t<div class=\"grecaptcha-noscript\">\r\n\t\t<iframe src=\"https:\/\/www.google.com\/recaptcha\/api\/fallback?k=6LelyLoUAAAAAOgeRLNzE2ceK52-jK_Vkz5NK7IC\" frameborder=\"0\" scrolling=\"no\" width=\"310\" height=\"430\">\r\n\t\t<\/iframe>\r\n\t\t<textarea name=\"g-recaptcha-response\" rows=\"3\" cols=\"40\" placeholder=\"reCaptcha Response Here\">\r\n\t\t<\/textarea>\r\n\t<\/div>\r\n<\/noscript>\r\n<\/span><br \/>\n<input class=\"wpcf7-form-control wpcf7-submit has-spinner\" type=\"submit\" value=\"Send\" \/>\n<\/p><div class=\"wpcf7-response-output\" aria-hidden=\"true\"><\/div>\n<\/form>\n<\/div>\n\n","protected":false},"excerpt":{"rendered":"<p><strong>KP-55 is a great and powerful sea water cooling system, that produces up to 4.800 litres per hour.<\/strong><\/p>\n<p><a href=\"https:\/\/cooling.is\/wp-content\/uploads\/2018\/06\/KP-55_Sea_Cooler.pdf\">Brochure (USA \u2013 letter size)<\/a><\/p>\n","protected":false},"featured_media":420,"comment_status":"open","ping_status":"closed","template":"","meta":[],"product_brand":[],"product_cat":[58],"product_tag":[83,84],"class_list":{"0":"post-419","1":"product","2":"type-product","3":"status-publish","4":"has-post-thumbnail","6":"product_cat-sea-water-cooling-system","7":"product_tag-sea-water-cooling-system","8":"product_tag-sea-water-cooling-system-en","10":"first","11":"instock","12":"shipping-taxable","13":"product-type-simple"},"yoast_head":"<!-- This site is optimized with the Yoast SEO plugin v24.4 - https:\/\/yoast.com\/wordpress\/plugins\/seo\/ -->\n<title>KP-55 Sea Cooler - K\u00e6ling k\u00e6lilausnir.<\/title>\n<meta name=\"description\" content=\"KP-55 Sea Cooler is a powerful seawater cooling system. Cooling offers industrial cooling solutions for fisheries and other food industries\" \/>\n<meta name=\"robots\" content=\"index, follow, max-snippet:-1, max-image-preview:large, max-video-preview:-1\" \/>\n<link rel=\"canonical\" href=\"https:\/\/cooling.is\/en\/product\/kp-55-sea-cooler\/\" \/>\n<meta property=\"og:locale\" content=\"en_US\" \/>\n<meta property=\"og:type\" content=\"article\" \/>\n<meta property=\"og:title\" content=\"KP-55 Sea Cooler - K\u00e6ling k\u00e6lilausnir.\" \/>\n<meta property=\"og:description\" content=\"KP-55 Sea Cooler is a powerful seawater cooling system. Cooling offers industrial cooling solutions for fisheries and other food industries\" \/>\n<meta property=\"og:url\" content=\"https:\/\/cooling.is\/en\/product\/kp-55-sea-cooler\/\" \/>\n<meta property=\"og:site_name\" content=\"K\u00e6ling k\u00e6lilausnir.\" \/>\n<meta property=\"article:modified_time\" content=\"2020-03-25T11:59:29+00:00\" \/>\n<meta property=\"og:image\" content=\"https:\/\/cooling.is\/wp-content\/uploads\/2019\/05\/KP-55-Sj\u00f3k\u00e6lir.jpg\" \/>\n\t<meta property=\"og:image:width\" content=\"600\" \/>\n\t<meta property=\"og:image:height\" content=\"500\" \/>\n\t<meta property=\"og:image:type\" content=\"image\/jpeg\" \/>\n<meta name=\"twitter:card\" content=\"summary_large_image\" \/>\n<meta name=\"twitter:label1\" content=\"Est. reading time\" \/>\n\t<meta name=\"twitter:data1\" content=\"1 minute\" \/>\n<script type=\"application\/ld+json\" class=\"yoast-schema-graph\">{\"@context\":\"https:\/\/schema.org\",\"@graph\":[{\"@type\":\"WebPage\",\"@id\":\"https:\/\/cooling.is\/en\/product\/kp-55-sea-cooler\/\",\"url\":\"https:\/\/cooling.is\/en\/product\/kp-55-sea-cooler\/\",\"name\":\"KP-55 Sea Cooler - K\u00e6ling k\u00e6lilausnir.\",\"isPartOf\":{\"@id\":\"https:\/\/cooling.is\/#website\"},\"primaryImageOfPage\":{\"@id\":\"https:\/\/cooling.is\/en\/product\/kp-55-sea-cooler\/#primaryimage\"},\"image\":{\"@id\":\"https:\/\/cooling.is\/en\/product\/kp-55-sea-cooler\/#primaryimage\"},\"thumbnailUrl\":\"https:\/\/cooling.is\/wp-content\/uploads\/2019\/05\/KP-55-Sj\u00f3k\u00e6lir.jpg\",\"datePublished\":\"2019-05-27T13:36:34+00:00\",\"dateModified\":\"2020-03-25T11:59:29+00:00\",\"description\":\"KP-55 Sea Cooler is a powerful seawater cooling system. Cooling offers industrial cooling solutions for fisheries and other food industries\",\"breadcrumb\":{\"@id\":\"https:\/\/cooling.is\/en\/product\/kp-55-sea-cooler\/#breadcrumb\"},\"inLanguage\":\"en-US\",\"potentialAction\":[{\"@type\":\"ReadAction\",\"target\":[\"https:\/\/cooling.is\/en\/product\/kp-55-sea-cooler\/\"]}]},{\"@type\":\"ImageObject\",\"inLanguage\":\"en-US\",\"@id\":\"https:\/\/cooling.is\/en\/product\/kp-55-sea-cooler\/#primaryimage\",\"url\":\"https:\/\/cooling.is\/wp-content\/uploads\/2019\/05\/KP-55-Sj\u00f3k\u00e6lir.jpg\",\"contentUrl\":\"https:\/\/cooling.is\/wp-content\/uploads\/2019\/05\/KP-55-Sj\u00f3k\u00e6lir.jpg\",\"width\":600,\"height\":500},{\"@type\":\"BreadcrumbList\",\"@id\":\"https:\/\/cooling.is\/en\/product\/kp-55-sea-cooler\/#breadcrumb\",\"itemListElement\":[{\"@type\":\"ListItem\",\"position\":1,\"name\":\"Home\",\"item\":\"https:\/\/cooling.is\/\"},{\"@type\":\"ListItem\",\"position\":2,\"name\":\"Shop\",\"item\":\"https:\/\/cooling.is\/en\/shop\/\"},{\"@type\":\"ListItem\",\"position\":3,\"name\":\"KP-55 Sea Cooler\"}]},{\"@type\":\"WebSite\",\"@id\":\"https:\/\/cooling.is\/#website\",\"url\":\"https:\/\/cooling.is\/\",\"name\":\"K\u00e6ling k\u00e6lilausnir.\",\"description\":\"Alhli\u00f0a k\u00e6lilausnir fyrir sj\u00e1var\u00fatveg og matv\u00e6lai\u00f0na\u00f0\",\"publisher\":{\"@id\":\"https:\/\/cooling.is\/#organization\"},\"potentialAction\":[{\"@type\":\"SearchAction\",\"target\":{\"@type\":\"EntryPoint\",\"urlTemplate\":\"https:\/\/cooling.is\/?s={search_term_string}\"},\"query-input\":{\"@type\":\"PropertyValueSpecification\",\"valueRequired\":true,\"valueName\":\"search_term_string\"}}],\"inLanguage\":\"en-US\"},{\"@type\":\"Organization\",\"@id\":\"https:\/\/cooling.is\/#organization\",\"name\":\"K\u00e6ling\",\"url\":\"https:\/\/cooling.is\/\",\"logo\":{\"@type\":\"ImageObject\",\"inLanguage\":\"en-US\",\"@id\":\"https:\/\/cooling.is\/#\/schema\/logo\/image\/\",\"url\":\"https:\/\/cooling.is\/wp-content\/uploads\/2018\/06\/kaeling_logo.svg\",\"contentUrl\":\"https:\/\/cooling.is\/wp-content\/uploads\/2018\/06\/kaeling_logo.svg\",\"width\":1907,\"height\":618,\"caption\":\"K\u00e6ling\"},\"image\":{\"@id\":\"https:\/\/cooling.is\/#\/schema\/logo\/image\/\"}}]}<\/script>\n<!-- \/ Yoast SEO plugin. -->","yoast_head_json":{"title":"KP-55 Sea Cooler - K\u00e6ling k\u00e6lilausnir.","description":"KP-55 Sea Cooler is a powerful seawater cooling system. Cooling offers industrial cooling solutions for fisheries and other food industries","robots":{"index":"index","follow":"follow","max-snippet":"max-snippet:-1","max-image-preview":"max-image-preview:large","max-video-preview":"max-video-preview:-1"},"canonical":"https:\/\/cooling.is\/en\/product\/kp-55-sea-cooler\/","og_locale":"en_US","og_type":"article","og_title":"KP-55 Sea Cooler - K\u00e6ling k\u00e6lilausnir.","og_description":"KP-55 Sea Cooler is a powerful seawater cooling system. Cooling offers industrial cooling solutions for fisheries and other food industries","og_url":"https:\/\/cooling.is\/en\/product\/kp-55-sea-cooler\/","og_site_name":"K\u00e6ling k\u00e6lilausnir.","article_modified_time":"2020-03-25T11:59:29+00:00","og_image":[{"width":600,"height":500,"url":"https:\/\/cooling.is\/wp-content\/uploads\/2019\/05\/KP-55-Sj\u00f3k\u00e6lir.jpg","type":"image\/jpeg"}],"twitter_card":"summary_large_image","twitter_misc":{"Est. reading time":"1 minute"},"schema":{"@context":"https:\/\/schema.org","@graph":[{"@type":"WebPage","@id":"https:\/\/cooling.is\/en\/product\/kp-55-sea-cooler\/","url":"https:\/\/cooling.is\/en\/product\/kp-55-sea-cooler\/","name":"KP-55 Sea Cooler - K\u00e6ling k\u00e6lilausnir.","isPartOf":{"@id":"https:\/\/cooling.is\/#website"},"primaryImageOfPage":{"@id":"https:\/\/cooling.is\/en\/product\/kp-55-sea-cooler\/#primaryimage"},"image":{"@id":"https:\/\/cooling.is\/en\/product\/kp-55-sea-cooler\/#primaryimage"},"thumbnailUrl":"https:\/\/cooling.is\/wp-content\/uploads\/2019\/05\/KP-55-Sj\u00f3k\u00e6lir.jpg","datePublished":"2019-05-27T13:36:34+00:00","dateModified":"2020-03-25T11:59:29+00:00","description":"KP-55 Sea Cooler is a powerful seawater cooling system. Cooling offers industrial cooling solutions for fisheries and other food industries","breadcrumb":{"@id":"https:\/\/cooling.is\/en\/product\/kp-55-sea-cooler\/#breadcrumb"},"inLanguage":"en-US","potentialAction":[{"@type":"ReadAction","target":["https:\/\/cooling.is\/en\/product\/kp-55-sea-cooler\/"]}]},{"@type":"ImageObject","inLanguage":"en-US","@id":"https:\/\/cooling.is\/en\/product\/kp-55-sea-cooler\/#primaryimage","url":"https:\/\/cooling.is\/wp-content\/uploads\/2019\/05\/KP-55-Sj\u00f3k\u00e6lir.jpg","contentUrl":"https:\/\/cooling.is\/wp-content\/uploads\/2019\/05\/KP-55-Sj\u00f3k\u00e6lir.jpg","width":600,"height":500},{"@type":"BreadcrumbList","@id":"https:\/\/cooling.is\/en\/product\/kp-55-sea-cooler\/#breadcrumb","itemListElement":[{"@type":"ListItem","position":1,"name":"Home","item":"https:\/\/cooling.is\/"},{"@type":"ListItem","position":2,"name":"Shop","item":"https:\/\/cooling.is\/en\/shop\/"},{"@type":"ListItem","position":3,"name":"KP-55 Sea Cooler"}]},{"@type":"WebSite","@id":"https:\/\/cooling.is\/#website","url":"https:\/\/cooling.is\/","name":"K\u00e6ling k\u00e6lilausnir.","description":"Alhli\u00f0a k\u00e6lilausnir fyrir sj\u00e1var\u00fatveg og matv\u00e6lai\u00f0na\u00f0","publisher":{"@id":"https:\/\/cooling.is\/#organization"},"potentialAction":[{"@type":"SearchAction","target":{"@type":"EntryPoint","urlTemplate":"https:\/\/cooling.is\/?s={search_term_string}"},"query-input":{"@type":"PropertyValueSpecification","valueRequired":true,"valueName":"search_term_string"}}],"inLanguage":"en-US"},{"@type":"Organization","@id":"https:\/\/cooling.is\/#organization","name":"K\u00e6ling","url":"https:\/\/cooling.is\/","logo":{"@type":"ImageObject","inLanguage":"en-US","@id":"https:\/\/cooling.is\/#\/schema\/logo\/image\/","url":"https:\/\/cooling.is\/wp-content\/uploads\/2018\/06\/kaeling_logo.svg","contentUrl":"https:\/\/cooling.is\/wp-content\/uploads\/2018\/06\/kaeling_logo.svg","width":1907,"height":618,"caption":"K\u00e6ling"},"image":{"@id":"https:\/\/cooling.is\/#\/schema\/logo\/image\/"}}]}},"_links":{"self":[{"href":"https:\/\/cooling.is\/en\/wp-json\/wp\/v2\/product\/419","targetHints":{"allow":["GET"]}}],"collection":[{"href":"https:\/\/cooling.is\/en\/wp-json\/wp\/v2\/product"}],"about":[{"href":"https:\/\/cooling.is\/en\/wp-json\/wp\/v2\/types\/product"}],"replies":[{"embeddable":true,"href":"https:\/\/cooling.is\/en\/wp-json\/wp\/v2\/comments?post=419"}],"version-history":[{"count":4,"href":"https:\/\/cooling.is\/en\/wp-json\/wp\/v2\/product\/419\/revisions"}],"predecessor-version":[{"id":1738,"href":"https:\/\/cooling.is\/en\/wp-json\/wp\/v2\/product\/419\/revisions\/1738"}],"wp:featuredmedia":[{"embeddable":true,"href":"https:\/\/cooling.is\/en\/wp-json\/wp\/v2\/media\/420"}],"wp:attachment":[{"href":"https:\/\/cooling.is\/en\/wp-json\/wp\/v2\/media?parent=419"}],"wp:term":[{"taxonomy":"product_brand","embeddable":true,"href":"https:\/\/cooling.is\/en\/wp-json\/wp\/v2\/product_brand?post=419"},{"taxonomy":"product_cat","embeddable":true,"href":"https:\/\/cooling.is\/en\/wp-json\/wp\/v2\/product_cat?post=419"},{"taxonomy":"product_tag","embeddable":true,"href":"https:\/\/cooling.is\/en\/wp-json\/wp\/v2\/product_tag?post=419"}],"curies":[{"name":"wp","href":"https:\/\/api.w.org\/{rel}","templated":true}]}}