{"id":3341,"date":"2022-09-30T10:25:40","date_gmt":"2022-09-30T10:25:40","guid":{"rendered":"https:\/\/cooling.is\/?post_type=product&#038;p=3341"},"modified":"2022-09-30T11:18:01","modified_gmt":"2022-09-30T11:18:01","slug":"bs-5000-brine-system","status":"publish","type":"product","link":"https:\/\/cooling.is\/en\/product\/bs-5000-brine-system\/","title":{"rendered":"BS-5000 Brine system"},"content":{"rendered":"\t\t<div data-elementor-type=\"product-post\" data-elementor-id=\"3341\" class=\"elementor elementor-3341 elementor-3340\" data-elementor-settings=\"{&quot;element_pack_global_tooltip_width&quot;:{&quot;unit&quot;:&quot;px&quot;,&quot;size&quot;:&quot;&quot;,&quot;sizes&quot;:[]},&quot;element_pack_global_tooltip_width_tablet&quot;:{&quot;unit&quot;:&quot;px&quot;,&quot;size&quot;:&quot;&quot;,&quot;sizes&quot;:[]},&quot;element_pack_global_tooltip_width_mobile&quot;:{&quot;unit&quot;:&quot;px&quot;,&quot;size&quot;:&quot;&quot;,&quot;sizes&quot;:[]},&quot;element_pack_global_tooltip_padding&quot;:{&quot;unit&quot;:&quot;px&quot;,&quot;top&quot;:&quot;&quot;,&quot;right&quot;:&quot;&quot;,&quot;bottom&quot;:&quot;&quot;,&quot;left&quot;:&quot;&quot;,&quot;isLinked&quot;:true},&quot;element_pack_global_tooltip_padding_tablet&quot;:{&quot;unit&quot;:&quot;px&quot;,&quot;top&quot;:&quot;&quot;,&quot;right&quot;:&quot;&quot;,&quot;bottom&quot;:&quot;&quot;,&quot;left&quot;:&quot;&quot;,&quot;isLinked&quot;:true},&quot;element_pack_global_tooltip_padding_mobile&quot;:{&quot;unit&quot;:&quot;px&quot;,&quot;top&quot;:&quot;&quot;,&quot;right&quot;:&quot;&quot;,&quot;bottom&quot;:&quot;&quot;,&quot;left&quot;:&quot;&quot;,&quot;isLinked&quot;:true},&quot;element_pack_global_tooltip_border_radius&quot;:{&quot;unit&quot;:&quot;px&quot;,&quot;top&quot;:&quot;&quot;,&quot;right&quot;:&quot;&quot;,&quot;bottom&quot;:&quot;&quot;,&quot;left&quot;:&quot;&quot;,&quot;isLinked&quot;:true},&quot;element_pack_global_tooltip_border_radius_tablet&quot;:{&quot;unit&quot;:&quot;px&quot;,&quot;top&quot;:&quot;&quot;,&quot;right&quot;:&quot;&quot;,&quot;bottom&quot;:&quot;&quot;,&quot;left&quot;:&quot;&quot;,&quot;isLinked&quot;:true},&quot;element_pack_global_tooltip_border_radius_mobile&quot;:{&quot;unit&quot;:&quot;px&quot;,&quot;top&quot;:&quot;&quot;,&quot;right&quot;:&quot;&quot;,&quot;bottom&quot;:&quot;&quot;,&quot;left&quot;:&quot;&quot;,&quot;isLinked&quot;:true}}\" data-elementor-post-type=\"product\">\n\t\t\t\t\t\t<section class=\"elementor-section elementor-top-section elementor-element elementor-element-66db700d elementor-section-boxed elementor-section-height-default elementor-section-height-default\" data-id=\"66db700d\" data-element_type=\"section\">\n\t\t\t\t\t\t<div class=\"elementor-container elementor-column-gap-default\">\n\t\t\t\t\t<div class=\"aux-parallax-section elementor-column elementor-col-100 elementor-top-column elementor-element elementor-element-3013852\" data-id=\"3013852\" data-element_type=\"column\">\n\t\t\t<div class=\"elementor-widget-wrap elementor-element-populated\">\n\t\t\t\t\t\t<div class=\"elementor-element elementor-element-10e2bca8 elementor-widget elementor-widget-text-editor\" data-id=\"10e2bca8\" data-element_type=\"widget\" data-widget_type=\"text-editor.default\">\n\t\t\t\t<div class=\"elementor-widget-container\">\n\t\t\t\t\t\t\t\t\t<p>Brine systems are used to imitate sea by mixing salt and water, or to increase salinity of sea. Usually used with Slurry Ice Machines in order to make Slurry Ice for cooling down the catch or other products. <\/p>\n\t\t\t\t\t\t\t\t<\/div>\n\t\t\t\t<\/div>\n\t\t\t\t\t<\/div>\n\t\t<\/div>\n\t\t\t\t\t<\/div>\n\t\t<\/section>\n\t\t\t\t<\/div>\n\t\t","protected":false},"excerpt":{"rendered":"<div class=\"page\" title=\"Page 1\">\n<div class=\"section\">\n<div class=\"layoutArea\">\n<div class=\"column\">\n<p>KP-18 Sea Cooler at a glance<\/p>\n<p>The KP-18 Sea Cooler capacity is up to 1.000 liters per hour of seawater that is cooled to -2\u00b0C. The salt content must be 2.6% NaCl minimum. If needed salinity is not available, brine systems can be utilized Sea usage at 15\u00b0C is up to 1.500 liters per hour and sea filtration is 100 micron.<\/p>\n<p><a href=\"https:\/\/cooling.is\/wp-content\/uploads\/2022\/09\/KP-18_eng_prent.pdf\"><img decoding=\"async\" class=\"alignnone wp-image-3106 size-full\" src=\"https:\/\/cooling.is\/wp-content\/uploads\/2021\/08\/KP-18_eng_prent-hnappur.jpg\" alt=\"KP18 Sea cooler from K\u00e6ling Cooling in Iceland brochure\" width=\"150\" height=\"212\" \/><\/a><\/p>\n<\/div>\n<\/div>\n<\/div>\n<\/div>\n","protected":false},"featured_media":3355,"comment_status":"open","ping_status":"closed","template":"","meta":[],"product_brand":[],"product_cat":[96],"product_tag":[],"class_list":{"0":"post-3341","1":"product","2":"type-product","3":"status-publish","4":"has-post-thumbnail","6":"product_cat-brine-system","8":"first","9":"instock","10":"shipping-taxable","11":"product-type-simple"},"yoast_head":"<!-- This site is optimized with the Yoast SEO plugin v24.4 - https:\/\/yoast.com\/wordpress\/plugins\/seo\/ -->\n<title>BS-5000 Brine system - K\u00e6ling k\u00e6lilausnir.<\/title>\n<meta name=\"description\" content=\"BS-5000 Brines system mixes water and salt to imitate sea, or to increase salinity of sea.\" \/>\n<meta name=\"robots\" content=\"index, follow, max-snippet:-1, max-image-preview:large, max-video-preview:-1\" \/>\n<link rel=\"canonical\" href=\"https:\/\/cooling.is\/product\/bs-5000-saltpaekilkerfi\/\" \/>\n<meta property=\"og:locale\" content=\"en_US\" \/>\n<meta property=\"og:type\" content=\"article\" \/>\n<meta property=\"og:title\" content=\"BS-5000 Brine system - K\u00e6ling k\u00e6lilausnir.\" \/>\n<meta property=\"og:description\" content=\"BS-5000 Brines system mixes water and salt to imitate sea, or to increase salinity of sea.\" \/>\n<meta property=\"og:url\" content=\"https:\/\/cooling.is\/product\/bs-5000-saltpaekilkerfi\/\" \/>\n<meta property=\"og:site_name\" content=\"K\u00e6ling k\u00e6lilausnir.\" \/>\n<meta property=\"article:modified_time\" content=\"2022-09-30T11:18:01+00:00\" \/>\n<meta property=\"og:image\" content=\"https:\/\/cooling.is\/wp-content\/uploads\/2022\/09\/BS-5000-saltpaekilskerfi-800x800-1.png\" \/>\n\t<meta property=\"og:image:width\" content=\"800\" \/>\n\t<meta property=\"og:image:height\" content=\"800\" \/>\n\t<meta property=\"og:image:type\" content=\"image\/png\" \/>\n<meta name=\"twitter:card\" content=\"summary_large_image\" \/>\n<script type=\"application\/ld+json\" class=\"yoast-schema-graph\">{\"@context\":\"https:\/\/schema.org\",\"@graph\":[{\"@type\":\"WebPage\",\"@id\":\"https:\/\/cooling.is\/product\/bs-5000-saltpaekilkerfi\/\",\"url\":\"https:\/\/cooling.is\/product\/bs-5000-saltpaekilkerfi\/\",\"name\":\"BS-5000 Brine system - K\u00e6ling k\u00e6lilausnir.\",\"isPartOf\":{\"@id\":\"https:\/\/cooling.is\/#website\"},\"primaryImageOfPage\":{\"@id\":\"https:\/\/cooling.is\/product\/bs-5000-saltpaekilkerfi\/#primaryimage\"},\"image\":{\"@id\":\"https:\/\/cooling.is\/product\/bs-5000-saltpaekilkerfi\/#primaryimage\"},\"thumbnailUrl\":\"https:\/\/cooling.is\/wp-content\/uploads\/2022\/09\/BS-5000-saltpaekilskerfi-800x800-1.png\",\"datePublished\":\"2022-09-30T10:25:40+00:00\",\"dateModified\":\"2022-09-30T11:18:01+00:00\",\"description\":\"BS-5000 Brines system mixes water and salt to imitate sea, or to increase salinity of sea.\",\"breadcrumb\":{\"@id\":\"https:\/\/cooling.is\/product\/bs-5000-saltpaekilkerfi\/#breadcrumb\"},\"inLanguage\":\"en-US\",\"potentialAction\":[{\"@type\":\"ReadAction\",\"target\":[\"https:\/\/cooling.is\/product\/bs-5000-saltpaekilkerfi\/\"]}]},{\"@type\":\"ImageObject\",\"inLanguage\":\"en-US\",\"@id\":\"https:\/\/cooling.is\/product\/bs-5000-saltpaekilkerfi\/#primaryimage\",\"url\":\"https:\/\/cooling.is\/wp-content\/uploads\/2022\/09\/BS-5000-saltpaekilskerfi-800x800-1.png\",\"contentUrl\":\"https:\/\/cooling.is\/wp-content\/uploads\/2022\/09\/BS-5000-saltpaekilskerfi-800x800-1.png\",\"width\":800,\"height\":800,\"caption\":\"BS-5000 Brine system from K\u00e6ling\"},{\"@type\":\"BreadcrumbList\",\"@id\":\"https:\/\/cooling.is\/product\/bs-5000-saltpaekilkerfi\/#breadcrumb\",\"itemListElement\":[{\"@type\":\"ListItem\",\"position\":1,\"name\":\"Home\",\"item\":\"https:\/\/cooling.is\/\"},{\"@type\":\"ListItem\",\"position\":2,\"name\":\"Shop\",\"item\":\"https:\/\/cooling.is\/en\/shop\/\"},{\"@type\":\"ListItem\",\"position\":3,\"name\":\"BS-5000 Brine system\"}]},{\"@type\":\"WebSite\",\"@id\":\"https:\/\/cooling.is\/#website\",\"url\":\"https:\/\/cooling.is\/\",\"name\":\"K\u00e6ling k\u00e6lilausnir.\",\"description\":\"Alhli\u00f0a k\u00e6lilausnir fyrir sj\u00e1var\u00fatveg og matv\u00e6lai\u00f0na\u00f0\",\"publisher\":{\"@id\":\"https:\/\/cooling.is\/#organization\"},\"potentialAction\":[{\"@type\":\"SearchAction\",\"target\":{\"@type\":\"EntryPoint\",\"urlTemplate\":\"https:\/\/cooling.is\/?s={search_term_string}\"},\"query-input\":{\"@type\":\"PropertyValueSpecification\",\"valueRequired\":true,\"valueName\":\"search_term_string\"}}],\"inLanguage\":\"en-US\"},{\"@type\":\"Organization\",\"@id\":\"https:\/\/cooling.is\/#organization\",\"name\":\"K\u00e6ling\",\"url\":\"https:\/\/cooling.is\/\",\"logo\":{\"@type\":\"ImageObject\",\"inLanguage\":\"en-US\",\"@id\":\"https:\/\/cooling.is\/#\/schema\/logo\/image\/\",\"url\":\"https:\/\/cooling.is\/wp-content\/uploads\/2018\/06\/kaeling_logo.svg\",\"contentUrl\":\"https:\/\/cooling.is\/wp-content\/uploads\/2018\/06\/kaeling_logo.svg\",\"width\":1907,\"height\":618,\"caption\":\"K\u00e6ling\"},\"image\":{\"@id\":\"https:\/\/cooling.is\/#\/schema\/logo\/image\/\"}}]}<\/script>\n<!-- \/ Yoast SEO plugin. -->","yoast_head_json":{"title":"BS-5000 Brine system - K\u00e6ling k\u00e6lilausnir.","description":"BS-5000 Brines system mixes water and salt to imitate sea, or to increase salinity of sea.","robots":{"index":"index","follow":"follow","max-snippet":"max-snippet:-1","max-image-preview":"max-image-preview:large","max-video-preview":"max-video-preview:-1"},"canonical":"https:\/\/cooling.is\/product\/bs-5000-saltpaekilkerfi\/","og_locale":"en_US","og_type":"article","og_title":"BS-5000 Brine system - K\u00e6ling k\u00e6lilausnir.","og_description":"BS-5000 Brines system mixes water and salt to imitate sea, or to increase salinity of sea.","og_url":"https:\/\/cooling.is\/product\/bs-5000-saltpaekilkerfi\/","og_site_name":"K\u00e6ling k\u00e6lilausnir.","article_modified_time":"2022-09-30T11:18:01+00:00","og_image":[{"width":800,"height":800,"url":"https:\/\/cooling.is\/wp-content\/uploads\/2022\/09\/BS-5000-saltpaekilskerfi-800x800-1.png","type":"image\/png"}],"twitter_card":"summary_large_image","schema":{"@context":"https:\/\/schema.org","@graph":[{"@type":"WebPage","@id":"https:\/\/cooling.is\/product\/bs-5000-saltpaekilkerfi\/","url":"https:\/\/cooling.is\/product\/bs-5000-saltpaekilkerfi\/","name":"BS-5000 Brine system - K\u00e6ling k\u00e6lilausnir.","isPartOf":{"@id":"https:\/\/cooling.is\/#website"},"primaryImageOfPage":{"@id":"https:\/\/cooling.is\/product\/bs-5000-saltpaekilkerfi\/#primaryimage"},"image":{"@id":"https:\/\/cooling.is\/product\/bs-5000-saltpaekilkerfi\/#primaryimage"},"thumbnailUrl":"https:\/\/cooling.is\/wp-content\/uploads\/2022\/09\/BS-5000-saltpaekilskerfi-800x800-1.png","datePublished":"2022-09-30T10:25:40+00:00","dateModified":"2022-09-30T11:18:01+00:00","description":"BS-5000 Brines system mixes water and salt to imitate sea, or to increase salinity of sea.","breadcrumb":{"@id":"https:\/\/cooling.is\/product\/bs-5000-saltpaekilkerfi\/#breadcrumb"},"inLanguage":"en-US","potentialAction":[{"@type":"ReadAction","target":["https:\/\/cooling.is\/product\/bs-5000-saltpaekilkerfi\/"]}]},{"@type":"ImageObject","inLanguage":"en-US","@id":"https:\/\/cooling.is\/product\/bs-5000-saltpaekilkerfi\/#primaryimage","url":"https:\/\/cooling.is\/wp-content\/uploads\/2022\/09\/BS-5000-saltpaekilskerfi-800x800-1.png","contentUrl":"https:\/\/cooling.is\/wp-content\/uploads\/2022\/09\/BS-5000-saltpaekilskerfi-800x800-1.png","width":800,"height":800,"caption":"BS-5000 Brine system from K\u00e6ling"},{"@type":"BreadcrumbList","@id":"https:\/\/cooling.is\/product\/bs-5000-saltpaekilkerfi\/#breadcrumb","itemListElement":[{"@type":"ListItem","position":1,"name":"Home","item":"https:\/\/cooling.is\/"},{"@type":"ListItem","position":2,"name":"Shop","item":"https:\/\/cooling.is\/en\/shop\/"},{"@type":"ListItem","position":3,"name":"BS-5000 Brine system"}]},{"@type":"WebSite","@id":"https:\/\/cooling.is\/#website","url":"https:\/\/cooling.is\/","name":"K\u00e6ling k\u00e6lilausnir.","description":"Alhli\u00f0a k\u00e6lilausnir fyrir sj\u00e1var\u00fatveg og matv\u00e6lai\u00f0na\u00f0","publisher":{"@id":"https:\/\/cooling.is\/#organization"},"potentialAction":[{"@type":"SearchAction","target":{"@type":"EntryPoint","urlTemplate":"https:\/\/cooling.is\/?s={search_term_string}"},"query-input":{"@type":"PropertyValueSpecification","valueRequired":true,"valueName":"search_term_string"}}],"inLanguage":"en-US"},{"@type":"Organization","@id":"https:\/\/cooling.is\/#organization","name":"K\u00e6ling","url":"https:\/\/cooling.is\/","logo":{"@type":"ImageObject","inLanguage":"en-US","@id":"https:\/\/cooling.is\/#\/schema\/logo\/image\/","url":"https:\/\/cooling.is\/wp-content\/uploads\/2018\/06\/kaeling_logo.svg","contentUrl":"https:\/\/cooling.is\/wp-content\/uploads\/2018\/06\/kaeling_logo.svg","width":1907,"height":618,"caption":"K\u00e6ling"},"image":{"@id":"https:\/\/cooling.is\/#\/schema\/logo\/image\/"}}]}},"_links":{"self":[{"href":"https:\/\/cooling.is\/en\/wp-json\/wp\/v2\/product\/3341","targetHints":{"allow":["GET"]}}],"collection":[{"href":"https:\/\/cooling.is\/en\/wp-json\/wp\/v2\/product"}],"about":[{"href":"https:\/\/cooling.is\/en\/wp-json\/wp\/v2\/types\/product"}],"replies":[{"embeddable":true,"href":"https:\/\/cooling.is\/en\/wp-json\/wp\/v2\/comments?post=3341"}],"version-history":[{"count":4,"href":"https:\/\/cooling.is\/en\/wp-json\/wp\/v2\/product\/3341\/revisions"}],"predecessor-version":[{"id":3365,"href":"https:\/\/cooling.is\/en\/wp-json\/wp\/v2\/product\/3341\/revisions\/3365"}],"wp:featuredmedia":[{"embeddable":true,"href":"https:\/\/cooling.is\/en\/wp-json\/wp\/v2\/media\/3355"}],"wp:attachment":[{"href":"https:\/\/cooling.is\/en\/wp-json\/wp\/v2\/media?parent=3341"}],"wp:term":[{"taxonomy":"product_brand","embeddable":true,"href":"https:\/\/cooling.is\/en\/wp-json\/wp\/v2\/product_brand?post=3341"},{"taxonomy":"product_cat","embeddable":true,"href":"https:\/\/cooling.is\/en\/wp-json\/wp\/v2\/product_cat?post=3341"},{"taxonomy":"product_tag","embeddable":true,"href":"https:\/\/cooling.is\/en\/wp-json\/wp\/v2\/product_tag?post=3341"}],"curies":[{"name":"wp","href":"https:\/\/api.w.org\/{rel}","templated":true}]}}