{"id":3296,"date":"2020-09-21T22:54:46","date_gmt":"2020-09-21T22:54:46","guid":{"rendered":"https:\/\/cooling.is\/product\/slurry-ice-tank-1-500-liters\/"},"modified":"2022-09-29T09:42:50","modified_gmt":"2022-09-29T09:42:50","slug":"slurry-ice-tank-1-500-liters","status":"publish","type":"product","link":"https:\/\/cooling.is\/en\/product\/slurry-ice-tank-1-500-liters\/","title":{"rendered":"Slurry Ice storage tank 1.500 liters"},"content":{"rendered":"<p>Slurry Ice storage tank with double insulated walls and control unit that keeps the Slurry Ice ready to use and controls the flow to and from the storage tank. Storage capacity up to 1.500 liters of slurry ice. Ideal solution where the need is to cool down great volume in short time.<\/p>\n<p>Slurry Ice storage tanks from K\u00e6ling are sturdy and durable equipped with rotating paddles that keep the mix right at every time. In one end of the storage tank there is a control unit and pumps. If a valve is opened on the pipes from the slurry ice storage tank the control unit starts pumping the Slurry Ice and shuts of when the valve is closed.<\/p>\n<p>Ideal solution where there is need for cooling great volume in short time. K\u00e6ling offers custom made sizes of storage tanks and these standard sizes:<\/p>\n<ul>\n<li>1500 liters (LxWxH) 1800x1340x1460 mm<\/li>\n<li>2000 liters (LxWxH) 2310x1340x1460 mm<\/li>\n<li>3000 liters (LxWxH) 3230x1340x1460 mm<\/li>\n<li>4000 liters (LxWxH) 4160x1340x1460 mm<\/li>\n<\/ul>\n<h2>Contact us<\/h2>\n<p>Please contact us for further information.<br \/>\n<div class=\"wpcf7 no-js\" id=\"wpcf7-f529-o1\" lang=\"en-US\" dir=\"ltr\" data-wpcf7-id=\"529\">\n<div class=\"screen-reader-response\"><p role=\"status\" aria-live=\"polite\" aria-atomic=\"true\"><\/p> <ul><\/ul><\/div>\n<form action=\"\/en\/wp-json\/wp\/v2\/product\/3296#wpcf7-f529-o1\" method=\"post\" class=\"wpcf7-form init\" aria-label=\"Contact form\" novalidate=\"novalidate\" data-status=\"init\">\n<div style=\"display: none;\">\n<input type=\"hidden\" name=\"_wpcf7\" value=\"529\" \/>\n<input type=\"hidden\" name=\"_wpcf7_version\" value=\"6.0.3\" \/>\n<input type=\"hidden\" name=\"_wpcf7_locale\" value=\"en_US\" \/>\n<input type=\"hidden\" name=\"_wpcf7_unit_tag\" value=\"wpcf7-f529-o1\" \/>\n<input type=\"hidden\" name=\"_wpcf7_container_post\" value=\"0\" \/>\n<input type=\"hidden\" name=\"_wpcf7_posted_data_hash\" value=\"\" \/>\n<input type=\"hidden\" name=\"_wpcf7_recaptcha_response\" value=\"\" \/>\n<\/div>\n<p><label> Name (required)<br \/>\n<span class=\"wpcf7-form-control-wrap\" data-name=\"your-name\"><input size=\"40\" maxlength=\"400\" class=\"wpcf7-form-control wpcf7-text wpcf7-validates-as-required\" aria-required=\"true\" aria-invalid=\"false\" value=\"\" type=\"text\" name=\"your-name\" \/><\/span> <\/label>\n<\/p>\n<p><label> Email (required)<br \/>\n<span class=\"wpcf7-form-control-wrap\" data-name=\"your-email\"><input size=\"40\" maxlength=\"400\" class=\"wpcf7-form-control wpcf7-email wpcf7-validates-as-required wpcf7-text wpcf7-validates-as-email\" aria-required=\"true\" aria-invalid=\"false\" value=\"\" type=\"email\" name=\"your-email\" \/><\/span> <\/label>\n<\/p>\n<p><label> Subject (required)<br \/>\n<span class=\"wpcf7-form-control-wrap\" data-name=\"your-subject\"><input size=\"40\" maxlength=\"400\" class=\"wpcf7-form-control wpcf7-text\" aria-invalid=\"false\" value=\"\" type=\"text\" name=\"your-subject\" \/><\/span> <\/label>\n<\/p>\n<p><label> Message (required)<br \/>\n<span class=\"wpcf7-form-control-wrap\" data-name=\"your-message\"><textarea cols=\"40\" rows=\"10\" maxlength=\"2000\" class=\"wpcf7-form-control wpcf7-textarea\" aria-invalid=\"false\" name=\"your-message\"><\/textarea><\/span> <\/label><br \/>\n<span class=\"wpcf7-form-control-wrap recaptcha\" data-name=\"recaptcha\"><span data-sitekey=\"6LelyLoUAAAAAOgeRLNzE2ceK52-jK_Vkz5NK7IC\" data-theme=\"dark\" data-align=\"right\" class=\"wpcf7-form-control wpcf7-recaptcha g-recaptcha\"><\/span>\r\n<noscript>\r\n\t<div class=\"grecaptcha-noscript\">\r\n\t\t<iframe src=\"https:\/\/www.google.com\/recaptcha\/api\/fallback?k=6LelyLoUAAAAAOgeRLNzE2ceK52-jK_Vkz5NK7IC\" frameborder=\"0\" scrolling=\"no\" width=\"310\" height=\"430\">\r\n\t\t<\/iframe>\r\n\t\t<textarea name=\"g-recaptcha-response\" rows=\"3\" cols=\"40\" placeholder=\"reCaptcha Response Here\">\r\n\t\t<\/textarea>\r\n\t<\/div>\r\n<\/noscript>\r\n<\/span><br \/>\n<input class=\"wpcf7-form-control wpcf7-submit has-spinner\" type=\"submit\" value=\"Send\" \/>\n<\/p><div class=\"wpcf7-response-output\" aria-hidden=\"true\"><\/div>\n<\/form>\n<\/div>\n\n<h2>About us<\/h2>\n<p>K\u00e6ling ehf. is a leading company in the field of comprehensive cooling solutions for the fishing industry. We are constantly working on enabling our customers to maximize their catch value with expert cooling at all levels. Cooling solutions from K\u00e6ling have gained a foothold both in Iceland and abroad, as they have stood the test of time for quality, reliability, performance, durability and good service.<\/p>\n","protected":false},"excerpt":{"rendered":"<p>Slurry Ice storage tank with double insulated walls and control unit that keeps the Slurry Ice ready to use and controls the flow to and from the storage tank. Storage capacity up to 1.500 liters of slurry ice. Ideal solution where the need is to cool down great volume in short time. Slurry Ice storage [&hellip;]<\/p>\n","protected":false},"featured_media":1799,"comment_status":"open","ping_status":"closed","template":"","meta":[],"product_brand":[],"product_cat":[95],"product_tag":[],"class_list":{"0":"post-3296","1":"product","2":"type-product","3":"status-publish","4":"has-post-thumbnail","6":"product_cat-slurry-ice-storage-tanks","8":"first","9":"instock","10":"shipping-taxable","11":"product-type-simple"},"yoast_head":"<!-- This site is optimized with the Yoast SEO plugin v24.4 - https:\/\/yoast.com\/wordpress\/plugins\/seo\/ -->\n<title>Slurry Ice storage tank - 1500 liter<\/title>\n<meta name=\"description\" content=\"Slurry Ice storage tank with double insulated walls. Storage capacety up to 1.500 liters of slurry ice. Ideal solution where the need is to cool down greate volume in short time.\" \/>\n<meta name=\"robots\" content=\"index, follow, max-snippet:-1, max-image-preview:large, max-video-preview:-1\" \/>\n<link rel=\"canonical\" href=\"https:\/\/cooling.is\/en\/product\/slurry-ice-tank-1-500-liters\/\" \/>\n<meta property=\"og:locale\" content=\"en_US\" \/>\n<meta property=\"og:type\" content=\"article\" \/>\n<meta property=\"og:title\" content=\"Slurry Ice storage tank - 1500 liter\" \/>\n<meta property=\"og:description\" content=\"Slurry Ice storage tank with double insulated walls. Storage capacety up to 1.500 liters of slurry ice. Ideal solution where the need is to cool down greate volume in short time.\" \/>\n<meta property=\"og:url\" content=\"https:\/\/cooling.is\/en\/product\/slurry-ice-tank-1-500-liters\/\" \/>\n<meta property=\"og:site_name\" content=\"K\u00e6ling k\u00e6lilausnir.\" \/>\n<meta property=\"article:modified_time\" content=\"2022-09-29T09:42:50+00:00\" \/>\n<meta property=\"og:image\" content=\"https:\/\/cooling.is\/wp-content\/uploads\/2019\/10\/I\u0301skrapatankur-3000-litrar-flokkamynd.png\" \/>\n\t<meta property=\"og:image:width\" content=\"800\" \/>\n\t<meta property=\"og:image:height\" content=\"800\" \/>\n\t<meta property=\"og:image:type\" content=\"image\/png\" \/>\n<meta name=\"twitter:card\" content=\"summary_large_image\" \/>\n<script type=\"application\/ld+json\" class=\"yoast-schema-graph\">{\"@context\":\"https:\/\/schema.org\",\"@graph\":[{\"@type\":\"WebPage\",\"@id\":\"https:\/\/cooling.is\/en\/product\/slurry-ice-tank-1-500-liters\/\",\"url\":\"https:\/\/cooling.is\/en\/product\/slurry-ice-tank-1-500-liters\/\",\"name\":\"Slurry Ice storage tank - 1500 liter\",\"isPartOf\":{\"@id\":\"https:\/\/cooling.is\/#website\"},\"primaryImageOfPage\":{\"@id\":\"https:\/\/cooling.is\/en\/product\/slurry-ice-tank-1-500-liters\/#primaryimage\"},\"image\":{\"@id\":\"https:\/\/cooling.is\/en\/product\/slurry-ice-tank-1-500-liters\/#primaryimage\"},\"thumbnailUrl\":\"https:\/\/cooling.is\/wp-content\/uploads\/2019\/10\/I\u0301skrapatankur-3000-litrar-flokkamynd.png\",\"datePublished\":\"2020-09-21T22:54:46+00:00\",\"dateModified\":\"2022-09-29T09:42:50+00:00\",\"description\":\"Slurry Ice storage tank with double insulated walls. Storage capacety up to 1.500 liters of slurry ice. Ideal solution where the need is to cool down greate volume in short time.\",\"breadcrumb\":{\"@id\":\"https:\/\/cooling.is\/en\/product\/slurry-ice-tank-1-500-liters\/#breadcrumb\"},\"inLanguage\":\"en-US\",\"potentialAction\":[{\"@type\":\"ReadAction\",\"target\":[\"https:\/\/cooling.is\/en\/product\/slurry-ice-tank-1-500-liters\/\"]}]},{\"@type\":\"ImageObject\",\"inLanguage\":\"en-US\",\"@id\":\"https:\/\/cooling.is\/en\/product\/slurry-ice-tank-1-500-liters\/#primaryimage\",\"url\":\"https:\/\/cooling.is\/wp-content\/uploads\/2019\/10\/I\u0301skrapatankur-3000-litrar-flokkamynd.png\",\"contentUrl\":\"https:\/\/cooling.is\/wp-content\/uploads\/2019\/10\/I\u0301skrapatankur-3000-litrar-flokkamynd.png\",\"width\":800,\"height\":800,\"caption\":\"Storage Tank for Slurry Ice from K\u00e6ling in Iceland\"},{\"@type\":\"BreadcrumbList\",\"@id\":\"https:\/\/cooling.is\/en\/product\/slurry-ice-tank-1-500-liters\/#breadcrumb\",\"itemListElement\":[{\"@type\":\"ListItem\",\"position\":1,\"name\":\"Home\",\"item\":\"https:\/\/cooling.is\/\"},{\"@type\":\"ListItem\",\"position\":2,\"name\":\"Shop\",\"item\":\"https:\/\/cooling.is\/en\/shop\/\"},{\"@type\":\"ListItem\",\"position\":3,\"name\":\"Slurry Ice storage tank 1.500 liters\"}]},{\"@type\":\"WebSite\",\"@id\":\"https:\/\/cooling.is\/#website\",\"url\":\"https:\/\/cooling.is\/\",\"name\":\"K\u00e6ling k\u00e6lilausnir.\",\"description\":\"Alhli\u00f0a k\u00e6lilausnir fyrir sj\u00e1var\u00fatveg og matv\u00e6lai\u00f0na\u00f0\",\"publisher\":{\"@id\":\"https:\/\/cooling.is\/#organization\"},\"potentialAction\":[{\"@type\":\"SearchAction\",\"target\":{\"@type\":\"EntryPoint\",\"urlTemplate\":\"https:\/\/cooling.is\/?s={search_term_string}\"},\"query-input\":{\"@type\":\"PropertyValueSpecification\",\"valueRequired\":true,\"valueName\":\"search_term_string\"}}],\"inLanguage\":\"en-US\"},{\"@type\":\"Organization\",\"@id\":\"https:\/\/cooling.is\/#organization\",\"name\":\"K\u00e6ling\",\"url\":\"https:\/\/cooling.is\/\",\"logo\":{\"@type\":\"ImageObject\",\"inLanguage\":\"en-US\",\"@id\":\"https:\/\/cooling.is\/#\/schema\/logo\/image\/\",\"url\":\"https:\/\/cooling.is\/wp-content\/uploads\/2018\/06\/kaeling_logo.svg\",\"contentUrl\":\"https:\/\/cooling.is\/wp-content\/uploads\/2018\/06\/kaeling_logo.svg\",\"width\":1907,\"height\":618,\"caption\":\"K\u00e6ling\"},\"image\":{\"@id\":\"https:\/\/cooling.is\/#\/schema\/logo\/image\/\"}}]}<\/script>\n<!-- \/ Yoast SEO plugin. -->","yoast_head_json":{"title":"Slurry Ice storage tank - 1500 liter","description":"Slurry Ice storage tank with double insulated walls. Storage capacety up to 1.500 liters of slurry ice. Ideal solution where the need is to cool down greate volume in short time.","robots":{"index":"index","follow":"follow","max-snippet":"max-snippet:-1","max-image-preview":"max-image-preview:large","max-video-preview":"max-video-preview:-1"},"canonical":"https:\/\/cooling.is\/en\/product\/slurry-ice-tank-1-500-liters\/","og_locale":"en_US","og_type":"article","og_title":"Slurry Ice storage tank - 1500 liter","og_description":"Slurry Ice storage tank with double insulated walls. Storage capacety up to 1.500 liters of slurry ice. Ideal solution where the need is to cool down greate volume in short time.","og_url":"https:\/\/cooling.is\/en\/product\/slurry-ice-tank-1-500-liters\/","og_site_name":"K\u00e6ling k\u00e6lilausnir.","article_modified_time":"2022-09-29T09:42:50+00:00","og_image":[{"width":800,"height":800,"url":"https:\/\/cooling.is\/wp-content\/uploads\/2019\/10\/I\u0301skrapatankur-3000-litrar-flokkamynd.png","type":"image\/png"}],"twitter_card":"summary_large_image","schema":{"@context":"https:\/\/schema.org","@graph":[{"@type":"WebPage","@id":"https:\/\/cooling.is\/en\/product\/slurry-ice-tank-1-500-liters\/","url":"https:\/\/cooling.is\/en\/product\/slurry-ice-tank-1-500-liters\/","name":"Slurry Ice storage tank - 1500 liter","isPartOf":{"@id":"https:\/\/cooling.is\/#website"},"primaryImageOfPage":{"@id":"https:\/\/cooling.is\/en\/product\/slurry-ice-tank-1-500-liters\/#primaryimage"},"image":{"@id":"https:\/\/cooling.is\/en\/product\/slurry-ice-tank-1-500-liters\/#primaryimage"},"thumbnailUrl":"https:\/\/cooling.is\/wp-content\/uploads\/2019\/10\/I\u0301skrapatankur-3000-litrar-flokkamynd.png","datePublished":"2020-09-21T22:54:46+00:00","dateModified":"2022-09-29T09:42:50+00:00","description":"Slurry Ice storage tank with double insulated walls. Storage capacety up to 1.500 liters of slurry ice. Ideal solution where the need is to cool down greate volume in short time.","breadcrumb":{"@id":"https:\/\/cooling.is\/en\/product\/slurry-ice-tank-1-500-liters\/#breadcrumb"},"inLanguage":"en-US","potentialAction":[{"@type":"ReadAction","target":["https:\/\/cooling.is\/en\/product\/slurry-ice-tank-1-500-liters\/"]}]},{"@type":"ImageObject","inLanguage":"en-US","@id":"https:\/\/cooling.is\/en\/product\/slurry-ice-tank-1-500-liters\/#primaryimage","url":"https:\/\/cooling.is\/wp-content\/uploads\/2019\/10\/I\u0301skrapatankur-3000-litrar-flokkamynd.png","contentUrl":"https:\/\/cooling.is\/wp-content\/uploads\/2019\/10\/I\u0301skrapatankur-3000-litrar-flokkamynd.png","width":800,"height":800,"caption":"Storage Tank for Slurry Ice from K\u00e6ling in Iceland"},{"@type":"BreadcrumbList","@id":"https:\/\/cooling.is\/en\/product\/slurry-ice-tank-1-500-liters\/#breadcrumb","itemListElement":[{"@type":"ListItem","position":1,"name":"Home","item":"https:\/\/cooling.is\/"},{"@type":"ListItem","position":2,"name":"Shop","item":"https:\/\/cooling.is\/en\/shop\/"},{"@type":"ListItem","position":3,"name":"Slurry Ice storage tank 1.500 liters"}]},{"@type":"WebSite","@id":"https:\/\/cooling.is\/#website","url":"https:\/\/cooling.is\/","name":"K\u00e6ling k\u00e6lilausnir.","description":"Alhli\u00f0a k\u00e6lilausnir fyrir sj\u00e1var\u00fatveg og matv\u00e6lai\u00f0na\u00f0","publisher":{"@id":"https:\/\/cooling.is\/#organization"},"potentialAction":[{"@type":"SearchAction","target":{"@type":"EntryPoint","urlTemplate":"https:\/\/cooling.is\/?s={search_term_string}"},"query-input":{"@type":"PropertyValueSpecification","valueRequired":true,"valueName":"search_term_string"}}],"inLanguage":"en-US"},{"@type":"Organization","@id":"https:\/\/cooling.is\/#organization","name":"K\u00e6ling","url":"https:\/\/cooling.is\/","logo":{"@type":"ImageObject","inLanguage":"en-US","@id":"https:\/\/cooling.is\/#\/schema\/logo\/image\/","url":"https:\/\/cooling.is\/wp-content\/uploads\/2018\/06\/kaeling_logo.svg","contentUrl":"https:\/\/cooling.is\/wp-content\/uploads\/2018\/06\/kaeling_logo.svg","width":1907,"height":618,"caption":"K\u00e6ling"},"image":{"@id":"https:\/\/cooling.is\/#\/schema\/logo\/image\/"}}]}},"_links":{"self":[{"href":"https:\/\/cooling.is\/en\/wp-json\/wp\/v2\/product\/3296","targetHints":{"allow":["GET"]}}],"collection":[{"href":"https:\/\/cooling.is\/en\/wp-json\/wp\/v2\/product"}],"about":[{"href":"https:\/\/cooling.is\/en\/wp-json\/wp\/v2\/types\/product"}],"replies":[{"embeddable":true,"href":"https:\/\/cooling.is\/en\/wp-json\/wp\/v2\/comments?post=3296"}],"version-history":[{"count":7,"href":"https:\/\/cooling.is\/en\/wp-json\/wp\/v2\/product\/3296\/revisions"}],"predecessor-version":[{"id":3310,"href":"https:\/\/cooling.is\/en\/wp-json\/wp\/v2\/product\/3296\/revisions\/3310"}],"wp:featuredmedia":[{"embeddable":true,"href":"https:\/\/cooling.is\/en\/wp-json\/wp\/v2\/media\/1799"}],"wp:attachment":[{"href":"https:\/\/cooling.is\/en\/wp-json\/wp\/v2\/media?parent=3296"}],"wp:term":[{"taxonomy":"product_brand","embeddable":true,"href":"https:\/\/cooling.is\/en\/wp-json\/wp\/v2\/product_brand?post=3296"},{"taxonomy":"product_cat","embeddable":true,"href":"https:\/\/cooling.is\/en\/wp-json\/wp\/v2\/product_cat?post=3296"},{"taxonomy":"product_tag","embeddable":true,"href":"https:\/\/cooling.is\/en\/wp-json\/wp\/v2\/product_tag?post=3296"}],"curies":[{"name":"wp","href":"https:\/\/api.w.org\/{rel}","templated":true}]}}