{"id":2199,"date":"2021-07-28T14:58:23","date_gmt":"2021-08-05T14:58:24","guid":{"rendered":"https:\/\/cooling.is\/?post_type=product&#038;p=2199"},"modified":"2022-09-28T15:57:29","modified_gmt":"2022-09-28T15:57:29","slug":"k-20pa-slurry-ice-machine-air-cooled-with-a-pre-cooler-copy","status":"publish","type":"product","link":"https:\/\/cooling.is\/en\/product\/k-20pa-slurry-ice-machine-air-cooled-with-a-pre-cooler-copy\/","title":{"rendered":"K-20PA Slurry Ice Machine air cooled and with a Pre-Cooler"},"content":{"rendered":"\t\t<div data-elementor-type=\"product-post\" data-elementor-id=\"2199\" class=\"elementor elementor-2199 elementor-2198\" data-elementor-settings=\"{&quot;element_pack_global_tooltip_width&quot;:{&quot;unit&quot;:&quot;px&quot;,&quot;size&quot;:&quot;&quot;,&quot;sizes&quot;:[]},&quot;element_pack_global_tooltip_width_tablet&quot;:{&quot;unit&quot;:&quot;px&quot;,&quot;size&quot;:&quot;&quot;,&quot;sizes&quot;:[]},&quot;element_pack_global_tooltip_width_mobile&quot;:{&quot;unit&quot;:&quot;px&quot;,&quot;size&quot;:&quot;&quot;,&quot;sizes&quot;:[]},&quot;element_pack_global_tooltip_padding&quot;:{&quot;unit&quot;:&quot;px&quot;,&quot;top&quot;:&quot;&quot;,&quot;right&quot;:&quot;&quot;,&quot;bottom&quot;:&quot;&quot;,&quot;left&quot;:&quot;&quot;,&quot;isLinked&quot;:true},&quot;element_pack_global_tooltip_padding_tablet&quot;:{&quot;unit&quot;:&quot;px&quot;,&quot;top&quot;:&quot;&quot;,&quot;right&quot;:&quot;&quot;,&quot;bottom&quot;:&quot;&quot;,&quot;left&quot;:&quot;&quot;,&quot;isLinked&quot;:true},&quot;element_pack_global_tooltip_padding_mobile&quot;:{&quot;unit&quot;:&quot;px&quot;,&quot;top&quot;:&quot;&quot;,&quot;right&quot;:&quot;&quot;,&quot;bottom&quot;:&quot;&quot;,&quot;left&quot;:&quot;&quot;,&quot;isLinked&quot;:true},&quot;element_pack_global_tooltip_border_radius&quot;:{&quot;unit&quot;:&quot;px&quot;,&quot;top&quot;:&quot;&quot;,&quot;right&quot;:&quot;&quot;,&quot;bottom&quot;:&quot;&quot;,&quot;left&quot;:&quot;&quot;,&quot;isLinked&quot;:true},&quot;element_pack_global_tooltip_border_radius_tablet&quot;:{&quot;unit&quot;:&quot;px&quot;,&quot;top&quot;:&quot;&quot;,&quot;right&quot;:&quot;&quot;,&quot;bottom&quot;:&quot;&quot;,&quot;left&quot;:&quot;&quot;,&quot;isLinked&quot;:true},&quot;element_pack_global_tooltip_border_radius_mobile&quot;:{&quot;unit&quot;:&quot;px&quot;,&quot;top&quot;:&quot;&quot;,&quot;right&quot;:&quot;&quot;,&quot;bottom&quot;:&quot;&quot;,&quot;left&quot;:&quot;&quot;,&quot;isLinked&quot;:true}}\" data-elementor-post-type=\"product\">\n\t\t\t\t\t\t<section class=\"elementor-section elementor-top-section elementor-element elementor-element-336bdb4d elementor-section-boxed elementor-section-height-default elementor-section-height-default\" data-id=\"336bdb4d\" data-element_type=\"section\">\n\t\t\t\t\t\t<div class=\"elementor-container elementor-column-gap-default\">\n\t\t\t\t\t<div class=\"aux-parallax-section elementor-column elementor-col-100 elementor-top-column elementor-element elementor-element-379795fe\" data-id=\"379795fe\" data-element_type=\"column\">\n\t\t\t<div class=\"elementor-widget-wrap elementor-element-populated\">\n\t\t\t\t\t\t<div class=\"elementor-element elementor-element-2c756d70 elementor-widget elementor-widget-text-editor\" data-id=\"2c756d70\" data-element_type=\"widget\" data-widget_type=\"text-editor.default\">\n\t\t\t\t<div class=\"elementor-widget-container\">\n\t\t\t\t\t\t\t\t\t<div class=\"page\" title=\"Page 1\"><div class=\"section\"><div class=\"layoutArea\"><div class=\"column\"><p>From the moment the catch is on board the cooling process is the key to maximize the value. K\u00e6ling ehf. offers comprehensive cooling solutions for food and fishing industry from the catching moment to final processing.<\/p><div class=\"page\" title=\"Page 1\"><div class=\"section\"><div class=\"layoutArea\"><div class=\"column\"><h2>Why use a slurry ice?<\/h2><p>Slurry ice is one of the best cooling methods for catch available. Slurry ice completely surround all the catch and thus ensures more even and better cooling e.g. compared to traditional ice. Spots due to uneven cooling by ice flakes is a thing of the past. Slurry ice is easily pumped through pipes to the places of usage, whether it is on board or at processing stations on land.<\/p><h2>Slurry ice used on board and ashore<\/h2><p>The popularity of slurry ice is growing rapidly both on board fishing vessels and processing stations on land. Slurry ice is excellent<br \/>for all catches from the sea and very good for variety of foods.<br \/>The thickness of an slurry ice c an vary from 15% to 40% of an<\/p><p>ice concentrate. Thin slurry ice 15-20% is used in processing but thicker up to 40% when slurry ice is used for storing catch in tubs.<\/p><h2>The K-20PA Slurry Ice Machine at a glance<\/h2><p>The K-20PA can produce up to 5.770 liters of slurry ice per hour. The machine is Air Cooled equipped with a pre-cooler that ensures even performance at up to 20\u00b0C sea temperature. The salt content must be at least 2.6% NaCl. If needed salinity is not available, brine systems can be utilized. No sea usage as this version is Air Cooled.<\/p><div class=\"page\" title=\"Page 1\"><div class=\"section\"><div class=\"layoutArea\"><div class=\"column\"><h2>Compact equipment and flexible installation<\/h2><p>The Slurry Ice Machine take up little space in terms of capacity and are assembled from independent units. The flexibility in installation is very good, in fact so good that The Slurry Ice Machines have always been installed in spite of limited space. Control panels for ice machines are computer controlled and with touch screen. Multiple control panels can be installed with each Slurry Ice Machine. It is common to have a control panel on a bridge and others on a working deck. Pipes are led from The Slurry Ice Machine to the place or places where there is use for the slurry ice.<\/p><h2>Durability and reliability<\/h2><p>The first Slurry Ice Machine from K\u00e6ling was installed in 2005 and all the machines that K\u00e6ling ehf. has installed and serviced are still in use. With regular service inspection and proper maintenance, the live time of the machines can be expected up to 25 years or even longer.<\/p><h2>Technical specifications<\/h2><table><tbody><tr><td><strong>Ice production capacity at 0\u00b0 sea temperature:<\/strong><\/td><td>5770 l\/hour of 10% ice and 1800 l\/hour of 40% ice<\/td><\/tr><tr><td><strong>Pre-cooler:\u00a0<\/strong><\/td><td>Enables even capacity at sea temp up to +15\u00b0C.<\/td><\/tr><tr><td><p><b>Production at 0\u00b0C sea temperature<\/b><\/p><\/td><td>\u00a060.346 kcal\/h<\/td><\/tr><tr><td><strong>Minimum salinity:<\/strong><\/td><td>\u00a02,6 % NaCI<\/td><\/tr><tr><td><strong>Opperating Power Consumption:<\/strong><\/td><td>\u00a050 kW<\/td><\/tr><tr><td><strong>Measurements in mm (LxWxH):<\/strong><\/td><td>\u00a02000x1300x1850<\/td><\/tr><tr><td><strong>Weight:<\/strong><\/td><td>\u00a01780 kg<\/td><\/tr><tr><td><strong>Refrigerant:<\/strong><\/td><td>\u00a0404A\/449A<\/td><\/tr><tr><td><strong>Filtration:<\/strong><\/td><td>\u00a030 my<\/td><\/tr><tr><td><strong>Sea usage at 15\u00b0C:<\/strong><\/td><td>\u00a0no usage &#8211; air cooled<\/td><\/tr><\/tbody><\/table><h2>Contact us<\/h2><p>Please contact us for further information.<br \/>\n<div class=\"wpcf7 no-js\" id=\"wpcf7-f529-o1\" lang=\"en-US\" dir=\"ltr\" data-wpcf7-id=\"529\">\n<div class=\"screen-reader-response\"><p role=\"status\" aria-live=\"polite\" aria-atomic=\"true\"><\/p> <ul><\/ul><\/div>\n<form action=\"\/en\/wp-json\/wp\/v2\/product\/2199#wpcf7-f529-o1\" method=\"post\" class=\"wpcf7-form init\" aria-label=\"Contact form\" novalidate=\"novalidate\" data-status=\"init\">\n<div style=\"display: none;\">\n<input type=\"hidden\" name=\"_wpcf7\" value=\"529\" \/>\n<input type=\"hidden\" name=\"_wpcf7_version\" value=\"6.0.3\" \/>\n<input type=\"hidden\" name=\"_wpcf7_locale\" value=\"en_US\" \/>\n<input type=\"hidden\" name=\"_wpcf7_unit_tag\" value=\"wpcf7-f529-o1\" \/>\n<input type=\"hidden\" name=\"_wpcf7_container_post\" value=\"0\" \/>\n<input type=\"hidden\" name=\"_wpcf7_posted_data_hash\" value=\"\" \/>\n<input type=\"hidden\" name=\"_wpcf7_recaptcha_response\" value=\"\" \/>\n<\/div>\n<p><label> Name (required)<br \/>\n<span class=\"wpcf7-form-control-wrap\" data-name=\"your-name\"><input size=\"40\" maxlength=\"400\" class=\"wpcf7-form-control wpcf7-text wpcf7-validates-as-required\" aria-required=\"true\" aria-invalid=\"false\" value=\"\" type=\"text\" name=\"your-name\" \/><\/span> <\/label>\n<\/p>\n<p><label> Email (required)<br \/>\n<span class=\"wpcf7-form-control-wrap\" data-name=\"your-email\"><input size=\"40\" maxlength=\"400\" class=\"wpcf7-form-control wpcf7-email wpcf7-validates-as-required wpcf7-text wpcf7-validates-as-email\" aria-required=\"true\" aria-invalid=\"false\" value=\"\" type=\"email\" name=\"your-email\" \/><\/span> <\/label>\n<\/p>\n<p><label> Subject (required)<br \/>\n<span class=\"wpcf7-form-control-wrap\" data-name=\"your-subject\"><input size=\"40\" maxlength=\"400\" class=\"wpcf7-form-control wpcf7-text\" aria-invalid=\"false\" value=\"\" type=\"text\" name=\"your-subject\" \/><\/span> <\/label>\n<\/p>\n<p><label> Message (required)<br \/>\n<span class=\"wpcf7-form-control-wrap\" data-name=\"your-message\"><textarea cols=\"40\" rows=\"10\" maxlength=\"2000\" class=\"wpcf7-form-control wpcf7-textarea\" aria-invalid=\"false\" name=\"your-message\"><\/textarea><\/span> <\/label><br \/>\n<span class=\"wpcf7-form-control-wrap recaptcha\" data-name=\"recaptcha\"><span data-sitekey=\"6LelyLoUAAAAAOgeRLNzE2ceK52-jK_Vkz5NK7IC\" data-theme=\"dark\" data-align=\"right\" class=\"wpcf7-form-control wpcf7-recaptcha g-recaptcha\"><\/span>\r\n<noscript>\r\n\t<div class=\"grecaptcha-noscript\">\r\n\t\t<iframe src=\"https:\/\/www.google.com\/recaptcha\/api\/fallback?k=6LelyLoUAAAAAOgeRLNzE2ceK52-jK_Vkz5NK7IC\" frameborder=\"0\" scrolling=\"no\" width=\"310\" height=\"430\">\r\n\t\t<\/iframe>\r\n\t\t<textarea name=\"g-recaptcha-response\" rows=\"3\" cols=\"40\" placeholder=\"reCaptcha Response Here\">\r\n\t\t<\/textarea>\r\n\t<\/div>\r\n<\/noscript>\r\n<\/span><br \/>\n<input class=\"wpcf7-form-control wpcf7-submit has-spinner\" type=\"submit\" value=\"Send\" \/>\n<\/p><div class=\"wpcf7-response-output\" aria-hidden=\"true\"><\/div>\n<\/form>\n<\/div>\n<\/p><h2>About us<\/h2><div class=\"page\" title=\"Page 1\"><div class=\"section\"><div class=\"layoutArea\"><div class=\"column\"><p>K\u00e6ling ehf. is a leading company in the field of comprehensive cooling solutions for the fishing industry. We are constantly working on enabling our customers to maximize their catch value with expert cooling at all levels. Cooling solutions from K\u00e6ling have gained a foothold both in Iceland and abroad, as they have stood the test of time for quality, reliability, performance, durability and good service.<\/p><\/div><\/div><\/div><\/div><\/div><\/div><\/div><\/div><\/div><\/div><\/div><\/div><\/div><\/div><\/div><\/div>\t\t\t\t\t\t\t\t<\/div>\n\t\t\t\t<\/div>\n\t\t\t\t\t<\/div>\n\t\t<\/div>\n\t\t\t\t\t<\/div>\n\t\t<\/section>\n\t\t\t\t<\/div>\n\t\t","protected":false},"excerpt":{"rendered":"<h2>The K-20PA Slurry Ice Machine at a glance<\/h2>\n<p>The K-20PA can produce up to 5.770 liters of slurry ice per hour. The machine is Air Cooled equipped with a pre-cooler that ensures even performance at up to 20\u00b0C sea temperature. The salt content must be at least 2.6% NaCl. If needed salinity is not available, brine systems can be utilized. No sea usage as this version is Air Cooled.<\/p>\n","protected":false},"featured_media":2202,"comment_status":"open","ping_status":"closed","template":"","meta":[],"product_brand":[],"product_cat":[56,57],"product_tag":[80,81,82],"class_list":{"0":"post-2199","1":"product","2":"type-product","3":"status-publish","4":"has-post-thumbnail","6":"product_cat-slurry-ice-machines","7":"product_cat-slurry-ice-machines-with-pre-cooler","8":"product_tag-slurry-ice-machine","9":"product_tag-slurry-ice-machine-en","10":"product_tag-slurry-ice-machine-en-2","12":"first","13":"instock","14":"shipping-taxable","15":"product-type-simple"},"yoast_head":"<!-- This site is optimized with the Yoast SEO plugin v24.4 - https:\/\/yoast.com\/wordpress\/plugins\/seo\/ -->\n<title>K-20PA Slurry Ice Machine air cooled and with a Pre-Cooler - K\u00e6ling k\u00e6lilausnir.<\/title>\n<meta name=\"description\" content=\"K-20F Slurry Ice Machine with Pre-Cooler is powerful cooling system. Cooling offers industrial cooling solutions for fisheries and other food industries.\" \/>\n<meta name=\"robots\" content=\"index, follow, max-snippet:-1, max-image-preview:large, max-video-preview:-1\" \/>\n<link rel=\"canonical\" href=\"https:\/\/cooling.is\/en\/product\/k-20pa-slurry-ice-machine-air-cooled-with-a-pre-cooler-copy\/\" \/>\n<meta property=\"og:locale\" content=\"en_US\" \/>\n<meta property=\"og:type\" content=\"article\" \/>\n<meta property=\"og:title\" content=\"K-20PA Slurry Ice Machine air cooled and with a Pre-Cooler - K\u00e6ling k\u00e6lilausnir.\" \/>\n<meta property=\"og:description\" content=\"K-20F Slurry Ice Machine with Pre-Cooler is powerful cooling system. Cooling offers industrial cooling solutions for fisheries and other food industries.\" \/>\n<meta property=\"og:url\" content=\"https:\/\/cooling.is\/en\/product\/k-20pa-slurry-ice-machine-air-cooled-with-a-pre-cooler-copy\/\" \/>\n<meta property=\"og:site_name\" content=\"K\u00e6ling k\u00e6lilausnir.\" \/>\n<meta property=\"article:modified_time\" content=\"2022-09-28T15:57:29+00:00\" \/>\n<meta property=\"og:image\" content=\"https:\/\/cooling.is\/wp-content\/uploads\/2021\/08\/I\u0301skrapave\u0301lar-vo\u0308ruflokkur.png\" \/>\n\t<meta property=\"og:image:width\" content=\"800\" \/>\n\t<meta property=\"og:image:height\" content=\"800\" \/>\n\t<meta property=\"og:image:type\" content=\"image\/png\" \/>\n<meta name=\"twitter:card\" content=\"summary_large_image\" \/>\n<script type=\"application\/ld+json\" class=\"yoast-schema-graph\">{\"@context\":\"https:\/\/schema.org\",\"@graph\":[{\"@type\":\"WebPage\",\"@id\":\"https:\/\/cooling.is\/en\/product\/k-20pa-slurry-ice-machine-air-cooled-with-a-pre-cooler-copy\/\",\"url\":\"https:\/\/cooling.is\/en\/product\/k-20pa-slurry-ice-machine-air-cooled-with-a-pre-cooler-copy\/\",\"name\":\"K-20PA Slurry Ice Machine air cooled and with a Pre-Cooler - K\u00e6ling k\u00e6lilausnir.\",\"isPartOf\":{\"@id\":\"https:\/\/cooling.is\/#website\"},\"primaryImageOfPage\":{\"@id\":\"https:\/\/cooling.is\/en\/product\/k-20pa-slurry-ice-machine-air-cooled-with-a-pre-cooler-copy\/#primaryimage\"},\"image\":{\"@id\":\"https:\/\/cooling.is\/en\/product\/k-20pa-slurry-ice-machine-air-cooled-with-a-pre-cooler-copy\/#primaryimage\"},\"thumbnailUrl\":\"https:\/\/cooling.is\/wp-content\/uploads\/2021\/08\/I\u0301skrapave\u0301lar-vo\u0308ruflokkur.png\",\"datePublished\":\"2021-08-05T14:58:24+00:00\",\"dateModified\":\"2022-09-28T15:57:29+00:00\",\"description\":\"K-20F Slurry Ice Machine with Pre-Cooler is powerful cooling system. Cooling offers industrial cooling solutions for fisheries and other food industries.\",\"breadcrumb\":{\"@id\":\"https:\/\/cooling.is\/en\/product\/k-20pa-slurry-ice-machine-air-cooled-with-a-pre-cooler-copy\/#breadcrumb\"},\"inLanguage\":\"en-US\",\"potentialAction\":[{\"@type\":\"ReadAction\",\"target\":[\"https:\/\/cooling.is\/en\/product\/k-20pa-slurry-ice-machine-air-cooled-with-a-pre-cooler-copy\/\"]}]},{\"@type\":\"ImageObject\",\"inLanguage\":\"en-US\",\"@id\":\"https:\/\/cooling.is\/en\/product\/k-20pa-slurry-ice-machine-air-cooled-with-a-pre-cooler-copy\/#primaryimage\",\"url\":\"https:\/\/cooling.is\/wp-content\/uploads\/2021\/08\/I\u0301skrapave\u0301lar-vo\u0308ruflokkur.png\",\"contentUrl\":\"https:\/\/cooling.is\/wp-content\/uploads\/2021\/08\/I\u0301skrapave\u0301lar-vo\u0308ruflokkur.png\",\"width\":800,\"height\":800,\"caption\":\"K20FA \u00cdskrapav\u00e9l me\u00f0 fork\u00e6li og loftk\u00e6lingu\"},{\"@type\":\"BreadcrumbList\",\"@id\":\"https:\/\/cooling.is\/en\/product\/k-20pa-slurry-ice-machine-air-cooled-with-a-pre-cooler-copy\/#breadcrumb\",\"itemListElement\":[{\"@type\":\"ListItem\",\"position\":1,\"name\":\"Home\",\"item\":\"https:\/\/cooling.is\/\"},{\"@type\":\"ListItem\",\"position\":2,\"name\":\"Shop\",\"item\":\"https:\/\/cooling.is\/en\/shop\/\"},{\"@type\":\"ListItem\",\"position\":3,\"name\":\"K-20PA Slurry Ice Machine air cooled and with a Pre-Cooler\"}]},{\"@type\":\"WebSite\",\"@id\":\"https:\/\/cooling.is\/#website\",\"url\":\"https:\/\/cooling.is\/\",\"name\":\"K\u00e6ling k\u00e6lilausnir.\",\"description\":\"Alhli\u00f0a k\u00e6lilausnir fyrir sj\u00e1var\u00fatveg og matv\u00e6lai\u00f0na\u00f0\",\"publisher\":{\"@id\":\"https:\/\/cooling.is\/#organization\"},\"potentialAction\":[{\"@type\":\"SearchAction\",\"target\":{\"@type\":\"EntryPoint\",\"urlTemplate\":\"https:\/\/cooling.is\/?s={search_term_string}\"},\"query-input\":{\"@type\":\"PropertyValueSpecification\",\"valueRequired\":true,\"valueName\":\"search_term_string\"}}],\"inLanguage\":\"en-US\"},{\"@type\":\"Organization\",\"@id\":\"https:\/\/cooling.is\/#organization\",\"name\":\"K\u00e6ling\",\"url\":\"https:\/\/cooling.is\/\",\"logo\":{\"@type\":\"ImageObject\",\"inLanguage\":\"en-US\",\"@id\":\"https:\/\/cooling.is\/#\/schema\/logo\/image\/\",\"url\":\"https:\/\/cooling.is\/wp-content\/uploads\/2018\/06\/kaeling_logo.svg\",\"contentUrl\":\"https:\/\/cooling.is\/wp-content\/uploads\/2018\/06\/kaeling_logo.svg\",\"width\":1907,\"height\":618,\"caption\":\"K\u00e6ling\"},\"image\":{\"@id\":\"https:\/\/cooling.is\/#\/schema\/logo\/image\/\"}}]}<\/script>\n<!-- \/ Yoast SEO plugin. -->","yoast_head_json":{"title":"K-20PA Slurry Ice Machine air cooled and with a Pre-Cooler - K\u00e6ling k\u00e6lilausnir.","description":"K-20F Slurry Ice Machine with Pre-Cooler is powerful cooling system. Cooling offers industrial cooling solutions for fisheries and other food industries.","robots":{"index":"index","follow":"follow","max-snippet":"max-snippet:-1","max-image-preview":"max-image-preview:large","max-video-preview":"max-video-preview:-1"},"canonical":"https:\/\/cooling.is\/en\/product\/k-20pa-slurry-ice-machine-air-cooled-with-a-pre-cooler-copy\/","og_locale":"en_US","og_type":"article","og_title":"K-20PA Slurry Ice Machine air cooled and with a Pre-Cooler - K\u00e6ling k\u00e6lilausnir.","og_description":"K-20F Slurry Ice Machine with Pre-Cooler is powerful cooling system. Cooling offers industrial cooling solutions for fisheries and other food industries.","og_url":"https:\/\/cooling.is\/en\/product\/k-20pa-slurry-ice-machine-air-cooled-with-a-pre-cooler-copy\/","og_site_name":"K\u00e6ling k\u00e6lilausnir.","article_modified_time":"2022-09-28T15:57:29+00:00","og_image":[{"width":800,"height":800,"url":"https:\/\/cooling.is\/wp-content\/uploads\/2021\/08\/I\u0301skrapave\u0301lar-vo\u0308ruflokkur.png","type":"image\/png"}],"twitter_card":"summary_large_image","schema":{"@context":"https:\/\/schema.org","@graph":[{"@type":"WebPage","@id":"https:\/\/cooling.is\/en\/product\/k-20pa-slurry-ice-machine-air-cooled-with-a-pre-cooler-copy\/","url":"https:\/\/cooling.is\/en\/product\/k-20pa-slurry-ice-machine-air-cooled-with-a-pre-cooler-copy\/","name":"K-20PA Slurry Ice Machine air cooled and with a Pre-Cooler - K\u00e6ling k\u00e6lilausnir.","isPartOf":{"@id":"https:\/\/cooling.is\/#website"},"primaryImageOfPage":{"@id":"https:\/\/cooling.is\/en\/product\/k-20pa-slurry-ice-machine-air-cooled-with-a-pre-cooler-copy\/#primaryimage"},"image":{"@id":"https:\/\/cooling.is\/en\/product\/k-20pa-slurry-ice-machine-air-cooled-with-a-pre-cooler-copy\/#primaryimage"},"thumbnailUrl":"https:\/\/cooling.is\/wp-content\/uploads\/2021\/08\/I\u0301skrapave\u0301lar-vo\u0308ruflokkur.png","datePublished":"2021-08-05T14:58:24+00:00","dateModified":"2022-09-28T15:57:29+00:00","description":"K-20F Slurry Ice Machine with Pre-Cooler is powerful cooling system. Cooling offers industrial cooling solutions for fisheries and other food industries.","breadcrumb":{"@id":"https:\/\/cooling.is\/en\/product\/k-20pa-slurry-ice-machine-air-cooled-with-a-pre-cooler-copy\/#breadcrumb"},"inLanguage":"en-US","potentialAction":[{"@type":"ReadAction","target":["https:\/\/cooling.is\/en\/product\/k-20pa-slurry-ice-machine-air-cooled-with-a-pre-cooler-copy\/"]}]},{"@type":"ImageObject","inLanguage":"en-US","@id":"https:\/\/cooling.is\/en\/product\/k-20pa-slurry-ice-machine-air-cooled-with-a-pre-cooler-copy\/#primaryimage","url":"https:\/\/cooling.is\/wp-content\/uploads\/2021\/08\/I\u0301skrapave\u0301lar-vo\u0308ruflokkur.png","contentUrl":"https:\/\/cooling.is\/wp-content\/uploads\/2021\/08\/I\u0301skrapave\u0301lar-vo\u0308ruflokkur.png","width":800,"height":800,"caption":"K20FA \u00cdskrapav\u00e9l me\u00f0 fork\u00e6li og loftk\u00e6lingu"},{"@type":"BreadcrumbList","@id":"https:\/\/cooling.is\/en\/product\/k-20pa-slurry-ice-machine-air-cooled-with-a-pre-cooler-copy\/#breadcrumb","itemListElement":[{"@type":"ListItem","position":1,"name":"Home","item":"https:\/\/cooling.is\/"},{"@type":"ListItem","position":2,"name":"Shop","item":"https:\/\/cooling.is\/en\/shop\/"},{"@type":"ListItem","position":3,"name":"K-20PA Slurry Ice Machine air cooled and with a Pre-Cooler"}]},{"@type":"WebSite","@id":"https:\/\/cooling.is\/#website","url":"https:\/\/cooling.is\/","name":"K\u00e6ling k\u00e6lilausnir.","description":"Alhli\u00f0a k\u00e6lilausnir fyrir sj\u00e1var\u00fatveg og matv\u00e6lai\u00f0na\u00f0","publisher":{"@id":"https:\/\/cooling.is\/#organization"},"potentialAction":[{"@type":"SearchAction","target":{"@type":"EntryPoint","urlTemplate":"https:\/\/cooling.is\/?s={search_term_string}"},"query-input":{"@type":"PropertyValueSpecification","valueRequired":true,"valueName":"search_term_string"}}],"inLanguage":"en-US"},{"@type":"Organization","@id":"https:\/\/cooling.is\/#organization","name":"K\u00e6ling","url":"https:\/\/cooling.is\/","logo":{"@type":"ImageObject","inLanguage":"en-US","@id":"https:\/\/cooling.is\/#\/schema\/logo\/image\/","url":"https:\/\/cooling.is\/wp-content\/uploads\/2018\/06\/kaeling_logo.svg","contentUrl":"https:\/\/cooling.is\/wp-content\/uploads\/2018\/06\/kaeling_logo.svg","width":1907,"height":618,"caption":"K\u00e6ling"},"image":{"@id":"https:\/\/cooling.is\/#\/schema\/logo\/image\/"}}]}},"_links":{"self":[{"href":"https:\/\/cooling.is\/en\/wp-json\/wp\/v2\/product\/2199","targetHints":{"allow":["GET"]}}],"collection":[{"href":"https:\/\/cooling.is\/en\/wp-json\/wp\/v2\/product"}],"about":[{"href":"https:\/\/cooling.is\/en\/wp-json\/wp\/v2\/types\/product"}],"replies":[{"embeddable":true,"href":"https:\/\/cooling.is\/en\/wp-json\/wp\/v2\/comments?post=2199"}],"version-history":[{"count":8,"href":"https:\/\/cooling.is\/en\/wp-json\/wp\/v2\/product\/2199\/revisions"}],"predecessor-version":[{"id":3286,"href":"https:\/\/cooling.is\/en\/wp-json\/wp\/v2\/product\/2199\/revisions\/3286"}],"wp:featuredmedia":[{"embeddable":true,"href":"https:\/\/cooling.is\/en\/wp-json\/wp\/v2\/media\/2202"}],"wp:attachment":[{"href":"https:\/\/cooling.is\/en\/wp-json\/wp\/v2\/media?parent=2199"}],"wp:term":[{"taxonomy":"product_brand","embeddable":true,"href":"https:\/\/cooling.is\/en\/wp-json\/wp\/v2\/product_brand?post=2199"},{"taxonomy":"product_cat","embeddable":true,"href":"https:\/\/cooling.is\/en\/wp-json\/wp\/v2\/product_cat?post=2199"},{"taxonomy":"product_tag","embeddable":true,"href":"https:\/\/cooling.is\/en\/wp-json\/wp\/v2\/product_tag?post=2199"}],"curies":[{"name":"wp","href":"https:\/\/api.w.org\/{rel}","templated":true}]}}