{"id":2088,"date":"2021-08-04T14:32:34","date_gmt":"2021-08-04T14:32:36","guid":{"rendered":"https:\/\/cooling.is\/?post_type=product&#038;p=2088"},"modified":"2025-02-06T12:20:18","modified_gmt":"2025-02-06T12:20:18","slug":"kr-40p-rack-slurry-ice-machine-with-a-pre-cooler","status":"publish","type":"product","link":"https:\/\/cooling.is\/en\/product\/kr-40p-rack-slurry-ice-machine-with-a-pre-cooler\/","title":{"rendered":"KR-40P Rack Slurry Ice Machine with a Pre-Cooler"},"content":{"rendered":"\t\t<div data-elementor-type=\"product-post\" data-elementor-id=\"2088\" class=\"elementor elementor-2088 elementor-2087\" data-elementor-settings=\"{&quot;element_pack_global_tooltip_width&quot;:{&quot;unit&quot;:&quot;px&quot;,&quot;size&quot;:&quot;&quot;,&quot;sizes&quot;:[]},&quot;element_pack_global_tooltip_width_tablet&quot;:{&quot;unit&quot;:&quot;px&quot;,&quot;size&quot;:&quot;&quot;,&quot;sizes&quot;:[]},&quot;element_pack_global_tooltip_width_mobile&quot;:{&quot;unit&quot;:&quot;px&quot;,&quot;size&quot;:&quot;&quot;,&quot;sizes&quot;:[]},&quot;element_pack_global_tooltip_padding&quot;:{&quot;unit&quot;:&quot;px&quot;,&quot;top&quot;:&quot;&quot;,&quot;right&quot;:&quot;&quot;,&quot;bottom&quot;:&quot;&quot;,&quot;left&quot;:&quot;&quot;,&quot;isLinked&quot;:true},&quot;element_pack_global_tooltip_padding_tablet&quot;:{&quot;unit&quot;:&quot;px&quot;,&quot;top&quot;:&quot;&quot;,&quot;right&quot;:&quot;&quot;,&quot;bottom&quot;:&quot;&quot;,&quot;left&quot;:&quot;&quot;,&quot;isLinked&quot;:true},&quot;element_pack_global_tooltip_padding_mobile&quot;:{&quot;unit&quot;:&quot;px&quot;,&quot;top&quot;:&quot;&quot;,&quot;right&quot;:&quot;&quot;,&quot;bottom&quot;:&quot;&quot;,&quot;left&quot;:&quot;&quot;,&quot;isLinked&quot;:true},&quot;element_pack_global_tooltip_border_radius&quot;:{&quot;unit&quot;:&quot;px&quot;,&quot;top&quot;:&quot;&quot;,&quot;right&quot;:&quot;&quot;,&quot;bottom&quot;:&quot;&quot;,&quot;left&quot;:&quot;&quot;,&quot;isLinked&quot;:true},&quot;element_pack_global_tooltip_border_radius_tablet&quot;:{&quot;unit&quot;:&quot;px&quot;,&quot;top&quot;:&quot;&quot;,&quot;right&quot;:&quot;&quot;,&quot;bottom&quot;:&quot;&quot;,&quot;left&quot;:&quot;&quot;,&quot;isLinked&quot;:true},&quot;element_pack_global_tooltip_border_radius_mobile&quot;:{&quot;unit&quot;:&quot;px&quot;,&quot;top&quot;:&quot;&quot;,&quot;right&quot;:&quot;&quot;,&quot;bottom&quot;:&quot;&quot;,&quot;left&quot;:&quot;&quot;,&quot;isLinked&quot;:true}}\" data-elementor-post-type=\"product\">\n\t\t\t\t\t\t<section class=\"elementor-section elementor-top-section elementor-element elementor-element-7db14900 elementor-section-boxed elementor-section-height-default elementor-section-height-default\" data-id=\"7db14900\" data-element_type=\"section\">\n\t\t\t\t\t\t<div class=\"elementor-container elementor-column-gap-default\">\n\t\t\t\t\t<div class=\"aux-parallax-section elementor-column elementor-col-100 elementor-top-column elementor-element elementor-element-591a6213\" data-id=\"591a6213\" data-element_type=\"column\">\n\t\t\t<div class=\"elementor-widget-wrap elementor-element-populated\">\n\t\t\t\t\t\t<div class=\"elementor-element elementor-element-7bf4b0b7 elementor-widget elementor-widget-text-editor\" data-id=\"7bf4b0b7\" data-element_type=\"widget\" data-widget_type=\"text-editor.default\">\n\t\t\t\t<div class=\"elementor-widget-container\">\n\t\t\t\t\t\t\t\t\t<h2><strong>K-40PR Slurry Ice Machine<\/strong><\/h2>\r\nK-40PR is a Slurry Ice Machine with precooler in a rack version and has the highest performing capacity of standard Slurry Ice Machine. We make to order higher performing machines.\r\n<h2><strong>Maximize catch value with perfect cooling<\/strong><\/h2>\r\nCorrect handling and perfect cooling of catch from the catching moment to delivery is the key to maximizing catch value. K\u00e6ling ehf. specializes in cooling any catch from the sea from when it is caught until it is produced on land.\r\n<h2><strong>Why use slurry ice?<\/strong><\/h2>\r\nSlurry ice is one of the best cooling methods for catch available. Slurry ice completely surround all the catch and thus ensures more even and better cooling e.g. compared to traditional ice. Spots due to uneven cooling by ice flakes is a thing of the past. Slurry ice is easily pumped through pipes to the places of usage, whether it is on board or at processing stations on land.\r\n<h2><strong>Slurry ice on board fishing vessels and at fisheries on land<\/strong><\/h2>\r\nThe popularity of slurry ice is growing rapidly both on board fishing vessels and at processing stations on land. Slurry ice is excellent\r\nfor all catches from the sea and very good for a variety of foods.\r\nThe thickness of a slurry ice can vary from 15% to 40% of an ice concentrate. Thin slurry ice of 15-20% is used in processing but thicker up to 40% when slurry ice is used for storing catch in tubs.\r\n<h2><strong>K-40PR Slurry Ice Machine at a glance<\/strong><\/h2>\r\nThe K-40PR can produce up to 12.677 liters of slurry ice per hour. The machine is equipped with a pre-cooler that ensures even performance at up to 15\u00b0C sea temperature. The salt content must be at least 2.6% NaCl. If needed salinity is not available, brine systems can be utilized. Sea usage at 15\u00b0C is up to 28.000 liters per hour and sea filtration 30 microns.\r\n<table>\r\n<tbody>\r\n<tr>\r\n<td><strong>Ice production capacity at 0\u00b0 sea temperature:<\/strong><\/td>\r\n<td>12.667 l\/hour of 10% ice and 3.716 l\/hour of 40% ice.<\/td>\r\n<\/tr>\r\n<tr>\r\n<td><strong>Pre-cooler:\u00a0 <\/strong><\/td>\r\n<td>Enables even capacity at sea temp up to +15\u00b0C.<\/td>\r\n<\/tr>\r\n<tr>\r\n<td><b>Production at 0\u00b0C sea temperature:<\/b><\/td>\r\n<td>\u00a0129.310 kcal\/hour.<\/td>\r\n<\/tr>\r\n<tr>\r\n<td><strong>Minimum salinity:<\/strong><\/td>\r\n<td>\u00a02,6 % NaCl<\/td>\r\n<\/tr>\r\n<tr>\r\n<td><strong>Operating Power Consumption:<\/strong><\/td>\r\n<td>\u00a0111 Kw<\/td>\r\n<\/tr>\r\n<tr>\r\n<td><strong>Measurements in mm (LxWxH):<\/strong><\/td>\r\n<td>\u00a02000x1300x1850<\/td>\r\n<\/tr>\r\n<tr>\r\n<td><strong>Weight: <\/strong><\/td>\r\n<td>\u00a01.490 kg<\/td>\r\n<\/tr>\r\n<tr>\r\n<td><strong>Refrigerant:<\/strong><\/td>\r\n<td>\u00a0449A<\/td>\r\n<\/tr>\r\n<tr>\r\n<td><strong>Filtration:<\/strong><\/td>\r\n<td>\u00a030 my<\/td>\r\n<\/tr>\r\n<tr>\r\n<td><strong>Sea usage at 15\u00b0C:<\/strong><\/td>\r\n<td>\u00a028.000 l\/hour.<\/td>\r\n<\/tr>\r\n<\/tbody>\r\n<\/table>\r\n<h2><strong>Compact equipment and flexible installation<\/strong><\/h2>\r\nThe Slurry Ice Machine takes up little space in terms of capacity and is assembled from independent units. The installation flexibility is very good, in fact so good that The Slurry Ice Machines have always been installed despite limited space. Control panels for ice machines are computer-controlled and with touch screens. Multiple control panels can be installed with each Slurry Ice Machine. It is common to have a control panel on a bridge and others on a working deck. Pipes are led from The Slurry Ice Machine to the place or places where there is use for the slurry ice.\r\n\r\n<strong>\u00a0<\/strong>\r\n<h2><strong>Durability and reliability<\/strong><\/h2>\r\nThe first Slurry Ice Machine from K\u00e6ling was installed in 2005 and all the machines that K\u00e6ling ehf. has installed and serviced are still in use. With regular service inspection and proper maintenance, the live time of the machines can be expected up to 25 years or even longer.\r\n\r\n<strong>\u00a0<\/strong>\r\n<h2><strong>About us<\/strong><\/h2>\r\nK\u00e6ling ehf. is a leading company in the field of comprehensive cooling solutions for the fishing industry. We are constantly working on enabling our customers to maximize their catch value with expert cooling at all levels. Cooling solutions from K\u00e6ling have gained a foothold both in Iceland and abroad, as they have stood the test of time for quality, reliability, performance, durability, and good service..\r\n<h2><strong>Contact us<\/strong><\/h2>\r\nDo not hesitate to contact us. We pride ourselves on providing excellent service and only offer high-quality products that we trust and know will deliver increased catch value.\r\n\r\nWe have wide range of pre-designed <a href=\"https:\/\/cooling.is\/en\/industry-cooling-equipment\/slurry-ice-machines\/\">Slurry Ice Machines<\/a> and offer made-to-order solution for all kinds and sizes of fishing vessels and fisheries.\t\t\t\t\t\t\t\t<\/div>\n\t\t\t\t<\/div>\n\t\t\t\t\t<\/div>\n\t\t<\/div>\n\t\t\t\t\t<\/div>\n\t\t<\/section>\n\t\t\t\t<\/div>\n\t\t","protected":false},"excerpt":{"rendered":"<p><strong>K-40PR is the most powerful slurry ice machine we have to offer. This powerhouse can produce up to 12.677 ltr\/hour of slurry ice.\u00a0<\/strong><\/p>\n<p><a href=\"https:\/\/cooling.is\/wp-content\/uploads\/2018\/06\/K-20F_Slurry_Ice_Pre_Cooler.pdf\">Brochure (USA \u2013 letter size)<\/a><\/p>\n","protected":false},"featured_media":2090,"comment_status":"open","ping_status":"closed","template":"","meta":[],"product_brand":[],"product_cat":[56],"product_tag":[81,82,80],"class_list":{"0":"post-2088","1":"product","2":"type-product","3":"status-publish","4":"has-post-thumbnail","6":"product_cat-slurry-ice-machines","7":"product_tag-slurry-ice-machine-en","8":"product_tag-slurry-ice-machine-en-2","9":"product_tag-slurry-ice-machine","11":"first","12":"instock","13":"shipping-taxable","14":"product-type-simple"},"yoast_head":"<!-- This site is optimized with the Yoast SEO plugin v24.4 - https:\/\/yoast.com\/wordpress\/plugins\/seo\/ -->\n<title>KR-40P Rack Slurry Ice Machine with a Pre-Cooler - K\u00e6ling k\u00e6lilausnir.<\/title>\n<meta name=\"description\" content=\"K-40PR Slurry Ice Machine with Pre-Cooler Rack version is powerful cooling system. Cooling offers industrial cooling solutions for fisheries and other food industries.\" \/>\n<meta name=\"robots\" content=\"index, follow, max-snippet:-1, max-image-preview:large, max-video-preview:-1\" \/>\n<link rel=\"canonical\" href=\"https:\/\/cooling.is\/en\/product\/kr-40p-rack-slurry-ice-machine-with-a-pre-cooler\/\" \/>\n<meta property=\"og:locale\" content=\"en_US\" \/>\n<meta property=\"og:type\" content=\"article\" \/>\n<meta property=\"og:title\" content=\"KR-40P Rack Slurry Ice Machine with a Pre-Cooler - K\u00e6ling k\u00e6lilausnir.\" \/>\n<meta property=\"og:description\" content=\"K-40PR Slurry Ice Machine with Pre-Cooler Rack version is powerful cooling system. Cooling offers industrial cooling solutions for fisheries and other food industries.\" \/>\n<meta property=\"og:url\" content=\"https:\/\/cooling.is\/en\/product\/kr-40p-rack-slurry-ice-machine-with-a-pre-cooler\/\" \/>\n<meta property=\"og:site_name\" content=\"K\u00e6ling k\u00e6lilausnir.\" \/>\n<meta property=\"article:modified_time\" content=\"2025-02-06T12:20:18+00:00\" \/>\n<meta property=\"og:image\" content=\"https:\/\/cooling.is\/wp-content\/uploads\/2021\/08\/KR-40-F-rekka-kaelikerfi-800x800-1.png\" \/>\n\t<meta property=\"og:image:width\" content=\"800\" \/>\n\t<meta property=\"og:image:height\" content=\"800\" \/>\n\t<meta property=\"og:image:type\" content=\"image\/png\" \/>\n<meta name=\"twitter:card\" content=\"summary_large_image\" \/>\n<meta name=\"twitter:label1\" content=\"Est. reading time\" \/>\n\t<meta name=\"twitter:data1\" content=\"3 minutes\" \/>\n<script type=\"application\/ld+json\" class=\"yoast-schema-graph\">{\"@context\":\"https:\/\/schema.org\",\"@graph\":[{\"@type\":\"WebPage\",\"@id\":\"https:\/\/cooling.is\/en\/product\/kr-40p-rack-slurry-ice-machine-with-a-pre-cooler\/\",\"url\":\"https:\/\/cooling.is\/en\/product\/kr-40p-rack-slurry-ice-machine-with-a-pre-cooler\/\",\"name\":\"KR-40P Rack Slurry Ice Machine with a Pre-Cooler - K\u00e6ling k\u00e6lilausnir.\",\"isPartOf\":{\"@id\":\"https:\/\/cooling.is\/#website\"},\"primaryImageOfPage\":{\"@id\":\"https:\/\/cooling.is\/en\/product\/kr-40p-rack-slurry-ice-machine-with-a-pre-cooler\/#primaryimage\"},\"image\":{\"@id\":\"https:\/\/cooling.is\/en\/product\/kr-40p-rack-slurry-ice-machine-with-a-pre-cooler\/#primaryimage\"},\"thumbnailUrl\":\"https:\/\/cooling.is\/wp-content\/uploads\/2021\/08\/KR-40-F-rekka-kaelikerfi-800x800-1.png\",\"datePublished\":\"2021-08-04T14:32:36+00:00\",\"dateModified\":\"2025-02-06T12:20:18+00:00\",\"description\":\"K-40PR Slurry Ice Machine with Pre-Cooler Rack version is powerful cooling system. Cooling offers industrial cooling solutions for fisheries and other food industries.\",\"breadcrumb\":{\"@id\":\"https:\/\/cooling.is\/en\/product\/kr-40p-rack-slurry-ice-machine-with-a-pre-cooler\/#breadcrumb\"},\"inLanguage\":\"en-US\",\"potentialAction\":[{\"@type\":\"ReadAction\",\"target\":[\"https:\/\/cooling.is\/en\/product\/kr-40p-rack-slurry-ice-machine-with-a-pre-cooler\/\"]}]},{\"@type\":\"ImageObject\",\"inLanguage\":\"en-US\",\"@id\":\"https:\/\/cooling.is\/en\/product\/kr-40p-rack-slurry-ice-machine-with-a-pre-cooler\/#primaryimage\",\"url\":\"https:\/\/cooling.is\/wp-content\/uploads\/2021\/08\/KR-40-F-rekka-kaelikerfi-800x800-1.png\",\"contentUrl\":\"https:\/\/cooling.is\/wp-content\/uploads\/2021\/08\/KR-40-F-rekka-kaelikerfi-800x800-1.png\",\"width\":800,\"height\":800,\"caption\":\"K-40PR Slurry Ice Machine from Cooling\"},{\"@type\":\"BreadcrumbList\",\"@id\":\"https:\/\/cooling.is\/en\/product\/kr-40p-rack-slurry-ice-machine-with-a-pre-cooler\/#breadcrumb\",\"itemListElement\":[{\"@type\":\"ListItem\",\"position\":1,\"name\":\"Home\",\"item\":\"https:\/\/cooling.is\/\"},{\"@type\":\"ListItem\",\"position\":2,\"name\":\"Shop\",\"item\":\"https:\/\/cooling.is\/en\/shop\/\"},{\"@type\":\"ListItem\",\"position\":3,\"name\":\"KR-40P Rack Slurry Ice Machine with a Pre-Cooler\"}]},{\"@type\":\"WebSite\",\"@id\":\"https:\/\/cooling.is\/#website\",\"url\":\"https:\/\/cooling.is\/\",\"name\":\"K\u00e6ling k\u00e6lilausnir.\",\"description\":\"Alhli\u00f0a k\u00e6lilausnir fyrir sj\u00e1var\u00fatveg og matv\u00e6lai\u00f0na\u00f0\",\"publisher\":{\"@id\":\"https:\/\/cooling.is\/#organization\"},\"potentialAction\":[{\"@type\":\"SearchAction\",\"target\":{\"@type\":\"EntryPoint\",\"urlTemplate\":\"https:\/\/cooling.is\/?s={search_term_string}\"},\"query-input\":{\"@type\":\"PropertyValueSpecification\",\"valueRequired\":true,\"valueName\":\"search_term_string\"}}],\"inLanguage\":\"en-US\"},{\"@type\":\"Organization\",\"@id\":\"https:\/\/cooling.is\/#organization\",\"name\":\"K\u00e6ling\",\"url\":\"https:\/\/cooling.is\/\",\"logo\":{\"@type\":\"ImageObject\",\"inLanguage\":\"en-US\",\"@id\":\"https:\/\/cooling.is\/#\/schema\/logo\/image\/\",\"url\":\"https:\/\/cooling.is\/wp-content\/uploads\/2018\/06\/kaeling_logo.svg\",\"contentUrl\":\"https:\/\/cooling.is\/wp-content\/uploads\/2018\/06\/kaeling_logo.svg\",\"width\":1907,\"height\":618,\"caption\":\"K\u00e6ling\"},\"image\":{\"@id\":\"https:\/\/cooling.is\/#\/schema\/logo\/image\/\"}}]}<\/script>\n<!-- \/ Yoast SEO plugin. -->","yoast_head_json":{"title":"KR-40P Rack Slurry Ice Machine with a Pre-Cooler - K\u00e6ling k\u00e6lilausnir.","description":"K-40PR Slurry Ice Machine with Pre-Cooler Rack version is powerful cooling system. Cooling offers industrial cooling solutions for fisheries and other food industries.","robots":{"index":"index","follow":"follow","max-snippet":"max-snippet:-1","max-image-preview":"max-image-preview:large","max-video-preview":"max-video-preview:-1"},"canonical":"https:\/\/cooling.is\/en\/product\/kr-40p-rack-slurry-ice-machine-with-a-pre-cooler\/","og_locale":"en_US","og_type":"article","og_title":"KR-40P Rack Slurry Ice Machine with a Pre-Cooler - K\u00e6ling k\u00e6lilausnir.","og_description":"K-40PR Slurry Ice Machine with Pre-Cooler Rack version is powerful cooling system. Cooling offers industrial cooling solutions for fisheries and other food industries.","og_url":"https:\/\/cooling.is\/en\/product\/kr-40p-rack-slurry-ice-machine-with-a-pre-cooler\/","og_site_name":"K\u00e6ling k\u00e6lilausnir.","article_modified_time":"2025-02-06T12:20:18+00:00","og_image":[{"width":800,"height":800,"url":"https:\/\/cooling.is\/wp-content\/uploads\/2021\/08\/KR-40-F-rekka-kaelikerfi-800x800-1.png","type":"image\/png"}],"twitter_card":"summary_large_image","twitter_misc":{"Est. reading time":"3 minutes"},"schema":{"@context":"https:\/\/schema.org","@graph":[{"@type":"WebPage","@id":"https:\/\/cooling.is\/en\/product\/kr-40p-rack-slurry-ice-machine-with-a-pre-cooler\/","url":"https:\/\/cooling.is\/en\/product\/kr-40p-rack-slurry-ice-machine-with-a-pre-cooler\/","name":"KR-40P Rack Slurry Ice Machine with a Pre-Cooler - K\u00e6ling k\u00e6lilausnir.","isPartOf":{"@id":"https:\/\/cooling.is\/#website"},"primaryImageOfPage":{"@id":"https:\/\/cooling.is\/en\/product\/kr-40p-rack-slurry-ice-machine-with-a-pre-cooler\/#primaryimage"},"image":{"@id":"https:\/\/cooling.is\/en\/product\/kr-40p-rack-slurry-ice-machine-with-a-pre-cooler\/#primaryimage"},"thumbnailUrl":"https:\/\/cooling.is\/wp-content\/uploads\/2021\/08\/KR-40-F-rekka-kaelikerfi-800x800-1.png","datePublished":"2021-08-04T14:32:36+00:00","dateModified":"2025-02-06T12:20:18+00:00","description":"K-40PR Slurry Ice Machine with Pre-Cooler Rack version is powerful cooling system. Cooling offers industrial cooling solutions for fisheries and other food industries.","breadcrumb":{"@id":"https:\/\/cooling.is\/en\/product\/kr-40p-rack-slurry-ice-machine-with-a-pre-cooler\/#breadcrumb"},"inLanguage":"en-US","potentialAction":[{"@type":"ReadAction","target":["https:\/\/cooling.is\/en\/product\/kr-40p-rack-slurry-ice-machine-with-a-pre-cooler\/"]}]},{"@type":"ImageObject","inLanguage":"en-US","@id":"https:\/\/cooling.is\/en\/product\/kr-40p-rack-slurry-ice-machine-with-a-pre-cooler\/#primaryimage","url":"https:\/\/cooling.is\/wp-content\/uploads\/2021\/08\/KR-40-F-rekka-kaelikerfi-800x800-1.png","contentUrl":"https:\/\/cooling.is\/wp-content\/uploads\/2021\/08\/KR-40-F-rekka-kaelikerfi-800x800-1.png","width":800,"height":800,"caption":"K-40PR Slurry Ice Machine from Cooling"},{"@type":"BreadcrumbList","@id":"https:\/\/cooling.is\/en\/product\/kr-40p-rack-slurry-ice-machine-with-a-pre-cooler\/#breadcrumb","itemListElement":[{"@type":"ListItem","position":1,"name":"Home","item":"https:\/\/cooling.is\/"},{"@type":"ListItem","position":2,"name":"Shop","item":"https:\/\/cooling.is\/en\/shop\/"},{"@type":"ListItem","position":3,"name":"KR-40P Rack Slurry Ice Machine with a Pre-Cooler"}]},{"@type":"WebSite","@id":"https:\/\/cooling.is\/#website","url":"https:\/\/cooling.is\/","name":"K\u00e6ling k\u00e6lilausnir.","description":"Alhli\u00f0a k\u00e6lilausnir fyrir sj\u00e1var\u00fatveg og matv\u00e6lai\u00f0na\u00f0","publisher":{"@id":"https:\/\/cooling.is\/#organization"},"potentialAction":[{"@type":"SearchAction","target":{"@type":"EntryPoint","urlTemplate":"https:\/\/cooling.is\/?s={search_term_string}"},"query-input":{"@type":"PropertyValueSpecification","valueRequired":true,"valueName":"search_term_string"}}],"inLanguage":"en-US"},{"@type":"Organization","@id":"https:\/\/cooling.is\/#organization","name":"K\u00e6ling","url":"https:\/\/cooling.is\/","logo":{"@type":"ImageObject","inLanguage":"en-US","@id":"https:\/\/cooling.is\/#\/schema\/logo\/image\/","url":"https:\/\/cooling.is\/wp-content\/uploads\/2018\/06\/kaeling_logo.svg","contentUrl":"https:\/\/cooling.is\/wp-content\/uploads\/2018\/06\/kaeling_logo.svg","width":1907,"height":618,"caption":"K\u00e6ling"},"image":{"@id":"https:\/\/cooling.is\/#\/schema\/logo\/image\/"}}]}},"_links":{"self":[{"href":"https:\/\/cooling.is\/en\/wp-json\/wp\/v2\/product\/2088","targetHints":{"allow":["GET"]}}],"collection":[{"href":"https:\/\/cooling.is\/en\/wp-json\/wp\/v2\/product"}],"about":[{"href":"https:\/\/cooling.is\/en\/wp-json\/wp\/v2\/types\/product"}],"replies":[{"embeddable":true,"href":"https:\/\/cooling.is\/en\/wp-json\/wp\/v2\/comments?post=2088"}],"version-history":[{"count":9,"href":"https:\/\/cooling.is\/en\/wp-json\/wp\/v2\/product\/2088\/revisions"}],"predecessor-version":[{"id":5567,"href":"https:\/\/cooling.is\/en\/wp-json\/wp\/v2\/product\/2088\/revisions\/5567"}],"wp:featuredmedia":[{"embeddable":true,"href":"https:\/\/cooling.is\/en\/wp-json\/wp\/v2\/media\/2090"}],"wp:attachment":[{"href":"https:\/\/cooling.is\/en\/wp-json\/wp\/v2\/media?parent=2088"}],"wp:term":[{"taxonomy":"product_brand","embeddable":true,"href":"https:\/\/cooling.is\/en\/wp-json\/wp\/v2\/product_brand?post=2088"},{"taxonomy":"product_cat","embeddable":true,"href":"https:\/\/cooling.is\/en\/wp-json\/wp\/v2\/product_cat?post=2088"},{"taxonomy":"product_tag","embeddable":true,"href":"https:\/\/cooling.is\/en\/wp-json\/wp\/v2\/product_tag?post=2088"}],"curies":[{"name":"wp","href":"https:\/\/api.w.org\/{rel}","templated":true}]}}