{"id":477,"date":"2019-06-03T13:28:16","date_gmt":"2019-06-03T13:28:16","guid":{"rendered":"https:\/\/cooling.is\/contact-us-2\/"},"modified":"2022-11-29T15:10:03","modified_gmt":"2022-11-29T15:10:03","slug":"contact-us","status":"publish","type":"page","link":"https:\/\/cooling.is\/en\/contact-us\/","title":{"rendered":"Contact us"},"content":{"rendered":"\t\t<div data-elementor-type=\"wp-post\" data-elementor-id=\"477\" class=\"elementor elementor-477 elementor-88\" data-elementor-settings=\"{&quot;element_pack_global_tooltip_width&quot;:{&quot;unit&quot;:&quot;px&quot;,&quot;size&quot;:&quot;&quot;,&quot;sizes&quot;:[]},&quot;element_pack_global_tooltip_width_tablet&quot;:{&quot;unit&quot;:&quot;px&quot;,&quot;size&quot;:&quot;&quot;,&quot;sizes&quot;:[]},&quot;element_pack_global_tooltip_width_mobile&quot;:{&quot;unit&quot;:&quot;px&quot;,&quot;size&quot;:&quot;&quot;,&quot;sizes&quot;:[]},&quot;element_pack_global_tooltip_padding&quot;:{&quot;unit&quot;:&quot;px&quot;,&quot;top&quot;:&quot;&quot;,&quot;right&quot;:&quot;&quot;,&quot;bottom&quot;:&quot;&quot;,&quot;left&quot;:&quot;&quot;,&quot;isLinked&quot;:true},&quot;element_pack_global_tooltip_padding_tablet&quot;:{&quot;unit&quot;:&quot;px&quot;,&quot;top&quot;:&quot;&quot;,&quot;right&quot;:&quot;&quot;,&quot;bottom&quot;:&quot;&quot;,&quot;left&quot;:&quot;&quot;,&quot;isLinked&quot;:true},&quot;element_pack_global_tooltip_padding_mobile&quot;:{&quot;unit&quot;:&quot;px&quot;,&quot;top&quot;:&quot;&quot;,&quot;right&quot;:&quot;&quot;,&quot;bottom&quot;:&quot;&quot;,&quot;left&quot;:&quot;&quot;,&quot;isLinked&quot;:true},&quot;element_pack_global_tooltip_border_radius&quot;:{&quot;unit&quot;:&quot;px&quot;,&quot;top&quot;:&quot;&quot;,&quot;right&quot;:&quot;&quot;,&quot;bottom&quot;:&quot;&quot;,&quot;left&quot;:&quot;&quot;,&quot;isLinked&quot;:true},&quot;element_pack_global_tooltip_border_radius_tablet&quot;:{&quot;unit&quot;:&quot;px&quot;,&quot;top&quot;:&quot;&quot;,&quot;right&quot;:&quot;&quot;,&quot;bottom&quot;:&quot;&quot;,&quot;left&quot;:&quot;&quot;,&quot;isLinked&quot;:true},&quot;element_pack_global_tooltip_border_radius_mobile&quot;:{&quot;unit&quot;:&quot;px&quot;,&quot;top&quot;:&quot;&quot;,&quot;right&quot;:&quot;&quot;,&quot;bottom&quot;:&quot;&quot;,&quot;left&quot;:&quot;&quot;,&quot;isLinked&quot;:true}}\" data-elementor-post-type=\"page\">\n\t\t\t\t\t\t<section class=\"elementor-section elementor-top-section elementor-element elementor-element-1a7813d6 elementor-section-stretched elementor-section-height-min-height elementor-section-boxed elementor-section-height-default elementor-section-items-middle\" data-id=\"1a7813d6\" data-element_type=\"section\" data-settings=\"{&quot;stretch_section&quot;:&quot;section-stretched&quot;,&quot;background_background&quot;:&quot;classic&quot;}\">\n\t\t\t\t\t\t\t<div class=\"elementor-background-overlay\"><\/div>\n\t\t\t\t\t\t\t<div class=\"elementor-container elementor-column-gap-default\">\n\t\t\t\t\t<div class=\"aux-parallax-section elementor-column elementor-col-50 elementor-top-column elementor-element elementor-element-1b5868a9 aux-appear-watch-animation aux-fade-in-right\" data-id=\"1b5868a9\" data-element_type=\"column\">\n\t\t\t<div class=\"elementor-widget-wrap elementor-element-populated\">\n\t\t\t\t\t\t<div class=\"elementor-element elementor-element-281abc75 elementor-widget elementor-widget-aux_modern_heading\" data-id=\"281abc75\" data-element_type=\"widget\" data-widget_type=\"aux_modern_heading.default\">\n\t\t\t\t<div class=\"elementor-widget-container\">\n\t\t\t\t\t<section class=\"aux-widget-modern-heading\">\n            <div class=\"aux-widget-inner\"><h1 class=\"aux-modern-heading-primary\">Contact us<\/h1><\/div>\n        <\/section>\t\t\t\t<\/div>\n\t\t\t\t<\/div>\n\t\t\t\t\t<\/div>\n\t\t<\/div>\n\t\t\t\t<div class=\"aux-parallax-section elementor-column elementor-col-50 elementor-top-column elementor-element elementor-element-565bbb3a\" data-id=\"565bbb3a\" data-element_type=\"column\">\n\t\t\t<div class=\"elementor-widget-wrap\">\n\t\t\t\t\t\t\t<\/div>\n\t\t<\/div>\n\t\t\t\t\t<\/div>\n\t\t<\/section>\n\t\t\t\t<section class=\"elementor-section elementor-top-section elementor-element elementor-element-2ba81e11 elementor-section-stretched elementor-section-content-middle elementor-section-boxed elementor-section-height-default elementor-section-height-default\" data-id=\"2ba81e11\" data-element_type=\"section\" data-settings=\"{&quot;stretch_section&quot;:&quot;section-stretched&quot;,&quot;background_background&quot;:&quot;classic&quot;}\">\n\t\t\t\t\t\t\t<div class=\"elementor-background-overlay\"><\/div>\n\t\t\t\t\t\t\t<div class=\"elementor-container elementor-column-gap-default\">\n\t\t\t\t\t<div class=\"aux-parallax-section elementor-column elementor-col-33 elementor-top-column elementor-element elementor-element-377515cf aux-appear-watch-animation aux-fade-in-up\" data-id=\"377515cf\" data-element_type=\"column\">\n\t\t\t<div class=\"elementor-widget-wrap elementor-element-populated\">\n\t\t\t\t\t\t<div class=\"elementor-element elementor-element-178975f3 elementor-widget elementor-widget-aux_modern_heading\" data-id=\"178975f3\" data-element_type=\"widget\" data-widget_type=\"aux_modern_heading.default\">\n\t\t\t\t<div class=\"elementor-widget-container\">\n\t\t\t\t\t<section class=\"aux-widget-modern-heading\">\n            <div class=\"aux-widget-inner\"><h2 class=\"aux-modern-heading-primary\">Contact us<\/h2><h3 class=\"aux-modern-heading-secondary\"><span class=\"aux-head-before\">Stay in touch<\/span><\/h3><div class=\"aux-modern-heading-divider\"><\/div><div class=\"aux-modern-heading-description\"><p>Contact us through telephone or email and get more information about cooling solutions for fisheries and fishing vessels. If we don\u2019t have your solution we can custom make one for you.<\/p><\/div><\/div>\n        <\/section>\t\t\t\t<\/div>\n\t\t\t\t<\/div>\n\t\t\t\t<div class=\"elementor-element elementor-element-1898391b elementor-widget elementor-widget-aux_contact_form\" data-id=\"1898391b\" data-element_type=\"widget\" data-widget_type=\"aux_contact_form.default\">\n\t\t\t\t<div class=\"elementor-widget-container\">\n\t\t\t\t\t<section class=\"widget-container aux-widget-contact-form aux-parent-au139fe2f8\">            <div class=\"aux-col-wrapper aux-no-gutter\">\n            <!-- @TODO - The output for element here -->\n\n            \n<div class=\"wpcf7 no-js\" id=\"wpcf7-f540-o1\" lang=\"en-US\" dir=\"ltr\" data-wpcf7-id=\"540\">\n<div class=\"screen-reader-response\"><p role=\"status\" aria-live=\"polite\" aria-atomic=\"true\"><\/p> <ul><\/ul><\/div>\n<form action=\"\/en\/wp-json\/wp\/v2\/pages\/477#wpcf7-f540-o1\" method=\"post\" class=\"wpcf7-form init\" aria-label=\"Contact form\" novalidate=\"novalidate\" data-status=\"init\">\n<div style=\"display: none;\">\n<input type=\"hidden\" name=\"_wpcf7\" value=\"540\" \/>\n<input type=\"hidden\" name=\"_wpcf7_version\" value=\"6.0.3\" \/>\n<input type=\"hidden\" name=\"_wpcf7_locale\" value=\"en_US\" \/>\n<input type=\"hidden\" name=\"_wpcf7_unit_tag\" value=\"wpcf7-f540-o1\" \/>\n<input type=\"hidden\" name=\"_wpcf7_container_post\" value=\"0\" \/>\n<input type=\"hidden\" name=\"_wpcf7_posted_data_hash\" value=\"\" \/>\n<input type=\"hidden\" name=\"_wpcf7_recaptcha_response\" value=\"\" \/>\n<\/div>\n<div class=\"aux-arch-home-contact-form\">\n\t<div class=\"aux-arch-form-inputs\">\n\t\t<p><span class=\"wpcf7-form-control-wrap\" data-name=\"your-name\"><input size=\"40\" maxlength=\"400\" class=\"wpcf7-form-control wpcf7-text wpcf7-validates-as-required\" aria-required=\"true\" aria-invalid=\"false\" placeholder=\"Name*\" value=\"\" type=\"text\" name=\"your-name\" \/><\/span><br \/>\n<span class=\"wpcf7-form-control-wrap\" data-name=\"your-email\"><input size=\"40\" maxlength=\"400\" class=\"wpcf7-form-control wpcf7-email wpcf7-validates-as-required wpcf7-text wpcf7-validates-as-email\" aria-required=\"true\" aria-invalid=\"false\" placeholder=\"Email*\" value=\"\" type=\"email\" name=\"your-email\" \/><\/span><br \/>\n<span class=\"wpcf7-form-control-wrap\" data-name=\"tel-136\"><input size=\"40\" maxlength=\"400\" class=\"wpcf7-form-control wpcf7-tel wpcf7-validates-as-required wpcf7-text wpcf7-validates-as-tel\" aria-required=\"true\" aria-invalid=\"false\" placeholder=\"Phone number*\" value=\"\" type=\"tel\" name=\"tel-136\" \/><\/span>\n\t\t<\/p>\n\t<\/div>\n\t<div class=\"aux-arch-form-textarea\">\n\t\t<p><span class=\"wpcf7-form-control-wrap\" data-name=\"your-message\"><textarea cols=\"40\" rows=\"10\" maxlength=\"2000\" class=\"wpcf7-form-control wpcf7-textarea wpcf7-validates-as-required\" aria-required=\"true\" aria-invalid=\"false\" placeholder=\"Message*\" name=\"your-message\"><\/textarea><\/span>\n\t\t<\/p>\n\t<\/div>\n\t<div class=\"aux-arch-form-submit\">\n\t<span class=\"wpcf7-form-control-wrap recaptcha\" data-name=\"recaptcha\"><span data-sitekey=\"6LelyLoUAAAAAOgeRLNzE2ceK52-jK_Vkz5NK7IC\" data-theme=\"dark\" data-align=\"right\" class=\"wpcf7-form-control wpcf7-recaptcha g-recaptcha\"><\/span>\r\n<noscript>\r\n\t<div class=\"grecaptcha-noscript\">\r\n\t\t<iframe src=\"https:\/\/www.google.com\/recaptcha\/api\/fallback?k=6LelyLoUAAAAAOgeRLNzE2ceK52-jK_Vkz5NK7IC\" frameborder=\"0\" scrolling=\"no\" width=\"310\" height=\"430\">\r\n\t\t<\/iframe>\r\n\t\t<textarea name=\"g-recaptcha-response\" rows=\"3\" cols=\"40\" placeholder=\"reCaptcha Response Here\">\r\n\t\t<\/textarea>\r\n\t<\/div>\r\n<\/noscript>\r\n<\/span>\n\t\t<p><input class=\"wpcf7-form-control wpcf7-submit has-spinner\" type=\"submit\" value=\"SEND\" \/>\n\t\t<\/p>\n\t<\/div>\n<\/div><div class=\"wpcf7-response-output\" aria-hidden=\"true\"><\/div>\n<\/form>\n<\/div>\n\n\n            <\/div><!-- aux-col-wrapper -->\n    <\/section><!-- widget-container -->\t\t\t\t<\/div>\n\t\t\t\t<\/div>\n\t\t\t\t\t<\/div>\n\t\t<\/div>\n\t\t\t\t<div class=\"aux-parallax-section elementor-column elementor-col-33 elementor-top-column elementor-element elementor-element-5f7d5e2f\" data-id=\"5f7d5e2f\" data-element_type=\"column\">\n\t\t\t<div class=\"elementor-widget-wrap\">\n\t\t\t\t\t\t\t<\/div>\n\t\t<\/div>\n\t\t\t\t<div class=\"aux-parallax-section elementor-column elementor-col-33 elementor-top-column elementor-element elementor-element-1c59af4f aux-appear-watch-animation aux-fade-in-up-1\" data-id=\"1c59af4f\" data-element_type=\"column\">\n\t\t\t<div class=\"elementor-widget-wrap elementor-element-populated\">\n\t\t\t\t\t\t<div class=\"elementor-element elementor-element-878546a aux-arch-home-info-box elementor-widget elementor-widget-text-editor\" data-id=\"878546a\" data-element_type=\"widget\" data-widget_type=\"text-editor.default\">\n\t\t\t\t<div class=\"elementor-widget-container\">\n\t\t\t\t\t\t\t\t\t<div>Tel : +354\u00a0<a class=\"fl r-iLVRFqe_z2wM\" title=\"Call via Hangouts\" data-number=\"+3545657918\" data-pstn-out-call-url=\"\" data-rtid=\"iLVRFqe_z2wM\" data-ved=\"0ahUKEwjVu6v4x9bRAhVDWxoKHdEPC3sQkAgIiAEoADAT\">565-7918<\/a><\/div><p><span class=\"margin\">Email: info@cooling.is<\/span><\/p><p><span class=\"margin\">Address: Stapahraun 6 | 220 <\/span>Hafnarfjordur<\/p>\t\t\t\t\t\t\t\t<\/div>\n\t\t\t\t<\/div>\n\t\t\t\t\t<\/div>\n\t\t<\/div>\n\t\t\t\t\t<\/div>\n\t\t<\/section>\n\t\t\t\t<\/div>\n\t\t","protected":false},"excerpt":{"rendered":"<p>Contact us Contact us Stay in touch Contact us through telephone or email and get more information about cooling solutions for fisheries and fishing vessels. If we don\u2019t have your solution we can custom make one for you. Tel : +354\u00a0565-7918 Email: info@cooling.is Address: Stapahraun 6 | 220 Hafnarfjordur<\/p>\n","protected":false},"author":2,"featured_media":0,"parent":0,"menu_order":0,"comment_status":"closed","ping_status":"closed","template":"","meta":{"footnotes":""},"class_list":["post-477","page","type-page","status-publish","hentry"],"yoast_head":"<!-- This site is optimized with the Yoast SEO plugin v24.4 - https:\/\/yoast.com\/wordpress\/plugins\/seo\/ -->\n<title>Contact cooling.is - We are manufacturers of cooling solutions<\/title>\n<meta name=\"description\" content=\"Do you wish to come into contact with us? We are eager to hear from you. Cooling offers industrial cooling solutions for fisheries.\" \/>\n<meta name=\"robots\" content=\"index, follow, max-snippet:-1, max-image-preview:large, max-video-preview:-1\" \/>\n<link rel=\"canonical\" href=\"https:\/\/cooling.is\/en\/contact-us\/\" \/>\n<meta property=\"og:locale\" content=\"en_US\" \/>\n<meta property=\"og:type\" content=\"article\" \/>\n<meta property=\"og:title\" content=\"Contact cooling.is - We are manufacturers of cooling solutions\" \/>\n<meta property=\"og:description\" content=\"Do you wish to come into contact with us? We are eager to hear from you. Cooling offers industrial cooling solutions for fisheries.\" \/>\n<meta property=\"og:url\" content=\"https:\/\/cooling.is\/en\/contact-us\/\" \/>\n<meta property=\"og:site_name\" content=\"K\u00e6ling k\u00e6lilausnir.\" \/>\n<meta property=\"article:modified_time\" content=\"2022-11-29T15:10:03+00:00\" \/>\n<meta name=\"twitter:card\" content=\"summary_large_image\" \/>\n<meta name=\"twitter:label1\" content=\"Est. reading time\" \/>\n\t<meta name=\"twitter:data1\" content=\"1 minute\" \/>\n<script type=\"application\/ld+json\" class=\"yoast-schema-graph\">{\"@context\":\"https:\/\/schema.org\",\"@graph\":[{\"@type\":\"WebPage\",\"@id\":\"https:\/\/cooling.is\/en\/contact-us\/\",\"url\":\"https:\/\/cooling.is\/en\/contact-us\/\",\"name\":\"Contact cooling.is - We are manufacturers of cooling solutions\",\"isPartOf\":{\"@id\":\"https:\/\/cooling.is\/#website\"},\"datePublished\":\"2019-06-03T13:28:16+00:00\",\"dateModified\":\"2022-11-29T15:10:03+00:00\",\"description\":\"Do you wish to come into contact with us? We are eager to hear from you. Cooling offers industrial cooling solutions for fisheries.\",\"breadcrumb\":{\"@id\":\"https:\/\/cooling.is\/en\/contact-us\/#breadcrumb\"},\"inLanguage\":\"en-US\",\"potentialAction\":[{\"@type\":\"ReadAction\",\"target\":[\"https:\/\/cooling.is\/en\/contact-us\/\"]}]},{\"@type\":\"BreadcrumbList\",\"@id\":\"https:\/\/cooling.is\/en\/contact-us\/#breadcrumb\",\"itemListElement\":[{\"@type\":\"ListItem\",\"position\":1,\"name\":\"Home\",\"item\":\"https:\/\/cooling.is\/\"},{\"@type\":\"ListItem\",\"position\":2,\"name\":\"Contact us\"}]},{\"@type\":\"WebSite\",\"@id\":\"https:\/\/cooling.is\/#website\",\"url\":\"https:\/\/cooling.is\/\",\"name\":\"K\u00e6ling k\u00e6lilausnir.\",\"description\":\"Alhli\u00f0a k\u00e6lilausnir fyrir sj\u00e1var\u00fatveg og matv\u00e6lai\u00f0na\u00f0\",\"publisher\":{\"@id\":\"https:\/\/cooling.is\/#organization\"},\"potentialAction\":[{\"@type\":\"SearchAction\",\"target\":{\"@type\":\"EntryPoint\",\"urlTemplate\":\"https:\/\/cooling.is\/?s={search_term_string}\"},\"query-input\":{\"@type\":\"PropertyValueSpecification\",\"valueRequired\":true,\"valueName\":\"search_term_string\"}}],\"inLanguage\":\"en-US\"},{\"@type\":\"Organization\",\"@id\":\"https:\/\/cooling.is\/#organization\",\"name\":\"K\u00e6ling\",\"url\":\"https:\/\/cooling.is\/\",\"logo\":{\"@type\":\"ImageObject\",\"inLanguage\":\"en-US\",\"@id\":\"https:\/\/cooling.is\/#\/schema\/logo\/image\/\",\"url\":\"https:\/\/cooling.is\/wp-content\/uploads\/2018\/06\/kaeling_logo.svg\",\"contentUrl\":\"https:\/\/cooling.is\/wp-content\/uploads\/2018\/06\/kaeling_logo.svg\",\"width\":1907,\"height\":618,\"caption\":\"K\u00e6ling\"},\"image\":{\"@id\":\"https:\/\/cooling.is\/#\/schema\/logo\/image\/\"}}]}<\/script>\n<!-- \/ Yoast SEO plugin. -->","yoast_head_json":{"title":"Contact cooling.is - We are manufacturers of cooling solutions","description":"Do you wish to come into contact with us? We are eager to hear from you. Cooling offers industrial cooling solutions for fisheries.","robots":{"index":"index","follow":"follow","max-snippet":"max-snippet:-1","max-image-preview":"max-image-preview:large","max-video-preview":"max-video-preview:-1"},"canonical":"https:\/\/cooling.is\/en\/contact-us\/","og_locale":"en_US","og_type":"article","og_title":"Contact cooling.is - We are manufacturers of cooling solutions","og_description":"Do you wish to come into contact with us? We are eager to hear from you. Cooling offers industrial cooling solutions for fisheries.","og_url":"https:\/\/cooling.is\/en\/contact-us\/","og_site_name":"K\u00e6ling k\u00e6lilausnir.","article_modified_time":"2022-11-29T15:10:03+00:00","twitter_card":"summary_large_image","twitter_misc":{"Est. reading time":"1 minute"},"schema":{"@context":"https:\/\/schema.org","@graph":[{"@type":"WebPage","@id":"https:\/\/cooling.is\/en\/contact-us\/","url":"https:\/\/cooling.is\/en\/contact-us\/","name":"Contact cooling.is - We are manufacturers of cooling solutions","isPartOf":{"@id":"https:\/\/cooling.is\/#website"},"datePublished":"2019-06-03T13:28:16+00:00","dateModified":"2022-11-29T15:10:03+00:00","description":"Do you wish to come into contact with us? We are eager to hear from you. Cooling offers industrial cooling solutions for fisheries.","breadcrumb":{"@id":"https:\/\/cooling.is\/en\/contact-us\/#breadcrumb"},"inLanguage":"en-US","potentialAction":[{"@type":"ReadAction","target":["https:\/\/cooling.is\/en\/contact-us\/"]}]},{"@type":"BreadcrumbList","@id":"https:\/\/cooling.is\/en\/contact-us\/#breadcrumb","itemListElement":[{"@type":"ListItem","position":1,"name":"Home","item":"https:\/\/cooling.is\/"},{"@type":"ListItem","position":2,"name":"Contact us"}]},{"@type":"WebSite","@id":"https:\/\/cooling.is\/#website","url":"https:\/\/cooling.is\/","name":"K\u00e6ling k\u00e6lilausnir.","description":"Alhli\u00f0a k\u00e6lilausnir fyrir sj\u00e1var\u00fatveg og matv\u00e6lai\u00f0na\u00f0","publisher":{"@id":"https:\/\/cooling.is\/#organization"},"potentialAction":[{"@type":"SearchAction","target":{"@type":"EntryPoint","urlTemplate":"https:\/\/cooling.is\/?s={search_term_string}"},"query-input":{"@type":"PropertyValueSpecification","valueRequired":true,"valueName":"search_term_string"}}],"inLanguage":"en-US"},{"@type":"Organization","@id":"https:\/\/cooling.is\/#organization","name":"K\u00e6ling","url":"https:\/\/cooling.is\/","logo":{"@type":"ImageObject","inLanguage":"en-US","@id":"https:\/\/cooling.is\/#\/schema\/logo\/image\/","url":"https:\/\/cooling.is\/wp-content\/uploads\/2018\/06\/kaeling_logo.svg","contentUrl":"https:\/\/cooling.is\/wp-content\/uploads\/2018\/06\/kaeling_logo.svg","width":1907,"height":618,"caption":"K\u00e6ling"},"image":{"@id":"https:\/\/cooling.is\/#\/schema\/logo\/image\/"}}]}},"_links":{"self":[{"href":"https:\/\/cooling.is\/en\/wp-json\/wp\/v2\/pages\/477","targetHints":{"allow":["GET"]}}],"collection":[{"href":"https:\/\/cooling.is\/en\/wp-json\/wp\/v2\/pages"}],"about":[{"href":"https:\/\/cooling.is\/en\/wp-json\/wp\/v2\/types\/page"}],"author":[{"embeddable":true,"href":"https:\/\/cooling.is\/en\/wp-json\/wp\/v2\/users\/2"}],"replies":[{"embeddable":true,"href":"https:\/\/cooling.is\/en\/wp-json\/wp\/v2\/comments?post=477"}],"version-history":[{"count":13,"href":"https:\/\/cooling.is\/en\/wp-json\/wp\/v2\/pages\/477\/revisions"}],"predecessor-version":[{"id":3466,"href":"https:\/\/cooling.is\/en\/wp-json\/wp\/v2\/pages\/477\/revisions\/3466"}],"wp:attachment":[{"href":"https:\/\/cooling.is\/en\/wp-json\/wp\/v2\/media?parent=477"}],"curies":[{"name":"wp","href":"https:\/\/api.w.org\/{rel}","templated":true}]}}