{"id":473,"date":"2019-06-03T13:25:29","date_gmt":"2019-06-03T13:25:29","guid":{"rendered":"https:\/\/cooling.is\/service\/"},"modified":"2022-09-25T14:19:26","modified_gmt":"2022-09-25T14:19:26","slug":"service","status":"publish","type":"page","link":"https:\/\/cooling.is\/en\/service\/","title":{"rendered":"Service"},"content":{"rendered":"\t\t<div data-elementor-type=\"wp-post\" data-elementor-id=\"473\" class=\"elementor elementor-473 elementor-86\" data-elementor-settings=\"{&quot;element_pack_global_tooltip_width&quot;:{&quot;unit&quot;:&quot;px&quot;,&quot;size&quot;:&quot;&quot;,&quot;sizes&quot;:[]},&quot;element_pack_global_tooltip_width_tablet&quot;:{&quot;unit&quot;:&quot;px&quot;,&quot;size&quot;:&quot;&quot;,&quot;sizes&quot;:[]},&quot;element_pack_global_tooltip_width_mobile&quot;:{&quot;unit&quot;:&quot;px&quot;,&quot;size&quot;:&quot;&quot;,&quot;sizes&quot;:[]},&quot;element_pack_global_tooltip_padding&quot;:{&quot;unit&quot;:&quot;px&quot;,&quot;top&quot;:&quot;&quot;,&quot;right&quot;:&quot;&quot;,&quot;bottom&quot;:&quot;&quot;,&quot;left&quot;:&quot;&quot;,&quot;isLinked&quot;:true},&quot;element_pack_global_tooltip_padding_tablet&quot;:{&quot;unit&quot;:&quot;px&quot;,&quot;top&quot;:&quot;&quot;,&quot;right&quot;:&quot;&quot;,&quot;bottom&quot;:&quot;&quot;,&quot;left&quot;:&quot;&quot;,&quot;isLinked&quot;:true},&quot;element_pack_global_tooltip_padding_mobile&quot;:{&quot;unit&quot;:&quot;px&quot;,&quot;top&quot;:&quot;&quot;,&quot;right&quot;:&quot;&quot;,&quot;bottom&quot;:&quot;&quot;,&quot;left&quot;:&quot;&quot;,&quot;isLinked&quot;:true},&quot;element_pack_global_tooltip_border_radius&quot;:{&quot;unit&quot;:&quot;px&quot;,&quot;top&quot;:&quot;&quot;,&quot;right&quot;:&quot;&quot;,&quot;bottom&quot;:&quot;&quot;,&quot;left&quot;:&quot;&quot;,&quot;isLinked&quot;:true},&quot;element_pack_global_tooltip_border_radius_tablet&quot;:{&quot;unit&quot;:&quot;px&quot;,&quot;top&quot;:&quot;&quot;,&quot;right&quot;:&quot;&quot;,&quot;bottom&quot;:&quot;&quot;,&quot;left&quot;:&quot;&quot;,&quot;isLinked&quot;:true},&quot;element_pack_global_tooltip_border_radius_mobile&quot;:{&quot;unit&quot;:&quot;px&quot;,&quot;top&quot;:&quot;&quot;,&quot;right&quot;:&quot;&quot;,&quot;bottom&quot;:&quot;&quot;,&quot;left&quot;:&quot;&quot;,&quot;isLinked&quot;:true}}\" data-elementor-post-type=\"page\">\n\t\t\t\t\t\t<section class=\"elementor-section elementor-top-section elementor-element elementor-element-326e56ec elementor-section-stretched elementor-section-height-min-height elementor-section-boxed elementor-section-height-default elementor-section-items-middle\" data-id=\"326e56ec\" data-element_type=\"section\" data-settings=\"{&quot;stretch_section&quot;:&quot;section-stretched&quot;,&quot;background_background&quot;:&quot;classic&quot;}\">\n\t\t\t\t\t\t<div class=\"elementor-container elementor-column-gap-default\">\n\t\t\t\t\t<div class=\"aux-parallax-section elementor-column elementor-col-50 elementor-top-column elementor-element elementor-element-3b0d0e5f aux-appear-watch-animation aux-fade-in-right\" data-id=\"3b0d0e5f\" data-element_type=\"column\">\n\t\t\t<div class=\"elementor-widget-wrap elementor-element-populated\">\n\t\t\t\t\t\t<div class=\"elementor-element elementor-element-32a0b22 elementor-widget elementor-widget-aux_modern_heading\" data-id=\"32a0b22\" data-element_type=\"widget\" data-widget_type=\"aux_modern_heading.default\">\n\t\t\t\t<div class=\"elementor-widget-container\">\n\t\t\t\t\t<section class=\"aux-widget-modern-heading\">\n            <div class=\"aux-widget-inner\"><h1 class=\"aux-modern-heading-primary\">Service<\/h1><\/div>\n        <\/section>\t\t\t\t<\/div>\n\t\t\t\t<\/div>\n\t\t\t\t\t<\/div>\n\t\t<\/div>\n\t\t\t\t<div class=\"aux-parallax-section elementor-column elementor-col-50 elementor-top-column elementor-element elementor-element-f8bdf37\" data-id=\"f8bdf37\" data-element_type=\"column\">\n\t\t\t<div class=\"elementor-widget-wrap\">\n\t\t\t\t\t\t\t<\/div>\n\t\t<\/div>\n\t\t\t\t\t<\/div>\n\t\t<\/section>\n\t\t\t\t<section class=\"elementor-section elementor-top-section elementor-element elementor-element-5163cfba elementor-section-stretched elementor-section-boxed elementor-section-height-default elementor-section-height-default\" data-id=\"5163cfba\" data-element_type=\"section\" data-settings=\"{&quot;stretch_section&quot;:&quot;section-stretched&quot;}\">\n\t\t\t\t\t\t<div class=\"elementor-container elementor-column-gap-default\">\n\t\t\t\t\t<div class=\"aux-parallax-section elementor-column elementor-col-100 elementor-top-column elementor-element elementor-element-45f74a97\" data-id=\"45f74a97\" data-element_type=\"column\">\n\t\t\t<div class=\"elementor-widget-wrap elementor-element-populated\">\n\t\t\t\t\t\t<div class=\"elementor-element elementor-element-5014eafe aux-appear-watch-animation aux-fade-in-up elementor-widget elementor-widget-aux_modern_heading\" data-id=\"5014eafe\" data-element_type=\"widget\" data-widget_type=\"aux_modern_heading.default\">\n\t\t\t\t<div class=\"elementor-widget-container\">\n\t\t\t\t\t<section class=\"aux-widget-modern-heading\">\n            <div class=\"aux-widget-inner\"><h2 class=\"aux-modern-heading-primary\">Quality service so your company can keep it cool<\/h2><h3 class=\"aux-modern-heading-secondary\"><span class=\"aux-head-before\">Remote and on location <br>service world wide<\/span><\/h3><div class=\"aux-modern-heading-divider\"><\/div><\/div>\n        <\/section>\t\t\t\t<\/div>\n\t\t\t\t<\/div>\n\t\t\t\t\t<\/div>\n\t\t<\/div>\n\t\t\t\t\t<\/div>\n\t\t<\/section>\n\t\t\t\t<section class=\"elementor-section elementor-top-section elementor-element elementor-element-51a0224 elementor-section-boxed elementor-section-height-default elementor-section-height-default\" data-id=\"51a0224\" data-element_type=\"section\">\n\t\t\t\t\t\t<div class=\"elementor-container elementor-column-gap-default\">\n\t\t\t\t\t<div class=\"aux-parallax-section elementor-column elementor-col-100 elementor-top-column elementor-element elementor-element-b74f295\" data-id=\"b74f295\" data-element_type=\"column\">\n\t\t\t<div class=\"elementor-widget-wrap elementor-element-populated\">\n\t\t\t\t\t\t<div class=\"elementor-element elementor-element-89f110d elementor-widget elementor-widget-text-editor\" data-id=\"89f110d\" data-element_type=\"widget\" data-widget_type=\"text-editor.default\">\n\t\t\t\t<div class=\"elementor-widget-container\">\n\t\t\t\t\t\t\t\t\t<div class=\"title-sep-container\">\n\nThe service team of K\u00e6ling \/ Cooling.is has extensive knowledge and experience of the fishing industry, which accounts for the highest requirements makes it possible to adjust the device to the circumstances of each ship and ensuring the best possible performance and ultimate freshness of the catch.\n\n<\/div>\nWe assist our customers in maintaining the equipment in top condition with regular maintenance. The service team at K\u00e6ling has extensive knowledge and experience of the fishing industry.\n\nK\u00e6ling offers installation, maintenance and servicing of cooling systems and equipment for selected areas.\n\nContact our service team:\n<a href=\"tel:5554280940\">+354 565-7918<\/a>\t\t\t\t\t\t\t\t<\/div>\n\t\t\t\t<\/div>\n\t\t\t\t\t<\/div>\n\t\t<\/div>\n\t\t\t\t\t<\/div>\n\t\t<\/section>\n\t\t\t\t<section class=\"elementor-section elementor-top-section elementor-element elementor-element-6d09b974 elementor-section-stretched elementor-section-boxed elementor-section-height-default elementor-section-height-default\" data-id=\"6d09b974\" data-element_type=\"section\" data-settings=\"{&quot;background_background&quot;:&quot;classic&quot;,&quot;stretch_section&quot;:&quot;section-stretched&quot;}\">\n\t\t\t\t\t\t\t<div class=\"elementor-background-overlay\"><\/div>\n\t\t\t\t\t\t\t<div class=\"elementor-container elementor-column-gap-default\">\n\t\t\t\t\t<div class=\"aux-parallax-section elementor-column elementor-col-100 elementor-top-column elementor-element elementor-element-5b75bf34\" data-id=\"5b75bf34\" data-element_type=\"column\">\n\t\t\t<div class=\"elementor-widget-wrap elementor-element-populated\">\n\t\t\t\t\t\t<div class=\"elementor-element elementor-element-22aadcef aux-appear-watch-animation aux-scale-down elementor-widget elementor-widget-aux_modern_heading\" data-id=\"22aadcef\" data-element_type=\"widget\" data-widget_type=\"aux_modern_heading.default\">\n\t\t\t\t<div class=\"elementor-widget-container\">\n\t\t\t\t\t<section class=\"aux-widget-modern-heading\">\n            <div class=\"aux-widget-inner\"><h2 class=\"aux-modern-heading-primary\">Contact us<\/h2><\/div>\n        <\/section>\t\t\t\t<\/div>\n\t\t\t\t<\/div>\n\t\t\t\t<div class=\"elementor-element elementor-element-3ef17f94 elementor-align-center aux-appear-watch-animation aux-scale-down elementor-widget elementor-widget-button\" data-id=\"3ef17f94\" data-element_type=\"widget\" data-widget_type=\"button.default\">\n\t\t\t\t<div class=\"elementor-widget-container\">\n\t\t\t\t\t\t\t\t\t<div class=\"elementor-button-wrapper\">\n\t\t\t\t\t<a class=\"elementor-button elementor-button-link elementor-size-md\" href=\"https:\/\/cooling.is\/en\/contact-us\/\">\n\t\t\t\t\t\t<span class=\"elementor-button-content-wrapper\">\n\t\t\t\t\t\t<span class=\"elementor-button-icon\">\n\t\t\t\t<i aria-hidden=\"true\" class=\"fas fa-angle-right\"><\/i>\t\t\t<\/span>\n\t\t\t\t\t\t\t\t\t<span class=\"elementor-button-text\">Contact us<\/span>\n\t\t\t\t\t<\/span>\n\t\t\t\t\t<\/a>\n\t\t\t\t<\/div>\n\t\t\t\t\t\t\t\t<\/div>\n\t\t\t\t<\/div>\n\t\t\t\t\t<\/div>\n\t\t<\/div>\n\t\t\t\t\t<\/div>\n\t\t<\/section>\n\t\t\t\t<\/div>\n\t\t","protected":false},"excerpt":{"rendered":"<p>Service Quality service so your company can keep it cool Remote and on location service world wide The service team of K\u00e6ling \/ Cooling.is has extensive knowledge and experience of the fishing industry, which accounts for the highest requirements makes it possible to adjust the device to the circumstances of each ship and ensuring the [&hellip;]<\/p>\n","protected":false},"author":2,"featured_media":0,"parent":0,"menu_order":0,"comment_status":"closed","ping_status":"closed","template":"","meta":{"footnotes":""},"class_list":["post-473","page","type-page","status-publish","hentry"],"yoast_head":"<!-- This site is optimized with the Yoast SEO plugin v24.4 - https:\/\/yoast.com\/wordpress\/plugins\/seo\/ -->\n<title>Service &amp; Maintenance of cooling systems - K\u00e6ling<\/title>\n<meta name=\"description\" content=\"Service for cooling systems\" \/>\n<meta name=\"robots\" content=\"index, follow, max-snippet:-1, max-image-preview:large, max-video-preview:-1\" \/>\n<link rel=\"canonical\" href=\"https:\/\/cooling.is\/en\/service\/\" \/>\n<meta property=\"og:locale\" content=\"en_US\" \/>\n<meta property=\"og:type\" content=\"article\" \/>\n<meta property=\"og:title\" content=\"Service &amp; Maintenance of cooling systems - K\u00e6ling\" \/>\n<meta property=\"og:description\" content=\"Service for cooling systems\" \/>\n<meta property=\"og:url\" content=\"https:\/\/cooling.is\/en\/service\/\" \/>\n<meta property=\"og:site_name\" content=\"K\u00e6ling k\u00e6lilausnir.\" \/>\n<meta property=\"article:modified_time\" content=\"2022-09-25T14:19:26+00:00\" \/>\n<meta name=\"twitter:card\" content=\"summary_large_image\" \/>\n<meta name=\"twitter:label1\" content=\"Est. reading time\" \/>\n\t<meta name=\"twitter:data1\" content=\"1 minute\" \/>\n<script type=\"application\/ld+json\" class=\"yoast-schema-graph\">{\"@context\":\"https:\/\/schema.org\",\"@graph\":[{\"@type\":\"WebPage\",\"@id\":\"https:\/\/cooling.is\/en\/service\/\",\"url\":\"https:\/\/cooling.is\/en\/service\/\",\"name\":\"Service & Maintenance of cooling systems - K\u00e6ling\",\"isPartOf\":{\"@id\":\"https:\/\/cooling.is\/#website\"},\"datePublished\":\"2019-06-03T13:25:29+00:00\",\"dateModified\":\"2022-09-25T14:19:26+00:00\",\"description\":\"Service for cooling systems\",\"breadcrumb\":{\"@id\":\"https:\/\/cooling.is\/en\/service\/#breadcrumb\"},\"inLanguage\":\"en-US\",\"potentialAction\":[{\"@type\":\"ReadAction\",\"target\":[\"https:\/\/cooling.is\/en\/service\/\"]}]},{\"@type\":\"BreadcrumbList\",\"@id\":\"https:\/\/cooling.is\/en\/service\/#breadcrumb\",\"itemListElement\":[{\"@type\":\"ListItem\",\"position\":1,\"name\":\"Home\",\"item\":\"https:\/\/cooling.is\/\"},{\"@type\":\"ListItem\",\"position\":2,\"name\":\"Service\"}]},{\"@type\":\"WebSite\",\"@id\":\"https:\/\/cooling.is\/#website\",\"url\":\"https:\/\/cooling.is\/\",\"name\":\"K\u00e6ling k\u00e6lilausnir.\",\"description\":\"Alhli\u00f0a k\u00e6lilausnir fyrir sj\u00e1var\u00fatveg og matv\u00e6lai\u00f0na\u00f0\",\"publisher\":{\"@id\":\"https:\/\/cooling.is\/#organization\"},\"potentialAction\":[{\"@type\":\"SearchAction\",\"target\":{\"@type\":\"EntryPoint\",\"urlTemplate\":\"https:\/\/cooling.is\/?s={search_term_string}\"},\"query-input\":{\"@type\":\"PropertyValueSpecification\",\"valueRequired\":true,\"valueName\":\"search_term_string\"}}],\"inLanguage\":\"en-US\"},{\"@type\":\"Organization\",\"@id\":\"https:\/\/cooling.is\/#organization\",\"name\":\"K\u00e6ling\",\"url\":\"https:\/\/cooling.is\/\",\"logo\":{\"@type\":\"ImageObject\",\"inLanguage\":\"en-US\",\"@id\":\"https:\/\/cooling.is\/#\/schema\/logo\/image\/\",\"url\":\"https:\/\/cooling.is\/wp-content\/uploads\/2018\/06\/kaeling_logo.svg\",\"contentUrl\":\"https:\/\/cooling.is\/wp-content\/uploads\/2018\/06\/kaeling_logo.svg\",\"width\":1907,\"height\":618,\"caption\":\"K\u00e6ling\"},\"image\":{\"@id\":\"https:\/\/cooling.is\/#\/schema\/logo\/image\/\"}}]}<\/script>\n<!-- \/ Yoast SEO plugin. -->","yoast_head_json":{"title":"Service & Maintenance of cooling systems - K\u00e6ling","description":"Service for cooling systems","robots":{"index":"index","follow":"follow","max-snippet":"max-snippet:-1","max-image-preview":"max-image-preview:large","max-video-preview":"max-video-preview:-1"},"canonical":"https:\/\/cooling.is\/en\/service\/","og_locale":"en_US","og_type":"article","og_title":"Service & Maintenance of cooling systems - K\u00e6ling","og_description":"Service for cooling systems","og_url":"https:\/\/cooling.is\/en\/service\/","og_site_name":"K\u00e6ling k\u00e6lilausnir.","article_modified_time":"2022-09-25T14:19:26+00:00","twitter_card":"summary_large_image","twitter_misc":{"Est. reading time":"1 minute"},"schema":{"@context":"https:\/\/schema.org","@graph":[{"@type":"WebPage","@id":"https:\/\/cooling.is\/en\/service\/","url":"https:\/\/cooling.is\/en\/service\/","name":"Service & Maintenance of cooling systems - K\u00e6ling","isPartOf":{"@id":"https:\/\/cooling.is\/#website"},"datePublished":"2019-06-03T13:25:29+00:00","dateModified":"2022-09-25T14:19:26+00:00","description":"Service for cooling systems","breadcrumb":{"@id":"https:\/\/cooling.is\/en\/service\/#breadcrumb"},"inLanguage":"en-US","potentialAction":[{"@type":"ReadAction","target":["https:\/\/cooling.is\/en\/service\/"]}]},{"@type":"BreadcrumbList","@id":"https:\/\/cooling.is\/en\/service\/#breadcrumb","itemListElement":[{"@type":"ListItem","position":1,"name":"Home","item":"https:\/\/cooling.is\/"},{"@type":"ListItem","position":2,"name":"Service"}]},{"@type":"WebSite","@id":"https:\/\/cooling.is\/#website","url":"https:\/\/cooling.is\/","name":"K\u00e6ling k\u00e6lilausnir.","description":"Alhli\u00f0a k\u00e6lilausnir fyrir sj\u00e1var\u00fatveg og matv\u00e6lai\u00f0na\u00f0","publisher":{"@id":"https:\/\/cooling.is\/#organization"},"potentialAction":[{"@type":"SearchAction","target":{"@type":"EntryPoint","urlTemplate":"https:\/\/cooling.is\/?s={search_term_string}"},"query-input":{"@type":"PropertyValueSpecification","valueRequired":true,"valueName":"search_term_string"}}],"inLanguage":"en-US"},{"@type":"Organization","@id":"https:\/\/cooling.is\/#organization","name":"K\u00e6ling","url":"https:\/\/cooling.is\/","logo":{"@type":"ImageObject","inLanguage":"en-US","@id":"https:\/\/cooling.is\/#\/schema\/logo\/image\/","url":"https:\/\/cooling.is\/wp-content\/uploads\/2018\/06\/kaeling_logo.svg","contentUrl":"https:\/\/cooling.is\/wp-content\/uploads\/2018\/06\/kaeling_logo.svg","width":1907,"height":618,"caption":"K\u00e6ling"},"image":{"@id":"https:\/\/cooling.is\/#\/schema\/logo\/image\/"}}]}},"_links":{"self":[{"href":"https:\/\/cooling.is\/en\/wp-json\/wp\/v2\/pages\/473","targetHints":{"allow":["GET"]}}],"collection":[{"href":"https:\/\/cooling.is\/en\/wp-json\/wp\/v2\/pages"}],"about":[{"href":"https:\/\/cooling.is\/en\/wp-json\/wp\/v2\/types\/page"}],"author":[{"embeddable":true,"href":"https:\/\/cooling.is\/en\/wp-json\/wp\/v2\/users\/2"}],"replies":[{"embeddable":true,"href":"https:\/\/cooling.is\/en\/wp-json\/wp\/v2\/comments?post=473"}],"version-history":[{"count":19,"href":"https:\/\/cooling.is\/en\/wp-json\/wp\/v2\/pages\/473\/revisions"}],"predecessor-version":[{"id":2947,"href":"https:\/\/cooling.is\/en\/wp-json\/wp\/v2\/pages\/473\/revisions\/2947"}],"wp:attachment":[{"href":"https:\/\/cooling.is\/en\/wp-json\/wp\/v2\/media?parent=473"}],"curies":[{"name":"wp","href":"https:\/\/api.w.org\/{rel}","templated":true}]}}