{"id":4664,"date":"2024-04-19T12:52:00","date_gmt":"2024-04-19T12:52:00","guid":{"rendered":"https:\/\/cooling.is\/?page_id=4664"},"modified":"2025-04-02T18:39:21","modified_gmt":"2025-04-02T18:39:21","slug":"flake-ice-machines","status":"publish","type":"page","link":"https:\/\/cooling.is\/en\/industry-cooling-equipment\/flake-ice-machines\/","title":{"rendered":"Flake Ice Machines"},"content":{"rendered":"\t\t<div data-elementor-type=\"wp-post\" data-elementor-id=\"4664\" class=\"elementor elementor-4664 elementor-4663\" data-elementor-settings=\"{&quot;element_pack_global_tooltip_width&quot;:{&quot;unit&quot;:&quot;px&quot;,&quot;size&quot;:&quot;&quot;,&quot;sizes&quot;:[]},&quot;element_pack_global_tooltip_width_tablet&quot;:{&quot;unit&quot;:&quot;px&quot;,&quot;size&quot;:&quot;&quot;,&quot;sizes&quot;:[]},&quot;element_pack_global_tooltip_width_mobile&quot;:{&quot;unit&quot;:&quot;px&quot;,&quot;size&quot;:&quot;&quot;,&quot;sizes&quot;:[]},&quot;element_pack_global_tooltip_padding&quot;:{&quot;unit&quot;:&quot;px&quot;,&quot;top&quot;:&quot;&quot;,&quot;right&quot;:&quot;&quot;,&quot;bottom&quot;:&quot;&quot;,&quot;left&quot;:&quot;&quot;,&quot;isLinked&quot;:true},&quot;element_pack_global_tooltip_padding_tablet&quot;:{&quot;unit&quot;:&quot;px&quot;,&quot;top&quot;:&quot;&quot;,&quot;right&quot;:&quot;&quot;,&quot;bottom&quot;:&quot;&quot;,&quot;left&quot;:&quot;&quot;,&quot;isLinked&quot;:true},&quot;element_pack_global_tooltip_padding_mobile&quot;:{&quot;unit&quot;:&quot;px&quot;,&quot;top&quot;:&quot;&quot;,&quot;right&quot;:&quot;&quot;,&quot;bottom&quot;:&quot;&quot;,&quot;left&quot;:&quot;&quot;,&quot;isLinked&quot;:true},&quot;element_pack_global_tooltip_border_radius&quot;:{&quot;unit&quot;:&quot;px&quot;,&quot;top&quot;:&quot;&quot;,&quot;right&quot;:&quot;&quot;,&quot;bottom&quot;:&quot;&quot;,&quot;left&quot;:&quot;&quot;,&quot;isLinked&quot;:true},&quot;element_pack_global_tooltip_border_radius_tablet&quot;:{&quot;unit&quot;:&quot;px&quot;,&quot;top&quot;:&quot;&quot;,&quot;right&quot;:&quot;&quot;,&quot;bottom&quot;:&quot;&quot;,&quot;left&quot;:&quot;&quot;,&quot;isLinked&quot;:true},&quot;element_pack_global_tooltip_border_radius_mobile&quot;:{&quot;unit&quot;:&quot;px&quot;,&quot;top&quot;:&quot;&quot;,&quot;right&quot;:&quot;&quot;,&quot;bottom&quot;:&quot;&quot;,&quot;left&quot;:&quot;&quot;,&quot;isLinked&quot;:true}}\" data-elementor-post-type=\"page\">\n\t\t\t\t\t\t<section class=\"elementor-section elementor-top-section elementor-element elementor-element-d3f0a86 elementor-section-stretched elementor-section-height-min-height elementor-section-boxed elementor-section-height-default elementor-section-items-middle\" data-id=\"d3f0a86\" data-element_type=\"section\" data-settings=\"{&quot;stretch_section&quot;:&quot;section-stretched&quot;,&quot;background_background&quot;:&quot;classic&quot;}\">\n\t\t\t\t\t\t\t<div class=\"elementor-background-overlay\"><\/div>\n\t\t\t\t\t\t\t<div class=\"elementor-container elementor-column-gap-default\">\n\t\t\t\t\t<div class=\"aux-parallax-section elementor-column elementor-col-50 elementor-top-column elementor-element elementor-element-1e574afd aux-appear-watch-animation aux-fade-in-right\" data-id=\"1e574afd\" data-element_type=\"column\">\n\t\t\t<div class=\"elementor-widget-wrap elementor-element-populated\">\n\t\t\t\t\t\t<div class=\"elementor-element elementor-element-6207908a elementor-widget elementor-widget-aux_modern_heading\" data-id=\"6207908a\" data-element_type=\"widget\" data-widget_type=\"aux_modern_heading.default\">\n\t\t\t\t<div class=\"elementor-widget-container\">\n\t\t\t\t\t<section class=\"aux-widget-modern-heading\">\n            <div class=\"aux-widget-inner\"><h1 class=\"aux-modern-heading-primary\">Flake Ice Machines<\/h1><\/div>\n        <\/section>\t\t\t\t<\/div>\n\t\t\t\t<\/div>\n\t\t\t\t\t<\/div>\n\t\t<\/div>\n\t\t\t\t<div class=\"aux-parallax-section elementor-column elementor-col-50 elementor-top-column elementor-element elementor-element-4c85fec7\" data-id=\"4c85fec7\" data-element_type=\"column\">\n\t\t\t<div class=\"elementor-widget-wrap\">\n\t\t\t\t\t\t\t<\/div>\n\t\t<\/div>\n\t\t\t\t\t<\/div>\n\t\t<\/section>\n\t\t\t\t<section class=\"elementor-section elementor-top-section elementor-element elementor-element-2555eae8 elementor-section-boxed elementor-section-height-default elementor-section-height-default\" data-id=\"2555eae8\" data-element_type=\"section\">\n\t\t\t\t\t\t<div class=\"elementor-container elementor-column-gap-default\">\n\t\t\t\t\t<div class=\"aux-parallax-section elementor-column elementor-col-100 elementor-top-column elementor-element elementor-element-a055cfe\" data-id=\"a055cfe\" data-element_type=\"column\">\n\t\t\t<div class=\"elementor-widget-wrap elementor-element-populated\">\n\t\t\t\t\t\t<div class=\"elementor-element elementor-element-41e94ae9 elementor-widget elementor-widget-aux_modern_heading\" data-id=\"41e94ae9\" data-element_type=\"widget\" data-widget_type=\"aux_modern_heading.default\">\n\t\t\t\t<div class=\"elementor-widget-container\">\n\t\t\t\t\t<section class=\"aux-widget-modern-heading\">\n            <div class=\"aux-widget-inner\"><h2 class=\"aux-modern-heading-primary\">Flake Machines in many variations<\/h2><div class=\"aux-modern-heading-divider\"><\/div><\/div>\n        <\/section>\t\t\t\t<\/div>\n\t\t\t\t<\/div>\n\t\t\t\t<div class=\"elementor-element elementor-element-2f20d784 elementor-widget__width-initial elementor-widget elementor-widget-text-editor\" data-id=\"2f20d784\" data-element_type=\"widget\" data-widget_type=\"text-editor.default\">\n\t\t\t\t<div class=\"elementor-widget-container\">\n\t\t\t\t\t\t\t\t\t<p>Flake Ice Machines from Kaeling are perfect for all kinds of fish processing, ice sales companies, meat processors and other companies that want to use flake ice for cooling.<\/p>\n<h2>The best energy efficiency available<\/h2>\n<p>We claim that flake ice machines from Kaeling have the most efficient electricity consumption in proportion to performance. The flake ice machines freeze water faster than other machines due to a unique and patented technology that improves heat conduction in the evaporator. The evaporator cools the drum where the water freezes and the ice is scraped off faster than other machines.<\/p>\n<p><strong>More than 28% electricity savings in the production of flake ice<\/strong><\/p>\n<p>The machines from us require less electricity to make the same amount of flake ice compared to other machines. This is best explained with an example.<\/p>\n<p>Commonly, other water-cooled flake ice machines require 105 KWH to make each ton of flake ice. The machines from Kaeling only need 75 KWH to make each ton of flake ice. The energy saving is more than 28%.<\/p>\n<p>If we take the example of a company that needs to produce 20 tons per day, and we aim for 225 working days during the year and we aim for loyalty benefits from the power company according to price list March 22, 2024. Flake ice machines from competitors have shown a need of 105KWH to produce each ton of flake ice, while machines from Kaeling need 75KWH to produce the same amount.<\/p>\n<p><strong>Here is an example of calculations of energy saving&nbsp; (105KWH \u2013 75KWH) x 20 x 225 x Euro 0.053. = Euro 7,155 including VAT which is saved in electricity consumption every year.<\/strong><\/p>\t\t\t\t\t\t\t\t<\/div>\n\t\t\t\t<\/div>\n\t\t\t\t\t<\/div>\n\t\t<\/div>\n\t\t\t\t\t<\/div>\n\t\t<\/section>\n\t\t\t\t<section class=\"elementor-section elementor-top-section elementor-element elementor-element-e647cdf elementor-section-stretched elementor-section-boxed elementor-section-height-default elementor-section-height-default\" data-id=\"e647cdf\" data-element_type=\"section\" data-settings=\"{&quot;stretch_section&quot;:&quot;section-stretched&quot;,&quot;background_background&quot;:&quot;classic&quot;}\">\n\t\t\t\t\t\t<div class=\"elementor-container elementor-column-gap-default\">\n\t\t\t\t\t<div class=\"aux-parallax-section elementor-column elementor-col-50 elementor-top-column elementor-element elementor-element-5b1ff0dc\" data-id=\"5b1ff0dc\" data-element_type=\"column\">\n\t\t\t<div class=\"elementor-widget-wrap elementor-element-populated\">\n\t\t\t\t\t\t<div class=\"elementor-element elementor-element-1eb599b8 elementor-widget elementor-widget-aux_modern_heading\" data-id=\"1eb599b8\" data-element_type=\"widget\" data-widget_type=\"aux_modern_heading.default\">\n\t\t\t\t<div class=\"elementor-widget-container\">\n\t\t\t\t\t<section class=\"aux-widget-modern-heading\">\n            <div class=\"aux-widget-inner\"><h2 class=\"aux-modern-heading-primary\">Cooling offers Flake Ice Machines and Ice Storage boxes in many variations<\/h2><\/div>\n        <\/section>\t\t\t\t<\/div>\n\t\t\t\t<\/div>\n\t\t\t\t\t<\/div>\n\t\t<\/div>\n\t\t\t\t<div class=\"aux-parallax-section elementor-column elementor-col-50 elementor-top-column elementor-element elementor-element-5093eafe\" data-id=\"5093eafe\" data-element_type=\"column\">\n\t\t\t<div class=\"elementor-widget-wrap\">\n\t\t\t\t\t\t\t<\/div>\n\t\t<\/div>\n\t\t\t\t\t<\/div>\n\t\t<\/section>\n\t\t\t\t<section class=\"elementor-section elementor-top-section elementor-element elementor-element-63678360 elementor-section-boxed elementor-section-height-default elementor-section-height-default\" data-id=\"63678360\" data-element_type=\"section\">\n\t\t\t\t\t\t<div class=\"elementor-container elementor-column-gap-default\">\n\t\t\t\t\t<div class=\"aux-parallax-section elementor-column elementor-col-100 elementor-top-column elementor-element elementor-element-7bc61be8\" data-id=\"7bc61be8\" data-element_type=\"column\">\n\t\t\t<div class=\"elementor-widget-wrap elementor-element-populated\">\n\t\t\t\t\t\t\t<\/div>\n\t\t<\/div>\n\t\t\t\t\t<\/div>\n\t\t<\/section>\n\t\t\t\t<section class=\"elementor-section elementor-top-section elementor-element elementor-element-eb6cbcf elementor-section-boxed elementor-section-height-default elementor-section-height-default\" data-id=\"eb6cbcf\" data-element_type=\"section\">\n\t\t\t\t\t\t<div class=\"elementor-container elementor-column-gap-default\">\n\t\t\t\t\t<div class=\"aux-parallax-section elementor-column elementor-col-100 elementor-top-column elementor-element elementor-element-8fd5837\" data-id=\"8fd5837\" data-element_type=\"column\">\n\t\t\t<div class=\"elementor-widget-wrap elementor-element-populated\">\n\t\t\t\t\t\t<div class=\"elementor-element elementor-element-7e24a14 elementor-widget elementor-widget-text-editor\" data-id=\"7e24a14\" data-element_type=\"widget\" data-widget_type=\"text-editor.default\">\n\t\t\t\t<div class=\"elementor-widget-container\">\n\t\t\t\t\t\t\t\t\t<h2>Smaller machines \u2013 more performance<\/h2><p>With the unique cooling technology of our flake ice machines, it is possible to have smaller compressors to make the ice with the same capacity compared to other Shell Ice Machines. The machines are therefore extremely suitable for places where there is little space or where it is important to use every square meter as well as possible.<\/p><h2>Quality, durability, and reliability<\/h2><p>We pride ourselves on offering quality and reliable equipment. We carefully select components and use equipment from well-known, world-renowned sources. In our flake ice machines, over 80% of the components are from well-known international brands such as Bitzer, GEA Bock, Danfoss, Schneider, etc. We also use equipment from smaller sources that meet the stated requirements. Our customers can therefore be sure that they will receive quality and reliable equipment with the best possible performance.<\/p><p><strong>Experience has shown no failures in compressors, expansion valves, evaporators, or condensers in a working period of over 12 years.<\/strong><\/p><h2>Short turnaround time<\/h2><p>We usually have common sizes of Flake Ice Machines in stock, but we process special orders quickly. Delivery time for special orders can be from 4 to 6 weeks.<\/p>\t\t\t\t\t\t\t\t<\/div>\n\t\t\t\t<\/div>\n\t\t\t\t\t<\/div>\n\t\t<\/div>\n\t\t\t\t\t<\/div>\n\t\t<\/section>\n\t\t\t\t<\/div>\n\t\t","protected":false},"excerpt":{"rendered":"<p>Flake Ice Machines Flake Machines in many variations Flake Ice Machines from Kaeling are perfect for all kinds of fish processing, ice sales companies, meat processors and other companies that want to use flake ice for cooling. The best energy efficiency available We claim that flake ice machines from Kaeling have the most efficient electricity [&hellip;]<\/p>\n","protected":false},"author":2,"featured_media":4536,"parent":471,"menu_order":0,"comment_status":"closed","ping_status":"closed","template":"","meta":{"footnotes":""},"class_list":["post-4664","page","type-page","status-publish","has-post-thumbnail","hentry"],"yoast_head":"<!-- This site is optimized with the Yoast SEO plugin v24.4 - https:\/\/yoast.com\/wordpress\/plugins\/seo\/ -->\n<title>Flake Ice Machines for fish and food industry from Cooling.is<\/title>\n<meta name=\"description\" content=\"Flake Ice Machines for fish and food industry from Cooling in many variations. Contact us for more information.\" \/>\n<meta name=\"robots\" content=\"index, follow, max-snippet:-1, max-image-preview:large, max-video-preview:-1\" \/>\n<link rel=\"canonical\" href=\"https:\/\/cooling.is\/en\/industry-cooling-equipment\/flake-ice-machines\/\" \/>\n<meta property=\"og:locale\" content=\"en_US\" \/>\n<meta property=\"og:type\" content=\"article\" \/>\n<meta property=\"og:title\" content=\"Flake Ice Machines for fish and food industry from Cooling.is\" \/>\n<meta property=\"og:description\" content=\"Flake Ice Machines for fish and food industry from Cooling in many variations. Contact us for more information.\" \/>\n<meta property=\"og:url\" content=\"https:\/\/cooling.is\/en\/industry-cooling-equipment\/flake-ice-machines\/\" \/>\n<meta property=\"og:site_name\" content=\"K\u00e6ling k\u00e6lilausnir.\" \/>\n<meta property=\"article:modified_time\" content=\"2025-04-02T18:39:21+00:00\" \/>\n<meta property=\"og:image\" content=\"https:\/\/cooling.is\/wp-content\/uploads\/2024\/03\/K-2000FW-800x800-1.png\" \/>\n\t<meta property=\"og:image:width\" content=\"800\" \/>\n\t<meta property=\"og:image:height\" content=\"800\" \/>\n\t<meta property=\"og:image:type\" content=\"image\/png\" \/>\n<meta name=\"twitter:card\" content=\"summary_large_image\" \/>\n<meta name=\"twitter:label1\" content=\"Est. reading time\" \/>\n\t<meta name=\"twitter:data1\" content=\"4 minutes\" \/>\n<script type=\"application\/ld+json\" class=\"yoast-schema-graph\">{\"@context\":\"https:\/\/schema.org\",\"@graph\":[{\"@type\":\"WebPage\",\"@id\":\"https:\/\/cooling.is\/en\/industry-cooling-equipment\/flake-ice-machines\/\",\"url\":\"https:\/\/cooling.is\/en\/industry-cooling-equipment\/flake-ice-machines\/\",\"name\":\"Flake Ice Machines for fish and food industry from Cooling.is\",\"isPartOf\":{\"@id\":\"https:\/\/cooling.is\/#website\"},\"primaryImageOfPage\":{\"@id\":\"https:\/\/cooling.is\/en\/industry-cooling-equipment\/flake-ice-machines\/#primaryimage\"},\"image\":{\"@id\":\"https:\/\/cooling.is\/en\/industry-cooling-equipment\/flake-ice-machines\/#primaryimage\"},\"thumbnailUrl\":\"https:\/\/cooling.is\/wp-content\/uploads\/2024\/03\/K-2000FW-800x800-1.png\",\"datePublished\":\"2024-04-19T12:52:00+00:00\",\"dateModified\":\"2025-04-02T18:39:21+00:00\",\"description\":\"Flake Ice Machines for fish and food industry from Cooling in many variations. Contact us for more information.\",\"breadcrumb\":{\"@id\":\"https:\/\/cooling.is\/en\/industry-cooling-equipment\/flake-ice-machines\/#breadcrumb\"},\"inLanguage\":\"en-US\",\"potentialAction\":[{\"@type\":\"ReadAction\",\"target\":[\"https:\/\/cooling.is\/en\/industry-cooling-equipment\/flake-ice-machines\/\"]}]},{\"@type\":\"ImageObject\",\"inLanguage\":\"en-US\",\"@id\":\"https:\/\/cooling.is\/en\/industry-cooling-equipment\/flake-ice-machines\/#primaryimage\",\"url\":\"https:\/\/cooling.is\/wp-content\/uploads\/2024\/03\/K-2000FW-800x800-1.png\",\"contentUrl\":\"https:\/\/cooling.is\/wp-content\/uploads\/2024\/03\/K-2000FW-800x800-1.png\",\"width\":800,\"height\":800,\"caption\":\"KI-2TFW Flake Ice Machine watercooled from Cooling\"},{\"@type\":\"BreadcrumbList\",\"@id\":\"https:\/\/cooling.is\/en\/industry-cooling-equipment\/flake-ice-machines\/#breadcrumb\",\"itemListElement\":[{\"@type\":\"ListItem\",\"position\":1,\"name\":\"Home\",\"item\":\"https:\/\/cooling.is\/\"},{\"@type\":\"ListItem\",\"position\":2,\"name\":\"Industry Cooling Equipment\",\"item\":\"https:\/\/cooling.is\/kaelibunadur\/\"},{\"@type\":\"ListItem\",\"position\":3,\"name\":\"Flake Ice Machines\"}]},{\"@type\":\"WebSite\",\"@id\":\"https:\/\/cooling.is\/#website\",\"url\":\"https:\/\/cooling.is\/\",\"name\":\"K\u00e6ling k\u00e6lilausnir.\",\"description\":\"Alhli\u00f0a k\u00e6lilausnir fyrir sj\u00e1var\u00fatveg og matv\u00e6lai\u00f0na\u00f0\",\"publisher\":{\"@id\":\"https:\/\/cooling.is\/#organization\"},\"potentialAction\":[{\"@type\":\"SearchAction\",\"target\":{\"@type\":\"EntryPoint\",\"urlTemplate\":\"https:\/\/cooling.is\/?s={search_term_string}\"},\"query-input\":{\"@type\":\"PropertyValueSpecification\",\"valueRequired\":true,\"valueName\":\"search_term_string\"}}],\"inLanguage\":\"en-US\"},{\"@type\":\"Organization\",\"@id\":\"https:\/\/cooling.is\/#organization\",\"name\":\"K\u00e6ling\",\"url\":\"https:\/\/cooling.is\/\",\"logo\":{\"@type\":\"ImageObject\",\"inLanguage\":\"en-US\",\"@id\":\"https:\/\/cooling.is\/#\/schema\/logo\/image\/\",\"url\":\"https:\/\/cooling.is\/wp-content\/uploads\/2018\/06\/kaeling_logo.svg\",\"contentUrl\":\"https:\/\/cooling.is\/wp-content\/uploads\/2018\/06\/kaeling_logo.svg\",\"width\":1907,\"height\":618,\"caption\":\"K\u00e6ling\"},\"image\":{\"@id\":\"https:\/\/cooling.is\/#\/schema\/logo\/image\/\"}}]}<\/script>\n<!-- \/ Yoast SEO plugin. -->","yoast_head_json":{"title":"Flake Ice Machines for fish and food industry from Cooling.is","description":"Flake Ice Machines for fish and food industry from Cooling in many variations. Contact us for more information.","robots":{"index":"index","follow":"follow","max-snippet":"max-snippet:-1","max-image-preview":"max-image-preview:large","max-video-preview":"max-video-preview:-1"},"canonical":"https:\/\/cooling.is\/en\/industry-cooling-equipment\/flake-ice-machines\/","og_locale":"en_US","og_type":"article","og_title":"Flake Ice Machines for fish and food industry from Cooling.is","og_description":"Flake Ice Machines for fish and food industry from Cooling in many variations. Contact us for more information.","og_url":"https:\/\/cooling.is\/en\/industry-cooling-equipment\/flake-ice-machines\/","og_site_name":"K\u00e6ling k\u00e6lilausnir.","article_modified_time":"2025-04-02T18:39:21+00:00","og_image":[{"width":800,"height":800,"url":"https:\/\/cooling.is\/wp-content\/uploads\/2024\/03\/K-2000FW-800x800-1.png","type":"image\/png"}],"twitter_card":"summary_large_image","twitter_misc":{"Est. reading time":"4 minutes"},"schema":{"@context":"https:\/\/schema.org","@graph":[{"@type":"WebPage","@id":"https:\/\/cooling.is\/en\/industry-cooling-equipment\/flake-ice-machines\/","url":"https:\/\/cooling.is\/en\/industry-cooling-equipment\/flake-ice-machines\/","name":"Flake Ice Machines for fish and food industry from Cooling.is","isPartOf":{"@id":"https:\/\/cooling.is\/#website"},"primaryImageOfPage":{"@id":"https:\/\/cooling.is\/en\/industry-cooling-equipment\/flake-ice-machines\/#primaryimage"},"image":{"@id":"https:\/\/cooling.is\/en\/industry-cooling-equipment\/flake-ice-machines\/#primaryimage"},"thumbnailUrl":"https:\/\/cooling.is\/wp-content\/uploads\/2024\/03\/K-2000FW-800x800-1.png","datePublished":"2024-04-19T12:52:00+00:00","dateModified":"2025-04-02T18:39:21+00:00","description":"Flake Ice Machines for fish and food industry from Cooling in many variations. Contact us for more information.","breadcrumb":{"@id":"https:\/\/cooling.is\/en\/industry-cooling-equipment\/flake-ice-machines\/#breadcrumb"},"inLanguage":"en-US","potentialAction":[{"@type":"ReadAction","target":["https:\/\/cooling.is\/en\/industry-cooling-equipment\/flake-ice-machines\/"]}]},{"@type":"ImageObject","inLanguage":"en-US","@id":"https:\/\/cooling.is\/en\/industry-cooling-equipment\/flake-ice-machines\/#primaryimage","url":"https:\/\/cooling.is\/wp-content\/uploads\/2024\/03\/K-2000FW-800x800-1.png","contentUrl":"https:\/\/cooling.is\/wp-content\/uploads\/2024\/03\/K-2000FW-800x800-1.png","width":800,"height":800,"caption":"KI-2TFW Flake Ice Machine watercooled from Cooling"},{"@type":"BreadcrumbList","@id":"https:\/\/cooling.is\/en\/industry-cooling-equipment\/flake-ice-machines\/#breadcrumb","itemListElement":[{"@type":"ListItem","position":1,"name":"Home","item":"https:\/\/cooling.is\/"},{"@type":"ListItem","position":2,"name":"Industry Cooling Equipment","item":"https:\/\/cooling.is\/kaelibunadur\/"},{"@type":"ListItem","position":3,"name":"Flake Ice Machines"}]},{"@type":"WebSite","@id":"https:\/\/cooling.is\/#website","url":"https:\/\/cooling.is\/","name":"K\u00e6ling k\u00e6lilausnir.","description":"Alhli\u00f0a k\u00e6lilausnir fyrir sj\u00e1var\u00fatveg og matv\u00e6lai\u00f0na\u00f0","publisher":{"@id":"https:\/\/cooling.is\/#organization"},"potentialAction":[{"@type":"SearchAction","target":{"@type":"EntryPoint","urlTemplate":"https:\/\/cooling.is\/?s={search_term_string}"},"query-input":{"@type":"PropertyValueSpecification","valueRequired":true,"valueName":"search_term_string"}}],"inLanguage":"en-US"},{"@type":"Organization","@id":"https:\/\/cooling.is\/#organization","name":"K\u00e6ling","url":"https:\/\/cooling.is\/","logo":{"@type":"ImageObject","inLanguage":"en-US","@id":"https:\/\/cooling.is\/#\/schema\/logo\/image\/","url":"https:\/\/cooling.is\/wp-content\/uploads\/2018\/06\/kaeling_logo.svg","contentUrl":"https:\/\/cooling.is\/wp-content\/uploads\/2018\/06\/kaeling_logo.svg","width":1907,"height":618,"caption":"K\u00e6ling"},"image":{"@id":"https:\/\/cooling.is\/#\/schema\/logo\/image\/"}}]}},"_links":{"self":[{"href":"https:\/\/cooling.is\/en\/wp-json\/wp\/v2\/pages\/4664","targetHints":{"allow":["GET"]}}],"collection":[{"href":"https:\/\/cooling.is\/en\/wp-json\/wp\/v2\/pages"}],"about":[{"href":"https:\/\/cooling.is\/en\/wp-json\/wp\/v2\/types\/page"}],"author":[{"embeddable":true,"href":"https:\/\/cooling.is\/en\/wp-json\/wp\/v2\/users\/2"}],"replies":[{"embeddable":true,"href":"https:\/\/cooling.is\/en\/wp-json\/wp\/v2\/comments?post=4664"}],"version-history":[{"count":42,"href":"https:\/\/cooling.is\/en\/wp-json\/wp\/v2\/pages\/4664\/revisions"}],"predecessor-version":[{"id":6029,"href":"https:\/\/cooling.is\/en\/wp-json\/wp\/v2\/pages\/4664\/revisions\/6029"}],"up":[{"embeddable":true,"href":"https:\/\/cooling.is\/en\/wp-json\/wp\/v2\/pages\/471"}],"wp:featuredmedia":[{"embeddable":true,"href":"https:\/\/cooling.is\/en\/wp-json\/wp\/v2\/media\/4536"}],"wp:attachment":[{"href":"https:\/\/cooling.is\/en\/wp-json\/wp\/v2\/media?parent=4664"}],"curies":[{"name":"wp","href":"https:\/\/api.w.org\/{rel}","templated":true}]}}