{"id":2686,"date":"2022-07-16T15:31:23","date_gmt":"2022-07-16T15:31:23","guid":{"rendered":"https:\/\/cooling.is\/industry-cooling-equipment\/slurry-ice-tanks\/"},"modified":"2025-05-21T12:56:13","modified_gmt":"2025-05-21T12:56:13","slug":"slurry-ice-tanks","status":"publish","type":"page","link":"https:\/\/cooling.is\/en\/industry-cooling-equipment\/slurry-ice-tanks\/","title":{"rendered":"Slurry Ice Storage Tanks"},"content":{"rendered":"\t\t<div data-elementor-type=\"wp-post\" data-elementor-id=\"2686\" class=\"elementor elementor-2686 elementor-708\" data-elementor-settings=\"{&quot;element_pack_global_tooltip_width&quot;:{&quot;unit&quot;:&quot;px&quot;,&quot;size&quot;:&quot;&quot;,&quot;sizes&quot;:[]},&quot;element_pack_global_tooltip_width_tablet&quot;:{&quot;unit&quot;:&quot;px&quot;,&quot;size&quot;:&quot;&quot;,&quot;sizes&quot;:[]},&quot;element_pack_global_tooltip_width_mobile&quot;:{&quot;unit&quot;:&quot;px&quot;,&quot;size&quot;:&quot;&quot;,&quot;sizes&quot;:[]},&quot;element_pack_global_tooltip_padding&quot;:{&quot;unit&quot;:&quot;px&quot;,&quot;top&quot;:&quot;&quot;,&quot;right&quot;:&quot;&quot;,&quot;bottom&quot;:&quot;&quot;,&quot;left&quot;:&quot;&quot;,&quot;isLinked&quot;:true},&quot;element_pack_global_tooltip_padding_tablet&quot;:{&quot;unit&quot;:&quot;px&quot;,&quot;top&quot;:&quot;&quot;,&quot;right&quot;:&quot;&quot;,&quot;bottom&quot;:&quot;&quot;,&quot;left&quot;:&quot;&quot;,&quot;isLinked&quot;:true},&quot;element_pack_global_tooltip_padding_mobile&quot;:{&quot;unit&quot;:&quot;px&quot;,&quot;top&quot;:&quot;&quot;,&quot;right&quot;:&quot;&quot;,&quot;bottom&quot;:&quot;&quot;,&quot;left&quot;:&quot;&quot;,&quot;isLinked&quot;:true},&quot;element_pack_global_tooltip_border_radius&quot;:{&quot;unit&quot;:&quot;px&quot;,&quot;top&quot;:&quot;&quot;,&quot;right&quot;:&quot;&quot;,&quot;bottom&quot;:&quot;&quot;,&quot;left&quot;:&quot;&quot;,&quot;isLinked&quot;:true},&quot;element_pack_global_tooltip_border_radius_tablet&quot;:{&quot;unit&quot;:&quot;px&quot;,&quot;top&quot;:&quot;&quot;,&quot;right&quot;:&quot;&quot;,&quot;bottom&quot;:&quot;&quot;,&quot;left&quot;:&quot;&quot;,&quot;isLinked&quot;:true},&quot;element_pack_global_tooltip_border_radius_mobile&quot;:{&quot;unit&quot;:&quot;px&quot;,&quot;top&quot;:&quot;&quot;,&quot;right&quot;:&quot;&quot;,&quot;bottom&quot;:&quot;&quot;,&quot;left&quot;:&quot;&quot;,&quot;isLinked&quot;:true}}\" data-elementor-post-type=\"page\">\n\t\t\t\t\t\t<section class=\"elementor-section elementor-top-section elementor-element elementor-element-73051190 elementor-section-stretched elementor-section-height-min-height elementor-section-boxed elementor-section-height-default elementor-section-items-middle\" data-id=\"73051190\" data-element_type=\"section\" data-settings=\"{&quot;stretch_section&quot;:&quot;section-stretched&quot;,&quot;background_background&quot;:&quot;classic&quot;}\">\n\t\t\t\t\t\t<div class=\"elementor-container elementor-column-gap-default\">\n\t\t\t\t\t<div class=\"aux-parallax-section elementor-column elementor-col-50 elementor-top-column elementor-element elementor-element-5e662bc8 aux-appear-watch-animation aux-fade-in-right\" data-id=\"5e662bc8\" data-element_type=\"column\">\n\t\t\t<div class=\"elementor-widget-wrap elementor-element-populated\">\n\t\t\t\t\t\t<div class=\"elementor-element elementor-element-69364785 elementor-widget elementor-widget-aux_modern_heading\" data-id=\"69364785\" data-element_type=\"widget\" data-widget_type=\"aux_modern_heading.default\">\n\t\t\t\t<div class=\"elementor-widget-container\">\n\t\t\t\t\t<section class=\"aux-widget-modern-heading\">\n            <div class=\"aux-widget-inner\"><h1 class=\"aux-modern-heading-primary\">Slurry Ice Storage Tanks<\/h1><\/div>\n        <\/section>\t\t\t\t<\/div>\n\t\t\t\t<\/div>\n\t\t\t\t\t<\/div>\n\t\t<\/div>\n\t\t\t\t<div class=\"aux-parallax-section elementor-column elementor-col-50 elementor-top-column elementor-element elementor-element-7cff1f7b\" data-id=\"7cff1f7b\" data-element_type=\"column\">\n\t\t\t<div class=\"elementor-widget-wrap\">\n\t\t\t\t\t\t\t<\/div>\n\t\t<\/div>\n\t\t\t\t\t<\/div>\n\t\t<\/section>\n\t\t\t\t<section class=\"elementor-section elementor-top-section elementor-element elementor-element-332c27c3 elementor-section-boxed elementor-section-height-default elementor-section-height-default\" data-id=\"332c27c3\" data-element_type=\"section\">\n\t\t\t\t\t\t<div class=\"elementor-container elementor-column-gap-default\">\n\t\t\t\t\t<div class=\"aux-parallax-section elementor-column elementor-col-100 elementor-top-column elementor-element elementor-element-502489b7\" data-id=\"502489b7\" data-element_type=\"column\">\n\t\t\t<div class=\"elementor-widget-wrap elementor-element-populated\">\n\t\t\t\t\t\t<div class=\"elementor-element elementor-element-465aefa1 elementor-widget elementor-widget-aux_modern_heading\" data-id=\"465aefa1\" data-element_type=\"widget\" data-widget_type=\"aux_modern_heading.default\">\n\t\t\t\t<div class=\"elementor-widget-container\">\n\t\t\t\t\t<section class=\"aux-widget-modern-heading\">\n            <div class=\"aux-widget-inner\"><h2 class=\"aux-modern-heading-primary\">High-Quality Insulated Tanks for Slurry Ice Storage<\/h2><div class=\"aux-modern-heading-divider\"><\/div><\/div>\n        <\/section>\t\t\t\t<\/div>\n\t\t\t\t<\/div>\n\t\t\t\t<div class=\"elementor-element elementor-element-2041e4b0 elementor-widget elementor-widget-text-editor\" data-id=\"2041e4b0\" data-element_type=\"widget\" data-widget_type=\"text-editor.default\">\n\t\t\t\t<div class=\"elementor-widget-container\">\n\t\t\t\t\t\t\t\t\t<p data-start=\"187\" data-end=\"375\">Cooling designs and manufactures high-quality <strong data-start=\"287\" data-end=\"315\">slurry ice storage tanks<\/strong> designed for optimal performance in demanding environments.<\/p>\n<p>The tanks are constructed from <strong data-start=\"408\" data-end=\"445\">durable plastic with double walls<\/strong>, filled with <strong data-start=\"459\" data-end=\"482\">urethane insulation<\/strong> between the layers to ensure excellent thermal retention.<\/p>\n<h3 data-start=\"547\" data-end=\"591\"><strong data-start=\"551\" data-end=\"591\">Efficient Mixing and Pumping Systems<\/strong><\/h3>\n<p data-start=\"593\" data-end=\"1046\">Each slurry ice tank is equipped with an <strong data-start=\"634\" data-end=\"663\">internal mixing mechanism<\/strong> that prevents the separation of seawater and ice during storage.<\/p>\n<p data-start=\"593\" data-end=\"1046\">At one end of the tank, a <strong data-start=\"757\" data-end=\"785\">built-in slurry ice pump<\/strong> enables automatic dispensing. When a slurry ice valve, such as one located in a ship&#8217;s hold\u2014is opened, the pump activates <strong data-start=\"907\" data-end=\"924\">automatically<\/strong> and stops when the valve is closed. This system ensures smooth and efficient ice delivery with minimal user intervention.<\/p>\n<h3 data-start=\"1053\" data-end=\"1083\"><strong data-start=\"1057\" data-end=\"1083\">Applications and Sizes<\/strong><\/h3>\n<p data-start=\"1085\" data-end=\"1228\">These tanks are ideal for operations requiring <strong data-start=\"1132\" data-end=\"1182\">large quantities of slurry ice in a short time<\/strong> and are available in multiple standard sizes:<\/p>\n<ul data-start=\"1230\" data-end=\"1455\">\n<li data-start=\"1230\" data-end=\"1282\">\n<p data-start=\"1232\" data-end=\"1282\"><strong data-start=\"1232\" data-end=\"1248\">1,500 liters<\/strong> \u2013 (LxWxH) 1800 \u00d7 1340 \u00d7 1460 mm<\/p>\n<\/li>\n<li data-start=\"1283\" data-end=\"1335\">\n<p data-start=\"1285\" data-end=\"1335\"><strong data-start=\"1285\" data-end=\"1301\">2,000 liters<\/strong> \u2013 (LxWxH) 2310 \u00d7 1340 \u00d7 1460 mm<\/p>\n<\/li>\n<li data-start=\"1336\" data-end=\"1402\">\n<p data-start=\"1338\" data-end=\"1402\"><strong data-start=\"1338\" data-end=\"1354\">3,000 liters<\/strong> \u2013 (LxWxH) 3230 \u00d7 1340 \u00d7 1460 mm <em data-start=\"1387\" data-end=\"1400\">(see image)<\/em><\/p>\n<\/li>\n<li data-start=\"1403\" data-end=\"1455\">\n<p data-start=\"1405\" data-end=\"1455\"><strong data-start=\"1405\" data-end=\"1421\">4,000 liters<\/strong> \u2013 (LxWxH) 4160 \u00d7 1340 \u00d7 1460 mm<\/p>\n<\/li>\n<\/ul>\n<h3 data-start=\"1462\" data-end=\"1508\"><strong data-start=\"1466\" data-end=\"1508\">Custom Fabrication<\/strong><\/h3>\n<p data-start=\"1510\" data-end=\"1704\">In addition to standard models, <strong data-start=\"1542\" data-end=\"1588\">custom designs and tailored tank solutions<\/strong> are available upon request. Cooling offers <strong data-start=\"1640\" data-end=\"1668\">custom made Slurry Ice Storage Tanks<\/strong> built to your exact specifications.<\/p>\n<div>\n<h3 data-start=\"1462\" data-end=\"1508\"><strong data-start=\"1466\" data-end=\"1508\">Vertical Slurry Ice Storage Tanks<\/strong><\/h3>\n<\/div>\n<div>Vertical slurry ice tanks are also available. <strong data-start=\"1757\" data-end=\"1790\">Contact our sales consultants<\/strong> for more information: <strong><a href=\"mailto:info@cooling.is\">info@cooling.is<\/a><\/strong><\/div>\t\t\t\t\t\t\t\t<\/div>\n\t\t\t\t<\/div>\n\t\t\t\t\t<\/div>\n\t\t<\/div>\n\t\t\t\t\t<\/div>\n\t\t<\/section>\n\t\t\t\t<section class=\"elementor-section elementor-top-section elementor-element elementor-element-78929949 elementor-section-stretched elementor-section-boxed elementor-section-height-default elementor-section-height-default\" data-id=\"78929949\" data-element_type=\"section\" data-settings=\"{&quot;stretch_section&quot;:&quot;section-stretched&quot;,&quot;background_background&quot;:&quot;classic&quot;}\">\n\t\t\t\t\t\t<div class=\"elementor-container elementor-column-gap-default\">\n\t\t\t\t\t<div class=\"aux-parallax-section elementor-column elementor-col-50 elementor-top-column elementor-element elementor-element-1983bea7\" data-id=\"1983bea7\" data-element_type=\"column\">\n\t\t\t<div class=\"elementor-widget-wrap elementor-element-populated\">\n\t\t\t\t\t\t<div class=\"elementor-element elementor-element-5fad09f5 elementor-widget elementor-widget-aux_modern_heading\" data-id=\"5fad09f5\" data-element_type=\"widget\" data-widget_type=\"aux_modern_heading.default\">\n\t\t\t\t<div class=\"elementor-widget-container\">\n\t\t\t\t\t<section class=\"aux-widget-modern-heading\">\n            <div class=\"aux-widget-inner\"><h2 class=\"aux-modern-heading-primary\">Cooling offers quality Slurry Ice Tanks<\/h2><\/div>\n        <\/section>\t\t\t\t<\/div>\n\t\t\t\t<\/div>\n\t\t\t\t\t<\/div>\n\t\t<\/div>\n\t\t\t\t<div class=\"aux-parallax-section elementor-column elementor-col-50 elementor-top-column elementor-element elementor-element-29070f74\" data-id=\"29070f74\" data-element_type=\"column\">\n\t\t\t<div class=\"elementor-widget-wrap elementor-element-populated\">\n\t\t\t\t\t\t<div class=\"elementor-element elementor-element-4a374105 elementor-widget elementor-widget-text-editor\" data-id=\"4a374105\" data-element_type=\"widget\" data-widget_type=\"text-editor.default\">\n\t\t\t\t<div class=\"elementor-widget-container\">\n\t\t\t\t\t\t\t\t\t<p>Suitable for all sizes of fishing vessels and also ideal for fisheries on shore. If you are looking for solutions to keep the catch as fresh as possible from the catching moment till it is handed over Cooling is your partner.<\/p>\n\t\t\t\t\t\t\t\t<\/div>\n\t\t\t\t<\/div>\n\t\t\t\t\t<\/div>\n\t\t<\/div>\n\t\t\t\t\t<\/div>\n\t\t<\/section>\n\t\t\t\t<section class=\"elementor-section elementor-top-section elementor-element elementor-element-1cdc90d6 elementor-section-boxed elementor-section-height-default elementor-section-height-default\" data-id=\"1cdc90d6\" data-element_type=\"section\">\n\t\t\t\t\t\t<div class=\"elementor-container elementor-column-gap-default\">\n\t\t\t\t\t<div class=\"aux-parallax-section elementor-column elementor-col-100 elementor-top-column elementor-element elementor-element-4d46cb13\" data-id=\"4d46cb13\" data-element_type=\"column\">\n\t\t\t<div class=\"elementor-widget-wrap elementor-element-populated\">\n\t\t\t\t\t\t<div class=\"elementor-element elementor-element-f2d8202 elementor-grid-4 elementor-grid-tablet-3 elementor-grid-mobile-2 elementor-products-grid elementor-wc-products elementor-widget elementor-widget-woocommerce-products\" data-id=\"f2d8202\" data-element_type=\"widget\" data-widget_type=\"woocommerce-products.default\">\n\t\t\t\t<div class=\"elementor-widget-container\">\n\t\t\t\t\t<div class=\"woocommerce columns-4 \"><div class=\"products-loop aux-match-height aux-row aux-de-col4 aux-tb-col2 aux-mb-col1\">\n\n<div class=\"aux-col product type-product post-3296 status-publish first instock product_cat-slurry-ice-storage-tanks has-post-thumbnail shipping-taxable product-type-simple aux-remove-view-cart\">\n\t<a href=\"https:\/\/cooling.is\/en\/product\/slurry-ice-tank-1-500-liters\/\" class=\"woocommerce-LoopProduct-link woocommerce-loop-product__link\"><img decoding=\"async\" width=\"-30\" height=\"-30\" src=\"https:\/\/cooling.is\/wp-content\/uploads\/2019\/10\/I\u0301skrapatankur-3000-litrar-flokkamynd.png\" class=\"auxshp-product-image auxshp-attachment \" alt=\"Storage Tank for Slurry Ice from K\u00e6ling in Iceland\" data-original-width=\"600\" data-original-height=\"600\" data-original-src=\"https:\/\/cooling.is\/wp-content\/uploads\/2019\/10\/I\u0301skrapatankur-3000-litrar-flokkamynd.png\" srcset=\"https:\/\/cooling.is\/wp-content\/uploads\/2019\/10\/I\u0301skrapatankur-3000-litrar-flokkamynd-150x150.png 150w,https:\/\/cooling.is\/wp-content\/uploads\/2019\/10\/I\u0301skrapatankur-3000-litrar-flokkamynd-300x300.png 300w,https:\/\/cooling.is\/wp-content\/uploads\/2019\/10\/I\u0301skrapatankur-3000-litrar-flokkamynd-768x768.png 768w,https:\/\/cooling.is\/wp-content\/uploads\/2019\/10\/I\u0301skrapatankur-3000-litrar-flokkamynd.png -30w\" data-ratio=\"1\" data-original-w=\"800\" sizes=\"(max-width:479px) 480px,(max-width:767px) 768px,(max-width:1023px) 1024px,-30px\" \/><\/span><\/a><\/a><div class=\"auxshp-entry-main\"><a href=\"https:\/\/cooling.is\/en\/product\/slurry-ice-tank-1-500-liters\/\" class=\"auxshp-label auxshp-loop-title\"><h3 class=\"auxshp-title-heading\">Slurry Ice storage tank 1.500 liters<\/h3><\/a>\n<div class=\"loop-meta-wrapper\">\n    <div class=\"product_meta\">\n            <\/div>\n<\/div>\n\n<\/a><\/div><\/div>\n<\/div>\n<\/div>\t\t\t\t<\/div>\n\t\t\t\t<\/div>\n\t\t\t\t\t<\/div>\n\t\t<\/div>\n\t\t\t\t\t<\/div>\n\t\t<\/section>\n\t\t\t\t<\/div>\n\t\t","protected":false},"excerpt":{"rendered":"<p>Slurry Ice Storage Tanks High-Quality Insulated Tanks for Slurry Ice Storage Cooling designs and manufactures high-quality slurry ice storage tanks designed for optimal performance in demanding environments. The tanks are constructed from durable plastic with double walls, filled with urethane insulation between the layers to ensure excellent thermal retention. Efficient Mixing and Pumping Systems Each [&hellip;]<\/p>\n","protected":false},"author":2,"featured_media":0,"parent":471,"menu_order":0,"comment_status":"closed","ping_status":"closed","template":"","meta":{"footnotes":""},"class_list":["post-2686","page","type-page","status-publish","hentry"],"yoast_head":"<!-- This site is optimized with the Yoast SEO plugin v24.4 - https:\/\/yoast.com\/wordpress\/plugins\/seo\/ -->\n<title>Slurry Ice Storage Tanks - Storing Slurry Ice to make ready for large badges<\/title>\n<meta name=\"description\" content=\"Slurry Ice Tanks are available in many standard sizes and are also available made to order in perfect sizes for each customer.\" \/>\n<meta name=\"robots\" content=\"index, follow, max-snippet:-1, max-image-preview:large, max-video-preview:-1\" \/>\n<link rel=\"canonical\" href=\"https:\/\/cooling.is\/kaelibunadur\/istankar\/\" \/>\n<meta property=\"og:locale\" content=\"en_US\" \/>\n<meta property=\"og:type\" content=\"article\" \/>\n<meta property=\"og:title\" content=\"Slurry Ice Storage Tanks - Storing Slurry Ice to make ready for large badges\" \/>\n<meta property=\"og:description\" content=\"Slurry Ice Tanks are available in many standard sizes and are also available made to order in perfect sizes for each customer.\" \/>\n<meta property=\"og:url\" content=\"https:\/\/cooling.is\/kaelibunadur\/istankar\/\" \/>\n<meta property=\"og:site_name\" content=\"K\u00e6ling k\u00e6lilausnir.\" \/>\n<meta property=\"article:modified_time\" content=\"2025-05-21T12:56:13+00:00\" \/>\n<meta name=\"twitter:card\" content=\"summary_large_image\" \/>\n<meta name=\"twitter:label1\" content=\"Est. reading time\" \/>\n\t<meta name=\"twitter:data1\" content=\"2 minutes\" \/>\n<script type=\"application\/ld+json\" class=\"yoast-schema-graph\">{\"@context\":\"https:\/\/schema.org\",\"@graph\":[{\"@type\":\"WebPage\",\"@id\":\"https:\/\/cooling.is\/kaelibunadur\/istankar\/\",\"url\":\"https:\/\/cooling.is\/kaelibunadur\/istankar\/\",\"name\":\"Slurry Ice Storage Tanks - Storing Slurry Ice to make ready for large badges\",\"isPartOf\":{\"@id\":\"https:\/\/cooling.is\/#website\"},\"datePublished\":\"2022-07-16T15:31:23+00:00\",\"dateModified\":\"2025-05-21T12:56:13+00:00\",\"description\":\"Slurry Ice Tanks are available in many standard sizes and are also available made to order in perfect sizes for each customer.\",\"breadcrumb\":{\"@id\":\"https:\/\/cooling.is\/kaelibunadur\/istankar\/#breadcrumb\"},\"inLanguage\":\"en-US\",\"potentialAction\":[{\"@type\":\"ReadAction\",\"target\":[\"https:\/\/cooling.is\/kaelibunadur\/istankar\/\"]}]},{\"@type\":\"BreadcrumbList\",\"@id\":\"https:\/\/cooling.is\/kaelibunadur\/istankar\/#breadcrumb\",\"itemListElement\":[{\"@type\":\"ListItem\",\"position\":1,\"name\":\"Home\",\"item\":\"https:\/\/cooling.is\/\"},{\"@type\":\"ListItem\",\"position\":2,\"name\":\"Industry Cooling Equipment\",\"item\":\"https:\/\/cooling.is\/kaelibunadur\/\"},{\"@type\":\"ListItem\",\"position\":3,\"name\":\"Slurry Ice Storage Tanks\"}]},{\"@type\":\"WebSite\",\"@id\":\"https:\/\/cooling.is\/#website\",\"url\":\"https:\/\/cooling.is\/\",\"name\":\"K\u00e6ling k\u00e6lilausnir.\",\"description\":\"Alhli\u00f0a k\u00e6lilausnir fyrir sj\u00e1var\u00fatveg og matv\u00e6lai\u00f0na\u00f0\",\"publisher\":{\"@id\":\"https:\/\/cooling.is\/#organization\"},\"potentialAction\":[{\"@type\":\"SearchAction\",\"target\":{\"@type\":\"EntryPoint\",\"urlTemplate\":\"https:\/\/cooling.is\/?s={search_term_string}\"},\"query-input\":{\"@type\":\"PropertyValueSpecification\",\"valueRequired\":true,\"valueName\":\"search_term_string\"}}],\"inLanguage\":\"en-US\"},{\"@type\":\"Organization\",\"@id\":\"https:\/\/cooling.is\/#organization\",\"name\":\"K\u00e6ling\",\"url\":\"https:\/\/cooling.is\/\",\"logo\":{\"@type\":\"ImageObject\",\"inLanguage\":\"en-US\",\"@id\":\"https:\/\/cooling.is\/#\/schema\/logo\/image\/\",\"url\":\"https:\/\/cooling.is\/wp-content\/uploads\/2018\/06\/kaeling_logo.svg\",\"contentUrl\":\"https:\/\/cooling.is\/wp-content\/uploads\/2018\/06\/kaeling_logo.svg\",\"width\":1907,\"height\":618,\"caption\":\"K\u00e6ling\"},\"image\":{\"@id\":\"https:\/\/cooling.is\/#\/schema\/logo\/image\/\"}}]}<\/script>\n<!-- \/ Yoast SEO plugin. -->","yoast_head_json":{"title":"Slurry Ice Storage Tanks - Storing Slurry Ice to make ready for large badges","description":"Slurry Ice Tanks are available in many standard sizes and are also available made to order in perfect sizes for each customer.","robots":{"index":"index","follow":"follow","max-snippet":"max-snippet:-1","max-image-preview":"max-image-preview:large","max-video-preview":"max-video-preview:-1"},"canonical":"https:\/\/cooling.is\/kaelibunadur\/istankar\/","og_locale":"en_US","og_type":"article","og_title":"Slurry Ice Storage Tanks - Storing Slurry Ice to make ready for large badges","og_description":"Slurry Ice Tanks are available in many standard sizes and are also available made to order in perfect sizes for each customer.","og_url":"https:\/\/cooling.is\/kaelibunadur\/istankar\/","og_site_name":"K\u00e6ling k\u00e6lilausnir.","article_modified_time":"2025-05-21T12:56:13+00:00","twitter_card":"summary_large_image","twitter_misc":{"Est. reading time":"2 minutes"},"schema":{"@context":"https:\/\/schema.org","@graph":[{"@type":"WebPage","@id":"https:\/\/cooling.is\/kaelibunadur\/istankar\/","url":"https:\/\/cooling.is\/kaelibunadur\/istankar\/","name":"Slurry Ice Storage Tanks - Storing Slurry Ice to make ready for large badges","isPartOf":{"@id":"https:\/\/cooling.is\/#website"},"datePublished":"2022-07-16T15:31:23+00:00","dateModified":"2025-05-21T12:56:13+00:00","description":"Slurry Ice Tanks are available in many standard sizes and are also available made to order in perfect sizes for each customer.","breadcrumb":{"@id":"https:\/\/cooling.is\/kaelibunadur\/istankar\/#breadcrumb"},"inLanguage":"en-US","potentialAction":[{"@type":"ReadAction","target":["https:\/\/cooling.is\/kaelibunadur\/istankar\/"]}]},{"@type":"BreadcrumbList","@id":"https:\/\/cooling.is\/kaelibunadur\/istankar\/#breadcrumb","itemListElement":[{"@type":"ListItem","position":1,"name":"Home","item":"https:\/\/cooling.is\/"},{"@type":"ListItem","position":2,"name":"Industry Cooling Equipment","item":"https:\/\/cooling.is\/kaelibunadur\/"},{"@type":"ListItem","position":3,"name":"Slurry Ice Storage Tanks"}]},{"@type":"WebSite","@id":"https:\/\/cooling.is\/#website","url":"https:\/\/cooling.is\/","name":"K\u00e6ling k\u00e6lilausnir.","description":"Alhli\u00f0a k\u00e6lilausnir fyrir sj\u00e1var\u00fatveg og matv\u00e6lai\u00f0na\u00f0","publisher":{"@id":"https:\/\/cooling.is\/#organization"},"potentialAction":[{"@type":"SearchAction","target":{"@type":"EntryPoint","urlTemplate":"https:\/\/cooling.is\/?s={search_term_string}"},"query-input":{"@type":"PropertyValueSpecification","valueRequired":true,"valueName":"search_term_string"}}],"inLanguage":"en-US"},{"@type":"Organization","@id":"https:\/\/cooling.is\/#organization","name":"K\u00e6ling","url":"https:\/\/cooling.is\/","logo":{"@type":"ImageObject","inLanguage":"en-US","@id":"https:\/\/cooling.is\/#\/schema\/logo\/image\/","url":"https:\/\/cooling.is\/wp-content\/uploads\/2018\/06\/kaeling_logo.svg","contentUrl":"https:\/\/cooling.is\/wp-content\/uploads\/2018\/06\/kaeling_logo.svg","width":1907,"height":618,"caption":"K\u00e6ling"},"image":{"@id":"https:\/\/cooling.is\/#\/schema\/logo\/image\/"}}]}},"_links":{"self":[{"href":"https:\/\/cooling.is\/en\/wp-json\/wp\/v2\/pages\/2686","targetHints":{"allow":["GET"]}}],"collection":[{"href":"https:\/\/cooling.is\/en\/wp-json\/wp\/v2\/pages"}],"about":[{"href":"https:\/\/cooling.is\/en\/wp-json\/wp\/v2\/types\/page"}],"author":[{"embeddable":true,"href":"https:\/\/cooling.is\/en\/wp-json\/wp\/v2\/users\/2"}],"replies":[{"embeddable":true,"href":"https:\/\/cooling.is\/en\/wp-json\/wp\/v2\/comments?post=2686"}],"version-history":[{"count":30,"href":"https:\/\/cooling.is\/en\/wp-json\/wp\/v2\/pages\/2686\/revisions"}],"predecessor-version":[{"id":6214,"href":"https:\/\/cooling.is\/en\/wp-json\/wp\/v2\/pages\/2686\/revisions\/6214"}],"up":[{"embeddable":true,"href":"https:\/\/cooling.is\/en\/wp-json\/wp\/v2\/pages\/471"}],"wp:attachment":[{"href":"https:\/\/cooling.is\/en\/wp-json\/wp\/v2\/media?parent=2686"}],"curies":[{"name":"wp","href":"https:\/\/api.w.org\/{rel}","templated":true}]}}