{"id":2244,"date":"2022-01-24T12:31:10","date_gmt":"2022-01-24T12:31:10","guid":{"rendered":"https:\/\/cooling.is\/?page_id=2244"},"modified":"2025-02-08T17:51:09","modified_gmt":"2025-02-08T17:51:09","slug":"freshwater-cooler","status":"publish","type":"page","link":"https:\/\/cooling.is\/en\/industry-cooling-equipment\/freshwater-cooler\/","title":{"rendered":"Freshwater cooler"},"content":{"rendered":"\t\t<div data-elementor-type=\"wp-post\" data-elementor-id=\"2244\" class=\"elementor elementor-2244 elementor-2243\" data-elementor-settings=\"{&quot;element_pack_global_tooltip_width&quot;:{&quot;unit&quot;:&quot;px&quot;,&quot;size&quot;:&quot;&quot;,&quot;sizes&quot;:[]},&quot;element_pack_global_tooltip_width_tablet&quot;:{&quot;unit&quot;:&quot;px&quot;,&quot;size&quot;:&quot;&quot;,&quot;sizes&quot;:[]},&quot;element_pack_global_tooltip_width_mobile&quot;:{&quot;unit&quot;:&quot;px&quot;,&quot;size&quot;:&quot;&quot;,&quot;sizes&quot;:[]},&quot;element_pack_global_tooltip_padding&quot;:{&quot;unit&quot;:&quot;px&quot;,&quot;top&quot;:&quot;&quot;,&quot;right&quot;:&quot;&quot;,&quot;bottom&quot;:&quot;&quot;,&quot;left&quot;:&quot;&quot;,&quot;isLinked&quot;:true},&quot;element_pack_global_tooltip_padding_tablet&quot;:{&quot;unit&quot;:&quot;px&quot;,&quot;top&quot;:&quot;&quot;,&quot;right&quot;:&quot;&quot;,&quot;bottom&quot;:&quot;&quot;,&quot;left&quot;:&quot;&quot;,&quot;isLinked&quot;:true},&quot;element_pack_global_tooltip_padding_mobile&quot;:{&quot;unit&quot;:&quot;px&quot;,&quot;top&quot;:&quot;&quot;,&quot;right&quot;:&quot;&quot;,&quot;bottom&quot;:&quot;&quot;,&quot;left&quot;:&quot;&quot;,&quot;isLinked&quot;:true},&quot;element_pack_global_tooltip_border_radius&quot;:{&quot;unit&quot;:&quot;px&quot;,&quot;top&quot;:&quot;&quot;,&quot;right&quot;:&quot;&quot;,&quot;bottom&quot;:&quot;&quot;,&quot;left&quot;:&quot;&quot;,&quot;isLinked&quot;:true},&quot;element_pack_global_tooltip_border_radius_tablet&quot;:{&quot;unit&quot;:&quot;px&quot;,&quot;top&quot;:&quot;&quot;,&quot;right&quot;:&quot;&quot;,&quot;bottom&quot;:&quot;&quot;,&quot;left&quot;:&quot;&quot;,&quot;isLinked&quot;:true},&quot;element_pack_global_tooltip_border_radius_mobile&quot;:{&quot;unit&quot;:&quot;px&quot;,&quot;top&quot;:&quot;&quot;,&quot;right&quot;:&quot;&quot;,&quot;bottom&quot;:&quot;&quot;,&quot;left&quot;:&quot;&quot;,&quot;isLinked&quot;:true}}\" data-elementor-post-type=\"page\">\n\t\t\t\t\t\t<section class=\"elementor-section elementor-top-section elementor-element elementor-element-5b2e913 elementor-section-stretched elementor-section-height-min-height elementor-section-boxed elementor-section-height-default elementor-section-items-middle\" data-id=\"5b2e913\" data-element_type=\"section\" data-settings=\"{&quot;stretch_section&quot;:&quot;section-stretched&quot;,&quot;background_background&quot;:&quot;classic&quot;}\">\n\t\t\t\t\t\t<div class=\"elementor-container elementor-column-gap-default\">\n\t\t\t\t\t<div class=\"aux-parallax-section elementor-column elementor-col-50 elementor-top-column elementor-element elementor-element-4d621f3c aux-appear-watch-animation aux-fade-in-right\" data-id=\"4d621f3c\" data-element_type=\"column\">\n\t\t\t<div class=\"elementor-widget-wrap elementor-element-populated\">\n\t\t\t\t\t\t<div class=\"elementor-element elementor-element-5b375d4b elementor-widget elementor-widget-aux_modern_heading\" data-id=\"5b375d4b\" data-element_type=\"widget\" data-widget_type=\"aux_modern_heading.default\">\n\t\t\t\t<div class=\"elementor-widget-container\">\n\t\t\t\t\t<section class=\"aux-widget-modern-heading\">\n            <div class=\"aux-widget-inner\"><h1 class=\"aux-modern-heading-primary\">Freshwater cooler<\/h1><\/div>\n        <\/section>\t\t\t\t<\/div>\n\t\t\t\t<\/div>\n\t\t\t\t\t<\/div>\n\t\t<\/div>\n\t\t\t\t<div class=\"aux-parallax-section elementor-column elementor-col-50 elementor-top-column elementor-element elementor-element-1fd27200\" data-id=\"1fd27200\" data-element_type=\"column\">\n\t\t\t<div class=\"elementor-widget-wrap\">\n\t\t\t\t\t\t\t<\/div>\n\t\t<\/div>\n\t\t\t\t\t<\/div>\n\t\t<\/section>\n\t\t\t\t<section class=\"elementor-section elementor-top-section elementor-element elementor-element-6f55da1a elementor-section-boxed elementor-section-height-default elementor-section-height-default\" data-id=\"6f55da1a\" data-element_type=\"section\">\n\t\t\t\t\t\t<div class=\"elementor-container elementor-column-gap-default\">\n\t\t\t\t\t<div class=\"aux-parallax-section elementor-column elementor-col-100 elementor-top-column elementor-element elementor-element-71cccf22\" data-id=\"71cccf22\" data-element_type=\"column\">\n\t\t\t<div class=\"elementor-widget-wrap elementor-element-populated\">\n\t\t\t\t\t\t<div class=\"elementor-element elementor-element-34cc637f elementor-widget elementor-widget-aux_modern_heading\" data-id=\"34cc637f\" data-element_type=\"widget\" data-widget_type=\"aux_modern_heading.default\">\n\t\t\t\t<div class=\"elementor-widget-container\">\n\t\t\t\t\t<section class=\"aux-widget-modern-heading\">\n            <div class=\"aux-widget-inner\"><h2 class=\"aux-modern-heading-primary\">Quality freshwater cooler for percect cooling temperature.<\/h2><div class=\"aux-modern-heading-divider\"><\/div><\/div>\n        <\/section>\t\t\t\t<\/div>\n\t\t\t\t<\/div>\n\t\t\t\t<div class=\"elementor-element elementor-element-16c4616f elementor-widget elementor-widget-text-editor\" data-id=\"16c4616f\" data-element_type=\"widget\" data-widget_type=\"text-editor.default\">\n\t\t\t\t<div class=\"elementor-widget-container\">\n\t\t\t\t\t\t\t\t\t<p>Cooling offers high quality industry grade freshwater coolers for perfect cooling temperature of the fresh catch from the first moment on board to the last finishing touches ashore before packaging.<\/p>\n\t\t\t\t\t\t\t\t<\/div>\n\t\t\t\t<\/div>\n\t\t\t\t\t<\/div>\n\t\t<\/div>\n\t\t\t\t\t<\/div>\n\t\t<\/section>\n\t\t\t\t<section class=\"elementor-section elementor-top-section elementor-element elementor-element-2bc31bef elementor-section-stretched elementor-section-boxed elementor-section-height-default elementor-section-height-default\" data-id=\"2bc31bef\" data-element_type=\"section\" data-settings=\"{&quot;stretch_section&quot;:&quot;section-stretched&quot;,&quot;background_background&quot;:&quot;classic&quot;}\">\n\t\t\t\t\t\t<div class=\"elementor-container elementor-column-gap-default\">\n\t\t\t\t\t<div class=\"aux-parallax-section elementor-column elementor-col-50 elementor-top-column elementor-element elementor-element-280b4935\" data-id=\"280b4935\" data-element_type=\"column\">\n\t\t\t<div class=\"elementor-widget-wrap elementor-element-populated\">\n\t\t\t\t\t\t<div class=\"elementor-element elementor-element-122a7556 elementor-widget elementor-widget-aux_modern_heading\" data-id=\"122a7556\" data-element_type=\"widget\" data-widget_type=\"aux_modern_heading.default\">\n\t\t\t\t<div class=\"elementor-widget-container\">\n\t\t\t\t\t<section class=\"aux-widget-modern-heading\">\n            <div class=\"aux-widget-inner\"><h2 class=\"aux-modern-heading-primary\">Cooling offers freshwater coolers for fishing wessels and fish processina ashore<\/h2><\/div>\n        <\/section>\t\t\t\t<\/div>\n\t\t\t\t<\/div>\n\t\t\t\t\t<\/div>\n\t\t<\/div>\n\t\t\t\t<div class=\"aux-parallax-section elementor-column elementor-col-50 elementor-top-column elementor-element elementor-element-2e5fa5a4\" data-id=\"2e5fa5a4\" data-element_type=\"column\">\n\t\t\t<div class=\"elementor-widget-wrap elementor-element-populated\">\n\t\t\t\t\t\t<div class=\"elementor-element elementor-element-44cf8ccd elementor-widget elementor-widget-text-editor\" data-id=\"44cf8ccd\" data-element_type=\"widget\" data-widget_type=\"text-editor.default\">\n\t\t\t\t<div class=\"elementor-widget-container\">\n\t\t\t\t\t\t\t\t\t<p>Make sure you are handling the fresh catch at best cooling conditions at all stages of the processing on board or and at ashore.<\/p>\n\t\t\t\t\t\t\t\t<\/div>\n\t\t\t\t<\/div>\n\t\t\t\t\t<\/div>\n\t\t<\/div>\n\t\t\t\t\t<\/div>\n\t\t<\/section>\n\t\t\t\t<section class=\"elementor-section elementor-top-section elementor-element elementor-element-171a6614 elementor-section-boxed elementor-section-height-default elementor-section-height-default\" data-id=\"171a6614\" data-element_type=\"section\">\n\t\t\t\t\t\t<div class=\"elementor-container elementor-column-gap-default\">\n\t\t\t\t\t<div class=\"aux-parallax-section elementor-column elementor-col-100 elementor-top-column elementor-element elementor-element-6c17c471\" data-id=\"6c17c471\" data-element_type=\"column\">\n\t\t\t<div class=\"elementor-widget-wrap elementor-element-populated\">\n\t\t\t\t\t\t<div class=\"elementor-element elementor-element-12148109 elementor-grid-4 elementor-grid-tablet-3 elementor-grid-mobile-2 elementor-products-grid elementor-wc-products elementor-widget elementor-widget-woocommerce-products\" data-id=\"12148109\" data-element_type=\"widget\" data-widget_type=\"woocommerce-products.default\">\n\t\t\t\t<div class=\"elementor-widget-container\">\n\t\t\t\t\t<div class=\"woocommerce columns-4 \"><div class=\"products-loop aux-match-height aux-row aux-de-col4 aux-tb-col2 aux-mb-col1\">\n\n<div class=\"aux-col product type-product post-2204 status-publish first instock product_tag-sea-water-cooling-system product_tag-sea-water-cooling-system-en has-post-thumbnail shipping-taxable product-type-simple aux-remove-view-cart\">\n\t<a href=\"https:\/\/cooling.is\/en\/product\/kp-6w-fresh-water-cooler\/\" class=\"woocommerce-LoopProduct-link woocommerce-loop-product__link\"><img decoding=\"async\" width=\"-30\" height=\"-30\" src=\"https:\/\/cooling.is\/wp-content\/uploads\/2021\/08\/KP6-sjo\u0301kaelir-fyrir-kaelingu-800x800-1.jpg\" class=\"auxshp-product-image auxshp-attachment \" alt=\"KP-6 Sj\u00f3k\u00e6lir fr\u00e1 K\u00e6lingu\" data-original-width=\"600\" data-original-height=\"600\" data-original-src=\"https:\/\/cooling.is\/wp-content\/uploads\/2021\/08\/KP6-sjo\u0301kaelir-fyrir-kaelingu-800x800-1.jpg\" srcset=\"https:\/\/cooling.is\/wp-content\/uploads\/2021\/08\/KP6-sjo\u0301kaelir-fyrir-kaelingu-800x800-1-150x150.jpg 150w,https:\/\/cooling.is\/wp-content\/uploads\/2021\/08\/KP6-sjo\u0301kaelir-fyrir-kaelingu-800x800-1-300x300.jpg 300w,https:\/\/cooling.is\/wp-content\/uploads\/2021\/08\/KP6-sjo\u0301kaelir-fyrir-kaelingu-800x800-1-768x768.jpg 768w,https:\/\/cooling.is\/wp-content\/uploads\/2021\/08\/KP6-sjo\u0301kaelir-fyrir-kaelingu-800x800-1.jpg -30w\" data-ratio=\"1\" data-original-w=\"800\" sizes=\"(max-width:479px) 480px,(max-width:767px) 768px,(max-width:1023px) 1024px,-30px\" \/><\/span><\/a><\/a><div class=\"auxshp-entry-main\"><a href=\"https:\/\/cooling.is\/en\/product\/kp-6w-fresh-water-cooler\/\" class=\"auxshp-label auxshp-loop-title\"><h3 class=\"auxshp-title-heading\">KP-6W fresh water cooler<\/h3><\/a>\n<div class=\"loop-meta-wrapper\">\n    <div class=\"product_meta\">\n            <\/div>\n<\/div>\n\n<\/a><\/div><\/div>\n<\/div>\n<\/div>\t\t\t\t<\/div>\n\t\t\t\t<\/div>\n\t\t\t\t\t<\/div>\n\t\t<\/div>\n\t\t\t\t\t<\/div>\n\t\t<\/section>\n\t\t\t\t<\/div>\n\t\t","protected":false},"excerpt":{"rendered":"<p>Freshwater cooler Quality freshwater cooler for percect cooling temperature. Cooling offers high quality industry grade freshwater coolers for perfect cooling temperature of the fresh catch from the first moment on board to the last finishing touches ashore before packaging. Cooling offers freshwater coolers for fishing wessels and fish processina ashore Make sure you are handling [&hellip;]<\/p>\n","protected":false},"author":2,"featured_media":0,"parent":471,"menu_order":0,"comment_status":"closed","ping_status":"closed","template":"","meta":{"footnotes":""},"class_list":["post-2244","page","type-page","status-publish","hentry"],"yoast_head":"<!-- This site is optimized with the Yoast SEO plugin v24.4 - https:\/\/yoast.com\/wordpress\/plugins\/seo\/ -->\n<title>Freshwater cooling for fishing vessels and fisheries ashore.<\/title>\n<meta name=\"description\" content=\"Quality freshwater cooling systems for perfect control of water temperature for processing on board vessels or at the fisheries ashore.\" \/>\n<meta name=\"robots\" content=\"index, follow, max-snippet:-1, max-image-preview:large, max-video-preview:-1\" \/>\n<link rel=\"canonical\" href=\"https:\/\/cooling.is\/en\/industry-cooling-equipment\/freshwater-cooler\/\" \/>\n<meta property=\"og:locale\" content=\"en_US\" \/>\n<meta property=\"og:type\" content=\"article\" \/>\n<meta property=\"og:title\" content=\"Freshwater cooling for fishing vessels and fisheries ashore.\" \/>\n<meta property=\"og:description\" content=\"Quality freshwater cooling systems for perfect control of water temperature for processing on board vessels or at the fisheries ashore.\" \/>\n<meta property=\"og:url\" content=\"https:\/\/cooling.is\/en\/industry-cooling-equipment\/freshwater-cooler\/\" \/>\n<meta property=\"og:site_name\" content=\"K\u00e6ling k\u00e6lilausnir.\" \/>\n<meta property=\"article:modified_time\" content=\"2025-02-08T17:51:09+00:00\" \/>\n<meta name=\"twitter:card\" content=\"summary_large_image\" \/>\n<meta name=\"twitter:label1\" content=\"Est. reading time\" \/>\n\t<meta name=\"twitter:data1\" content=\"1 minute\" \/>\n<script type=\"application\/ld+json\" class=\"yoast-schema-graph\">{\"@context\":\"https:\/\/schema.org\",\"@graph\":[{\"@type\":\"WebPage\",\"@id\":\"https:\/\/cooling.is\/en\/industry-cooling-equipment\/freshwater-cooler\/\",\"url\":\"https:\/\/cooling.is\/en\/industry-cooling-equipment\/freshwater-cooler\/\",\"name\":\"Freshwater cooling for fishing vessels and fisheries ashore.\",\"isPartOf\":{\"@id\":\"https:\/\/cooling.is\/#website\"},\"datePublished\":\"2022-01-24T12:31:10+00:00\",\"dateModified\":\"2025-02-08T17:51:09+00:00\",\"description\":\"Quality freshwater cooling systems for perfect control of water temperature for processing on board vessels or at the fisheries ashore.\",\"breadcrumb\":{\"@id\":\"https:\/\/cooling.is\/en\/industry-cooling-equipment\/freshwater-cooler\/#breadcrumb\"},\"inLanguage\":\"en-US\",\"potentialAction\":[{\"@type\":\"ReadAction\",\"target\":[\"https:\/\/cooling.is\/en\/industry-cooling-equipment\/freshwater-cooler\/\"]}]},{\"@type\":\"BreadcrumbList\",\"@id\":\"https:\/\/cooling.is\/en\/industry-cooling-equipment\/freshwater-cooler\/#breadcrumb\",\"itemListElement\":[{\"@type\":\"ListItem\",\"position\":1,\"name\":\"Home\",\"item\":\"https:\/\/cooling.is\/\"},{\"@type\":\"ListItem\",\"position\":2,\"name\":\"Industry Cooling Equipment\",\"item\":\"https:\/\/cooling.is\/kaelibunadur\/\"},{\"@type\":\"ListItem\",\"position\":3,\"name\":\"Freshwater cooler\"}]},{\"@type\":\"WebSite\",\"@id\":\"https:\/\/cooling.is\/#website\",\"url\":\"https:\/\/cooling.is\/\",\"name\":\"K\u00e6ling k\u00e6lilausnir.\",\"description\":\"Alhli\u00f0a k\u00e6lilausnir fyrir sj\u00e1var\u00fatveg og matv\u00e6lai\u00f0na\u00f0\",\"publisher\":{\"@id\":\"https:\/\/cooling.is\/#organization\"},\"potentialAction\":[{\"@type\":\"SearchAction\",\"target\":{\"@type\":\"EntryPoint\",\"urlTemplate\":\"https:\/\/cooling.is\/?s={search_term_string}\"},\"query-input\":{\"@type\":\"PropertyValueSpecification\",\"valueRequired\":true,\"valueName\":\"search_term_string\"}}],\"inLanguage\":\"en-US\"},{\"@type\":\"Organization\",\"@id\":\"https:\/\/cooling.is\/#organization\",\"name\":\"K\u00e6ling\",\"url\":\"https:\/\/cooling.is\/\",\"logo\":{\"@type\":\"ImageObject\",\"inLanguage\":\"en-US\",\"@id\":\"https:\/\/cooling.is\/#\/schema\/logo\/image\/\",\"url\":\"https:\/\/cooling.is\/wp-content\/uploads\/2018\/06\/kaeling_logo.svg\",\"contentUrl\":\"https:\/\/cooling.is\/wp-content\/uploads\/2018\/06\/kaeling_logo.svg\",\"width\":1907,\"height\":618,\"caption\":\"K\u00e6ling\"},\"image\":{\"@id\":\"https:\/\/cooling.is\/#\/schema\/logo\/image\/\"}}]}<\/script>\n<!-- \/ Yoast SEO plugin. -->","yoast_head_json":{"title":"Freshwater cooling for fishing vessels and fisheries ashore.","description":"Quality freshwater cooling systems for perfect control of water temperature for processing on board vessels or at the fisheries ashore.","robots":{"index":"index","follow":"follow","max-snippet":"max-snippet:-1","max-image-preview":"max-image-preview:large","max-video-preview":"max-video-preview:-1"},"canonical":"https:\/\/cooling.is\/en\/industry-cooling-equipment\/freshwater-cooler\/","og_locale":"en_US","og_type":"article","og_title":"Freshwater cooling for fishing vessels and fisheries ashore.","og_description":"Quality freshwater cooling systems for perfect control of water temperature for processing on board vessels or at the fisheries ashore.","og_url":"https:\/\/cooling.is\/en\/industry-cooling-equipment\/freshwater-cooler\/","og_site_name":"K\u00e6ling k\u00e6lilausnir.","article_modified_time":"2025-02-08T17:51:09+00:00","twitter_card":"summary_large_image","twitter_misc":{"Est. reading time":"1 minute"},"schema":{"@context":"https:\/\/schema.org","@graph":[{"@type":"WebPage","@id":"https:\/\/cooling.is\/en\/industry-cooling-equipment\/freshwater-cooler\/","url":"https:\/\/cooling.is\/en\/industry-cooling-equipment\/freshwater-cooler\/","name":"Freshwater cooling for fishing vessels and fisheries ashore.","isPartOf":{"@id":"https:\/\/cooling.is\/#website"},"datePublished":"2022-01-24T12:31:10+00:00","dateModified":"2025-02-08T17:51:09+00:00","description":"Quality freshwater cooling systems for perfect control of water temperature for processing on board vessels or at the fisheries ashore.","breadcrumb":{"@id":"https:\/\/cooling.is\/en\/industry-cooling-equipment\/freshwater-cooler\/#breadcrumb"},"inLanguage":"en-US","potentialAction":[{"@type":"ReadAction","target":["https:\/\/cooling.is\/en\/industry-cooling-equipment\/freshwater-cooler\/"]}]},{"@type":"BreadcrumbList","@id":"https:\/\/cooling.is\/en\/industry-cooling-equipment\/freshwater-cooler\/#breadcrumb","itemListElement":[{"@type":"ListItem","position":1,"name":"Home","item":"https:\/\/cooling.is\/"},{"@type":"ListItem","position":2,"name":"Industry Cooling Equipment","item":"https:\/\/cooling.is\/kaelibunadur\/"},{"@type":"ListItem","position":3,"name":"Freshwater cooler"}]},{"@type":"WebSite","@id":"https:\/\/cooling.is\/#website","url":"https:\/\/cooling.is\/","name":"K\u00e6ling k\u00e6lilausnir.","description":"Alhli\u00f0a k\u00e6lilausnir fyrir sj\u00e1var\u00fatveg og matv\u00e6lai\u00f0na\u00f0","publisher":{"@id":"https:\/\/cooling.is\/#organization"},"potentialAction":[{"@type":"SearchAction","target":{"@type":"EntryPoint","urlTemplate":"https:\/\/cooling.is\/?s={search_term_string}"},"query-input":{"@type":"PropertyValueSpecification","valueRequired":true,"valueName":"search_term_string"}}],"inLanguage":"en-US"},{"@type":"Organization","@id":"https:\/\/cooling.is\/#organization","name":"K\u00e6ling","url":"https:\/\/cooling.is\/","logo":{"@type":"ImageObject","inLanguage":"en-US","@id":"https:\/\/cooling.is\/#\/schema\/logo\/image\/","url":"https:\/\/cooling.is\/wp-content\/uploads\/2018\/06\/kaeling_logo.svg","contentUrl":"https:\/\/cooling.is\/wp-content\/uploads\/2018\/06\/kaeling_logo.svg","width":1907,"height":618,"caption":"K\u00e6ling"},"image":{"@id":"https:\/\/cooling.is\/#\/schema\/logo\/image\/"}}]}},"_links":{"self":[{"href":"https:\/\/cooling.is\/en\/wp-json\/wp\/v2\/pages\/2244","targetHints":{"allow":["GET"]}}],"collection":[{"href":"https:\/\/cooling.is\/en\/wp-json\/wp\/v2\/pages"}],"about":[{"href":"https:\/\/cooling.is\/en\/wp-json\/wp\/v2\/types\/page"}],"author":[{"embeddable":true,"href":"https:\/\/cooling.is\/en\/wp-json\/wp\/v2\/users\/2"}],"replies":[{"embeddable":true,"href":"https:\/\/cooling.is\/en\/wp-json\/wp\/v2\/comments?post=2244"}],"version-history":[{"count":9,"href":"https:\/\/cooling.is\/en\/wp-json\/wp\/v2\/pages\/2244\/revisions"}],"predecessor-version":[{"id":5677,"href":"https:\/\/cooling.is\/en\/wp-json\/wp\/v2\/pages\/2244\/revisions\/5677"}],"up":[{"embeddable":true,"href":"https:\/\/cooling.is\/en\/wp-json\/wp\/v2\/pages\/471"}],"wp:attachment":[{"href":"https:\/\/cooling.is\/en\/wp-json\/wp\/v2\/media?parent=2244"}],"curies":[{"name":"wp","href":"https:\/\/api.w.org\/{rel}","templated":true}]}}