{"id":2112,"date":"2022-07-16T17:14:54","date_gmt":"2022-07-16T17:14:54","guid":{"rendered":"https:\/\/cooling.is\/?page_id=2112"},"modified":"2022-09-29T10:05:26","modified_gmt":"2022-09-29T10:05:26","slug":"rsw-system","status":"publish","type":"page","link":"https:\/\/cooling.is\/en\/industry-cooling-equipment\/rsw-system\/","title":{"rendered":"RSW system"},"content":{"rendered":"\t\t<div data-elementor-type=\"wp-post\" data-elementor-id=\"2112\" class=\"elementor elementor-2112 elementor-2111\" data-elementor-settings=\"{&quot;element_pack_global_tooltip_width&quot;:{&quot;unit&quot;:&quot;px&quot;,&quot;size&quot;:&quot;&quot;,&quot;sizes&quot;:[]},&quot;element_pack_global_tooltip_width_tablet&quot;:{&quot;unit&quot;:&quot;px&quot;,&quot;size&quot;:&quot;&quot;,&quot;sizes&quot;:[]},&quot;element_pack_global_tooltip_width_mobile&quot;:{&quot;unit&quot;:&quot;px&quot;,&quot;size&quot;:&quot;&quot;,&quot;sizes&quot;:[]},&quot;element_pack_global_tooltip_padding&quot;:{&quot;unit&quot;:&quot;px&quot;,&quot;top&quot;:&quot;&quot;,&quot;right&quot;:&quot;&quot;,&quot;bottom&quot;:&quot;&quot;,&quot;left&quot;:&quot;&quot;,&quot;isLinked&quot;:true},&quot;element_pack_global_tooltip_padding_tablet&quot;:{&quot;unit&quot;:&quot;px&quot;,&quot;top&quot;:&quot;&quot;,&quot;right&quot;:&quot;&quot;,&quot;bottom&quot;:&quot;&quot;,&quot;left&quot;:&quot;&quot;,&quot;isLinked&quot;:true},&quot;element_pack_global_tooltip_padding_mobile&quot;:{&quot;unit&quot;:&quot;px&quot;,&quot;top&quot;:&quot;&quot;,&quot;right&quot;:&quot;&quot;,&quot;bottom&quot;:&quot;&quot;,&quot;left&quot;:&quot;&quot;,&quot;isLinked&quot;:true},&quot;element_pack_global_tooltip_border_radius&quot;:{&quot;unit&quot;:&quot;px&quot;,&quot;top&quot;:&quot;&quot;,&quot;right&quot;:&quot;&quot;,&quot;bottom&quot;:&quot;&quot;,&quot;left&quot;:&quot;&quot;,&quot;isLinked&quot;:true},&quot;element_pack_global_tooltip_border_radius_tablet&quot;:{&quot;unit&quot;:&quot;px&quot;,&quot;top&quot;:&quot;&quot;,&quot;right&quot;:&quot;&quot;,&quot;bottom&quot;:&quot;&quot;,&quot;left&quot;:&quot;&quot;,&quot;isLinked&quot;:true},&quot;element_pack_global_tooltip_border_radius_mobile&quot;:{&quot;unit&quot;:&quot;px&quot;,&quot;top&quot;:&quot;&quot;,&quot;right&quot;:&quot;&quot;,&quot;bottom&quot;:&quot;&quot;,&quot;left&quot;:&quot;&quot;,&quot;isLinked&quot;:true}}\" data-elementor-post-type=\"page\">\n\t\t\t\t\t\t<section class=\"elementor-section elementor-top-section elementor-element elementor-element-5b4c316f elementor-section-stretched elementor-section-height-min-height elementor-section-boxed elementor-section-height-default elementor-section-items-middle\" data-id=\"5b4c316f\" data-element_type=\"section\" data-settings=\"{&quot;stretch_section&quot;:&quot;section-stretched&quot;,&quot;background_background&quot;:&quot;classic&quot;}\">\n\t\t\t\t\t\t<div class=\"elementor-container elementor-column-gap-default\">\n\t\t\t\t\t<div class=\"aux-parallax-section elementor-column elementor-col-50 elementor-top-column elementor-element elementor-element-7a5e6bba aux-appear-watch-animation aux-fade-in-right\" data-id=\"7a5e6bba\" data-element_type=\"column\">\n\t\t\t<div class=\"elementor-widget-wrap elementor-element-populated\">\n\t\t\t\t\t\t<div class=\"elementor-element elementor-element-53eb0092 elementor-widget elementor-widget-aux_modern_heading\" data-id=\"53eb0092\" data-element_type=\"widget\" data-widget_type=\"aux_modern_heading.default\">\n\t\t\t\t<div class=\"elementor-widget-container\">\n\t\t\t\t\t<section class=\"aux-widget-modern-heading\">\n            <div class=\"aux-widget-inner\"><h1 class=\"aux-modern-heading-primary\">RSW - Refrigerated Sea Water system<\/h1><\/div>\n        <\/section>\t\t\t\t<\/div>\n\t\t\t\t<\/div>\n\t\t\t\t\t<\/div>\n\t\t<\/div>\n\t\t\t\t<div class=\"aux-parallax-section elementor-column elementor-col-50 elementor-top-column elementor-element elementor-element-512a8ba8\" data-id=\"512a8ba8\" data-element_type=\"column\">\n\t\t\t<div class=\"elementor-widget-wrap\">\n\t\t\t\t\t\t\t<\/div>\n\t\t<\/div>\n\t\t\t\t\t<\/div>\n\t\t<\/section>\n\t\t\t\t<section class=\"elementor-section elementor-top-section elementor-element elementor-element-ea71131 elementor-section-boxed elementor-section-height-default elementor-section-height-default\" data-id=\"ea71131\" data-element_type=\"section\">\n\t\t\t\t\t\t<div class=\"elementor-container elementor-column-gap-default\">\n\t\t\t\t\t<div class=\"aux-parallax-section elementor-column elementor-col-100 elementor-top-column elementor-element elementor-element-6b66562\" data-id=\"6b66562\" data-element_type=\"column\">\n\t\t\t<div class=\"elementor-widget-wrap elementor-element-populated\">\n\t\t\t\t\t\t<div class=\"elementor-element elementor-element-c20883d elementor-widget elementor-widget-aux_modern_heading\" data-id=\"c20883d\" data-element_type=\"widget\" data-widget_type=\"aux_modern_heading.default\">\n\t\t\t\t<div class=\"elementor-widget-container\">\n\t\t\t\t\t<section class=\"aux-widget-modern-heading\">\n            <div class=\"aux-widget-inner\"><h2 class=\"aux-modern-heading-primary\">High quality Refrigerated Sea Water system<\/h2><div class=\"aux-modern-heading-divider\"><\/div><\/div>\n        <\/section>\t\t\t\t<\/div>\n\t\t\t\t<\/div>\n\t\t\t\t<div class=\"elementor-element elementor-element-c51ce08 elementor-widget elementor-widget-text-editor\" data-id=\"c51ce08\" data-element_type=\"widget\" data-widget_type=\"text-editor.default\">\n\t\t\t\t<div class=\"elementor-widget-container\">\n\t\t\t\t\t\t\t\t\t<div class=\"fusion-fullwidth fullwidth-box fusion-fullwidth-1 fusion-parallax-fixed nonhundred-percent-fullwidth faded-background\"><div class=\"fusion-row\"><p>K\u00e6ling offers sea coolers of high quality, designed for those who want to use modern technology to optimize the catch value and maintain peak product quality.<\/p><p>Sea coolers are used on many levels in the food production, both on sea and land to enhance the quality of the catch and to ensure the freshness of the products. Proper cooling technique slows down the growth of bacteria and reduces the activity of enzymes in the catch.<\/p><p>Sea coolers are used to cool the fish<br \/>after gutting and washing, before it is placed in the hold. By using sea coolers, the catch can be cooled beneath 0\u00b0C before being iced into fish tubs<br \/>below deck.<\/p><p>By cooling the fish instantly into chilled tanks with cold sea, the ice required for the catch is minimized. Where sea temperature is high it is necessary to cool the fish down to 0 \u2013 2\u00b0C before it goes into slurry ice.<\/p><div class=\"fusion-section-separator section-separator\"><div class=\"divider-candy-arrow\">\u00a0<\/div><div class=\"divider-candy\">\u00a0<\/div><\/div><\/div><\/div><div class=\"fusion-fullwidth fullwidth-box fusion-fullwidth-2 fusion-parallax-fixed nonhundred-percent-fullwidth faded-background\"><div class=\"fullwidth-faded\">\u00a0<\/div><div class=\"fusion-row\"><h1 data-fontsize=\"33\" data-lineheight=\"47\">Key Benefits<\/h1><ul><li>Sea Coolers cool the fish after gutting and washing, minimizing bacteria growth and enzyme activity.<\/li><li>Increased Shelf Life with rapid chilling and exact temperature control.<\/li><li>The catch can be cooled beneath 0\u00b0C before icing.<\/li><li>Limits ice requirements on board.<\/li><li>Maximizes the flow (Max Flow).<\/li><\/ul><div class=\"fusion-fullwidth fullwidth-box fusion-fullwidth-4 fusion-parallax-fixed nonhundred-percent-fullwidth faded-background\"><div class=\"fusion-row\"><h1 data-fontsize=\"33\" data-lineheight=\"47\">Perfect Tempurature Control<\/h1><p>A traditional sea cooler includes a<br \/>cooling compressor, driven by 3-phase electricity, condenser and a titanium pre-cooler. Flow valves and control valves are placed on a frame with a built-in control panel. The panel can be placed in other parts of the ship where space is limited.<\/p><p>Sea coolers can cool the sea down below 0\u00b0 C or to -1.5\u00b0 C depending on the temperature desired.<\/p><div class=\"fusion-section-separator section-separator\"><div class=\"divider-candy-arrow\">\u00a0<\/div><div class=\"divider-candy\">\u00a0<\/div><\/div><\/div><\/div><div class=\"fusion-fullwidth fullwidth-box fusion-fullwidth-5 fusion-parallax-fixed nonhundred-percent-fullwidth faded-background\"><div class=\"fullwidth-faded\">\u00a0<\/div><div class=\"fusion-row\"><h1 data-fontsize=\"33\" data-lineheight=\"47\">Connecting Sea Coolers and Slurry Ice Systems, and their operational factors<\/h1><p>Under most conditions, a sea cooler is connected to a slurry ice machine when the seawater temperature is high, or when high volume thin ice is needed. Computer-controlled sensors and specialized software oversee lowering of the seawater temperature to about 2\u00b0 C and then maximizing the slurry ice machine\u2019s performance.<\/p><div class=\"fusion-section-separator section-separator\"><div class=\"divider-candy-arrow\">\u00a0<\/div><div class=\"divider-candy\">\u00a0<\/div><\/div><\/div><\/div><div class=\"fusion-fullwidth fullwidth-box fusion-fullwidth-6 fusion-parallax-fixed nonhundred-percent-fullwidth faded-background\"><div class=\"fullwidth-faded\">\u00a0<\/div><div class=\"fusion-row\"><h1 data-fontsize=\"33\" data-lineheight=\"47\">Connecting Sea Coolers and Slurry Ice Systems, and their operational factors<\/h1><ul><li>Rapid and effective way of chilling.<\/li><li>Increased Shelf Life.<\/li><li>Varied possibilities of use.<\/li><li>Customized for clients.<\/li><li>Energy saving.<\/li><li>Time saving.<\/li><li>Easy to use.<\/li><\/ul><\/div><\/div><\/div><\/div>\t\t\t\t\t\t\t\t<\/div>\n\t\t\t\t<\/div>\n\t\t\t\t\t<\/div>\n\t\t<\/div>\n\t\t\t\t\t<\/div>\n\t\t<\/section>\n\t\t\t\t<section class=\"elementor-section elementor-top-section elementor-element elementor-element-52a118dc elementor-section-stretched elementor-section-boxed elementor-section-height-default elementor-section-height-default\" data-id=\"52a118dc\" data-element_type=\"section\" data-settings=\"{&quot;stretch_section&quot;:&quot;section-stretched&quot;,&quot;background_background&quot;:&quot;classic&quot;}\">\n\t\t\t\t\t\t<div class=\"elementor-container elementor-column-gap-default\">\n\t\t\t\t\t<div class=\"aux-parallax-section elementor-column elementor-col-50 elementor-top-column elementor-element elementor-element-7320061d\" data-id=\"7320061d\" data-element_type=\"column\">\n\t\t\t<div class=\"elementor-widget-wrap elementor-element-populated\">\n\t\t\t\t\t\t<div class=\"elementor-element elementor-element-139972a5 elementor-widget elementor-widget-aux_modern_heading\" data-id=\"139972a5\" data-element_type=\"widget\" data-widget_type=\"aux_modern_heading.default\">\n\t\t\t\t<div class=\"elementor-widget-container\">\n\t\t\t\t\t<section class=\"aux-widget-modern-heading\">\n            <div class=\"aux-widget-inner\"><h2 class=\"aux-modern-heading-primary\">K\u00e6ling offers RSW - Refrigerated Sea Water systems <\/h2><\/div>\n        <\/section>\t\t\t\t<\/div>\n\t\t\t\t<\/div>\n\t\t\t\t\t<\/div>\n\t\t<\/div>\n\t\t\t\t<div class=\"aux-parallax-section elementor-column elementor-col-50 elementor-top-column elementor-element elementor-element-30471214\" data-id=\"30471214\" data-element_type=\"column\">\n\t\t\t<div class=\"elementor-widget-wrap elementor-element-populated\">\n\t\t\t\t\t\t<div class=\"elementor-element elementor-element-ce0de5f elementor-widget elementor-widget-text-editor\" data-id=\"ce0de5f\" data-element_type=\"widget\" data-widget_type=\"text-editor.default\">\n\t\t\t\t<div class=\"elementor-widget-container\">\n\t\t\t\t\t\t\t\t\t<p>Whether you have small boat or a large trawler, we have first grade cooling solutions.<\/p>\n\t\t\t\t\t\t\t\t<\/div>\n\t\t\t\t<\/div>\n\t\t\t\t\t<\/div>\n\t\t<\/div>\n\t\t\t\t\t<\/div>\n\t\t<\/section>\n\t\t\t\t<section class=\"elementor-section elementor-top-section elementor-element elementor-element-2cc6a09c elementor-section-boxed elementor-section-height-default elementor-section-height-default\" data-id=\"2cc6a09c\" data-element_type=\"section\">\n\t\t\t\t\t\t<div class=\"elementor-container elementor-column-gap-default\">\n\t\t\t\t\t<div class=\"aux-parallax-section elementor-column elementor-col-100 elementor-top-column elementor-element elementor-element-45abe654\" data-id=\"45abe654\" data-element_type=\"column\">\n\t\t\t<div class=\"elementor-widget-wrap elementor-element-populated\">\n\t\t\t\t\t\t\t<\/div>\n\t\t<\/div>\n\t\t\t\t\t<\/div>\n\t\t<\/section>\n\t\t\t\t<section class=\"elementor-section elementor-top-section elementor-element elementor-element-bde6f55 elementor-section-boxed elementor-section-height-default elementor-section-height-default\" data-id=\"bde6f55\" data-element_type=\"section\">\n\t\t\t\t\t\t<div class=\"elementor-container elementor-column-gap-default\">\n\t\t\t\t\t<div class=\"aux-parallax-section elementor-column elementor-col-100 elementor-top-column elementor-element elementor-element-bcd8c12\" data-id=\"bcd8c12\" data-element_type=\"column\">\n\t\t\t<div class=\"elementor-widget-wrap\">\n\t\t\t\t\t\t\t<\/div>\n\t\t<\/div>\n\t\t\t\t\t<\/div>\n\t\t<\/section>\n\t\t\t\t<\/div>\n\t\t","protected":false},"excerpt":{"rendered":"<p>RSW &#8211; Refrigerated Sea Water system High quality Refrigerated Sea Water system K\u00e6ling offers sea coolers of high quality, designed for those who want to use modern technology to optimize the catch value and maintain peak product quality. Sea coolers are used on many levels in the food production, both on sea and land to [&hellip;]<\/p>\n","protected":false},"author":2,"featured_media":2097,"parent":471,"menu_order":0,"comment_status":"closed","ping_status":"closed","template":"","meta":{"footnotes":""},"class_list":["post-2112","page","type-page","status-publish","has-post-thumbnail","hentry"],"yoast_head":"<!-- This site is optimized with the Yoast SEO plugin v24.4 - https:\/\/yoast.com\/wordpress\/plugins\/seo\/ -->\n<title>RSW system - Refrigerated Sea Water system<\/title>\n<meta name=\"description\" content=\"RSW system - Refrigerated Sea Water system. Cooling offers industrial cooling solutions for fisheries and other food industries.\" \/>\n<meta name=\"robots\" content=\"index, follow, max-snippet:-1, max-image-preview:large, max-video-preview:-1\" \/>\n<link rel=\"canonical\" href=\"https:\/\/cooling.is\/kaelibunadur\/hringrasarsjokaelar\/\" \/>\n<meta property=\"og:locale\" content=\"en_US\" \/>\n<meta property=\"og:type\" content=\"article\" \/>\n<meta property=\"og:title\" content=\"RSW system - Refrigerated Sea Water system\" \/>\n<meta property=\"og:description\" content=\"RSW system - Refrigerated Sea Water system. Cooling offers industrial cooling solutions for fisheries and other food industries.\" \/>\n<meta property=\"og:url\" content=\"https:\/\/cooling.is\/kaelibunadur\/hringrasarsjokaelar\/\" \/>\n<meta property=\"og:site_name\" content=\"K\u00e6ling k\u00e6lilausnir.\" \/>\n<meta property=\"article:modified_time\" content=\"2022-09-29T10:05:26+00:00\" \/>\n<meta property=\"og:image\" content=\"https:\/\/cooling.is\/wp-content\/uploads\/2021\/08\/RSW-130-Hringra\u0301sarsjo\u0301kaelir.jpg\" \/>\n\t<meta property=\"og:image:width\" content=\"800\" \/>\n\t<meta property=\"og:image:height\" content=\"800\" \/>\n\t<meta property=\"og:image:type\" content=\"image\/jpeg\" \/>\n<meta name=\"twitter:card\" content=\"summary_large_image\" \/>\n<meta name=\"twitter:label1\" content=\"Est. reading time\" \/>\n\t<meta name=\"twitter:data1\" content=\"2 minutes\" \/>\n<script type=\"application\/ld+json\" class=\"yoast-schema-graph\">{\"@context\":\"https:\/\/schema.org\",\"@graph\":[{\"@type\":\"WebPage\",\"@id\":\"https:\/\/cooling.is\/kaelibunadur\/hringrasarsjokaelar\/\",\"url\":\"https:\/\/cooling.is\/kaelibunadur\/hringrasarsjokaelar\/\",\"name\":\"RSW system - Refrigerated Sea Water system\",\"isPartOf\":{\"@id\":\"https:\/\/cooling.is\/#website\"},\"primaryImageOfPage\":{\"@id\":\"https:\/\/cooling.is\/kaelibunadur\/hringrasarsjokaelar\/#primaryimage\"},\"image\":{\"@id\":\"https:\/\/cooling.is\/kaelibunadur\/hringrasarsjokaelar\/#primaryimage\"},\"thumbnailUrl\":\"https:\/\/cooling.is\/wp-content\/uploads\/2021\/08\/RSW-130-Hringra\u0301sarsjo\u0301kaelir.jpg\",\"datePublished\":\"2022-07-16T17:14:54+00:00\",\"dateModified\":\"2022-09-29T10:05:26+00:00\",\"description\":\"RSW system - Refrigerated Sea Water system. Cooling offers industrial cooling solutions for fisheries and other food industries.\",\"breadcrumb\":{\"@id\":\"https:\/\/cooling.is\/kaelibunadur\/hringrasarsjokaelar\/#breadcrumb\"},\"inLanguage\":\"en-US\",\"potentialAction\":[{\"@type\":\"ReadAction\",\"target\":[\"https:\/\/cooling.is\/kaelibunadur\/hringrasarsjokaelar\/\"]}]},{\"@type\":\"ImageObject\",\"inLanguage\":\"en-US\",\"@id\":\"https:\/\/cooling.is\/kaelibunadur\/hringrasarsjokaelar\/#primaryimage\",\"url\":\"https:\/\/cooling.is\/wp-content\/uploads\/2021\/08\/RSW-130-Hringra\u0301sarsjo\u0301kaelir.jpg\",\"contentUrl\":\"https:\/\/cooling.is\/wp-content\/uploads\/2021\/08\/RSW-130-Hringra\u0301sarsjo\u0301kaelir.jpg\",\"width\":800,\"height\":800,\"caption\":\"Hringr\u00e1sarsj\u00f3k\u00e6lar RSW system Recirclelated Sea Water system\"},{\"@type\":\"BreadcrumbList\",\"@id\":\"https:\/\/cooling.is\/kaelibunadur\/hringrasarsjokaelar\/#breadcrumb\",\"itemListElement\":[{\"@type\":\"ListItem\",\"position\":1,\"name\":\"Home\",\"item\":\"https:\/\/cooling.is\/\"},{\"@type\":\"ListItem\",\"position\":2,\"name\":\"Industry Cooling Equipment\",\"item\":\"https:\/\/cooling.is\/kaelibunadur\/\"},{\"@type\":\"ListItem\",\"position\":3,\"name\":\"RSW system\"}]},{\"@type\":\"WebSite\",\"@id\":\"https:\/\/cooling.is\/#website\",\"url\":\"https:\/\/cooling.is\/\",\"name\":\"K\u00e6ling k\u00e6lilausnir.\",\"description\":\"Alhli\u00f0a k\u00e6lilausnir fyrir sj\u00e1var\u00fatveg og matv\u00e6lai\u00f0na\u00f0\",\"publisher\":{\"@id\":\"https:\/\/cooling.is\/#organization\"},\"potentialAction\":[{\"@type\":\"SearchAction\",\"target\":{\"@type\":\"EntryPoint\",\"urlTemplate\":\"https:\/\/cooling.is\/?s={search_term_string}\"},\"query-input\":{\"@type\":\"PropertyValueSpecification\",\"valueRequired\":true,\"valueName\":\"search_term_string\"}}],\"inLanguage\":\"en-US\"},{\"@type\":\"Organization\",\"@id\":\"https:\/\/cooling.is\/#organization\",\"name\":\"K\u00e6ling\",\"url\":\"https:\/\/cooling.is\/\",\"logo\":{\"@type\":\"ImageObject\",\"inLanguage\":\"en-US\",\"@id\":\"https:\/\/cooling.is\/#\/schema\/logo\/image\/\",\"url\":\"https:\/\/cooling.is\/wp-content\/uploads\/2018\/06\/kaeling_logo.svg\",\"contentUrl\":\"https:\/\/cooling.is\/wp-content\/uploads\/2018\/06\/kaeling_logo.svg\",\"width\":1907,\"height\":618,\"caption\":\"K\u00e6ling\"},\"image\":{\"@id\":\"https:\/\/cooling.is\/#\/schema\/logo\/image\/\"}}]}<\/script>\n<!-- \/ Yoast SEO plugin. -->","yoast_head_json":{"title":"RSW system - Refrigerated Sea Water system","description":"RSW system - Refrigerated Sea Water system. Cooling offers industrial cooling solutions for fisheries and other food industries.","robots":{"index":"index","follow":"follow","max-snippet":"max-snippet:-1","max-image-preview":"max-image-preview:large","max-video-preview":"max-video-preview:-1"},"canonical":"https:\/\/cooling.is\/kaelibunadur\/hringrasarsjokaelar\/","og_locale":"en_US","og_type":"article","og_title":"RSW system - Refrigerated Sea Water system","og_description":"RSW system - Refrigerated Sea Water system. Cooling offers industrial cooling solutions for fisheries and other food industries.","og_url":"https:\/\/cooling.is\/kaelibunadur\/hringrasarsjokaelar\/","og_site_name":"K\u00e6ling k\u00e6lilausnir.","article_modified_time":"2022-09-29T10:05:26+00:00","og_image":[{"width":800,"height":800,"url":"https:\/\/cooling.is\/wp-content\/uploads\/2021\/08\/RSW-130-Hringra\u0301sarsjo\u0301kaelir.jpg","type":"image\/jpeg"}],"twitter_card":"summary_large_image","twitter_misc":{"Est. reading time":"2 minutes"},"schema":{"@context":"https:\/\/schema.org","@graph":[{"@type":"WebPage","@id":"https:\/\/cooling.is\/kaelibunadur\/hringrasarsjokaelar\/","url":"https:\/\/cooling.is\/kaelibunadur\/hringrasarsjokaelar\/","name":"RSW system - Refrigerated Sea Water system","isPartOf":{"@id":"https:\/\/cooling.is\/#website"},"primaryImageOfPage":{"@id":"https:\/\/cooling.is\/kaelibunadur\/hringrasarsjokaelar\/#primaryimage"},"image":{"@id":"https:\/\/cooling.is\/kaelibunadur\/hringrasarsjokaelar\/#primaryimage"},"thumbnailUrl":"https:\/\/cooling.is\/wp-content\/uploads\/2021\/08\/RSW-130-Hringra\u0301sarsjo\u0301kaelir.jpg","datePublished":"2022-07-16T17:14:54+00:00","dateModified":"2022-09-29T10:05:26+00:00","description":"RSW system - Refrigerated Sea Water system. Cooling offers industrial cooling solutions for fisheries and other food industries.","breadcrumb":{"@id":"https:\/\/cooling.is\/kaelibunadur\/hringrasarsjokaelar\/#breadcrumb"},"inLanguage":"en-US","potentialAction":[{"@type":"ReadAction","target":["https:\/\/cooling.is\/kaelibunadur\/hringrasarsjokaelar\/"]}]},{"@type":"ImageObject","inLanguage":"en-US","@id":"https:\/\/cooling.is\/kaelibunadur\/hringrasarsjokaelar\/#primaryimage","url":"https:\/\/cooling.is\/wp-content\/uploads\/2021\/08\/RSW-130-Hringra\u0301sarsjo\u0301kaelir.jpg","contentUrl":"https:\/\/cooling.is\/wp-content\/uploads\/2021\/08\/RSW-130-Hringra\u0301sarsjo\u0301kaelir.jpg","width":800,"height":800,"caption":"Hringr\u00e1sarsj\u00f3k\u00e6lar RSW system Recirclelated Sea Water system"},{"@type":"BreadcrumbList","@id":"https:\/\/cooling.is\/kaelibunadur\/hringrasarsjokaelar\/#breadcrumb","itemListElement":[{"@type":"ListItem","position":1,"name":"Home","item":"https:\/\/cooling.is\/"},{"@type":"ListItem","position":2,"name":"Industry Cooling Equipment","item":"https:\/\/cooling.is\/kaelibunadur\/"},{"@type":"ListItem","position":3,"name":"RSW system"}]},{"@type":"WebSite","@id":"https:\/\/cooling.is\/#website","url":"https:\/\/cooling.is\/","name":"K\u00e6ling k\u00e6lilausnir.","description":"Alhli\u00f0a k\u00e6lilausnir fyrir sj\u00e1var\u00fatveg og matv\u00e6lai\u00f0na\u00f0","publisher":{"@id":"https:\/\/cooling.is\/#organization"},"potentialAction":[{"@type":"SearchAction","target":{"@type":"EntryPoint","urlTemplate":"https:\/\/cooling.is\/?s={search_term_string}"},"query-input":{"@type":"PropertyValueSpecification","valueRequired":true,"valueName":"search_term_string"}}],"inLanguage":"en-US"},{"@type":"Organization","@id":"https:\/\/cooling.is\/#organization","name":"K\u00e6ling","url":"https:\/\/cooling.is\/","logo":{"@type":"ImageObject","inLanguage":"en-US","@id":"https:\/\/cooling.is\/#\/schema\/logo\/image\/","url":"https:\/\/cooling.is\/wp-content\/uploads\/2018\/06\/kaeling_logo.svg","contentUrl":"https:\/\/cooling.is\/wp-content\/uploads\/2018\/06\/kaeling_logo.svg","width":1907,"height":618,"caption":"K\u00e6ling"},"image":{"@id":"https:\/\/cooling.is\/#\/schema\/logo\/image\/"}}]}},"_links":{"self":[{"href":"https:\/\/cooling.is\/en\/wp-json\/wp\/v2\/pages\/2112","targetHints":{"allow":["GET"]}}],"collection":[{"href":"https:\/\/cooling.is\/en\/wp-json\/wp\/v2\/pages"}],"about":[{"href":"https:\/\/cooling.is\/en\/wp-json\/wp\/v2\/types\/page"}],"author":[{"embeddable":true,"href":"https:\/\/cooling.is\/en\/wp-json\/wp\/v2\/users\/2"}],"replies":[{"embeddable":true,"href":"https:\/\/cooling.is\/en\/wp-json\/wp\/v2\/comments?post=2112"}],"version-history":[{"count":18,"href":"https:\/\/cooling.is\/en\/wp-json\/wp\/v2\/pages\/2112\/revisions"}],"predecessor-version":[{"id":3317,"href":"https:\/\/cooling.is\/en\/wp-json\/wp\/v2\/pages\/2112\/revisions\/3317"}],"up":[{"embeddable":true,"href":"https:\/\/cooling.is\/en\/wp-json\/wp\/v2\/pages\/471"}],"wp:featuredmedia":[{"embeddable":true,"href":"https:\/\/cooling.is\/en\/wp-json\/wp\/v2\/media\/2097"}],"wp:attachment":[{"href":"https:\/\/cooling.is\/en\/wp-json\/wp\/v2\/media?parent=2112"}],"curies":[{"name":"wp","href":"https:\/\/api.w.org\/{rel}","templated":true}]}}